{"id":256,"date":"2025-09-17T09:23:10","date_gmt":"2025-09-17T07:23:10","guid":{"rendered":"https:\/\/boreait.com\/hu\/?post_type=product&#038;p=256"},"modified":"2025-09-17T09:23:22","modified_gmt":"2025-09-17T07:23:22","slug":"toshiba-satellite-l70-c-l70-c-106-l75-alap-alvaz-h000081930-j0115-b06-billentyuzet","status":"publish","type":"product","link":"https:\/\/boreait.com\/hu\/termek\/toshiba-satellite-l70-c-l70-c-106-l75-alap-alvaz-h000081930-j0115-b06-billentyuzet\/","title":{"rendered":"Toshiba Satellite L70-C L70-C-106 L75 alap alv\u00e1z H000081930 (J0115) B06 + BILLENTY\u0170ZET"},"content":{"rendered":"<p><strong>UGYANAZ, MINT A FOT\u00d3N! BILLENTY\u0170ZET TARTALMAZ!<\/strong><\/p>\n<p>A Toshiba Satellite L70-C, L70-C-106 \u00e9s L75 H000081930 (J0115) B06 alap alv\u00e1z egy eredeti cserealkatr\u00e9sz, amelyet kifejezetten a Toshiba Satellite L70-C, L70 \u00e9s L70-C-10 laptopok als\u00f3 alv\u00e1z\u00e1hoz terveztek. Ezt a cserealkatr\u00e9szt a Toshiba gy\u00e1rtja kiv\u00e1l\u00f3 min\u0151s\u00e9g\u0171 anyagokb\u00f3l a tart\u00f3ss\u00e1g \u00e9s a hossz\u00fa \u00e9lettartam \u00e9rdek\u00e9ben. K\u00f6nnyen telep\u00edthet\u0151, \u00e9s minden sz\u00fcks\u00e9ges alkatr\u00e9szt tartalmaz a probl\u00e9mamentes cser\u00e9hez.<\/p>\n<p>A H000081930 (J0115) B06 als\u00f3 als\u00f3 h\u00e1z haszn\u00e1lat\u00e1val vissza\u00e1ll\u00edthatja laptopja funkcionalit\u00e1s\u00e1t, \u00e9s biztos\u00edthatja, hogy az eredeti h\u00e1zzal megegyez\u0151 teljes\u00edtm\u00e9nyt ny\u00fajtson. Ez a cserealkatr\u00e9sz egy eredeti Toshiba term\u00e9k, ami azt jelenti, hogy megb\u00edzhat benne, hogy t\u00f6k\u00e9letesen m\u0171k\u00f6dik laptopj\u00e1val. Legyen \u00d6n profi, akinek megb\u00edzhat\u00f3 laptopra van sz\u00fcks\u00e9ge a munk\u00e1hoz, vagy di\u00e1k, akinek laptopra van sz\u00fcks\u00e9ge a tanul\u00e1shoz, a Toshiba Satellite L70-C, L70-C-106 \u00e9s L75 Base Bottom Chassis H000081930 (J0115) B06 kiv\u00e1l\u00f3 v\u00e1laszt\u00e1s laptopja tart\u00f3ss\u00e1g\u00e1nak \u00e9s teljes\u00edtm\u00e9ny\u00e9nek meg\u0151rz\u00e9s\u00e9hez.<\/p>\n","protected":false},"excerpt":{"rendered":"<p>A Toshiba Satellite L70-C, L70-C-106 \u00e9s L75 H000081930 (J0115) B06 alap alv\u00e1z a Toshiba \u00e1ltal gy\u00e1rtott cserealkatr\u00e9sz a Toshiba Satellite L70-C, L70-C-106 \u00e9s L70 laptopok als\u00f3 alv\u00e1z\u00e1hoz. Ez az eredeti cserealkatr\u00e9sz \u00fagy k\u00e9sz\u00fclt, hogy ellen\u00e1lljon a mindennapi kop\u00e1snak, \u00e9s kiv\u00e1l\u00f3 min\u0151s\u00e9g\u0171 anyagokb\u00f3l k\u00e9sz\u00fcl. K\u00f6nnyen felszerelhet\u0151, a H000081930 (J0115) B06 als\u00f3 alv\u00e1z minden sz\u00fcks\u00e9ges alkatr\u00e9szt tartalmaz a gyors \u00e9s probl\u00e9mamentes csere \u00e9rdek\u00e9ben. Ennek a cserealkatr\u00e9sznek a haszn\u00e1lat\u00e1val vissza\u00e1ll\u00edthatja laptopja funkcionalit\u00e1s\u00e1t, \u00e9s biztos\u00edthatja, hogy az eredeti h\u00e1zzal megegyez\u0151 teljes\u00edtm\u00e9nyt ny\u00fajtson.<\/p>\n","protected":false},"featured_media":287,"template":"","meta":[],"product_brand":[],"product_cat":[16],"product_tag":[34],"class_list":{"0":"post-256","1":"product","2":"type-product","3":"status-publish","4":"has-post-thumbnail","6":"product_cat-laptop-housing","7":"product_tag-toshiba","9":"first","10":"instock","11":"taxable","12":"shipping-taxable","13":"purchasable","14":"product-type-simple"},"_links":{"self":[{"href":"https:\/\/boreait.com\/hu\/wp-json\/wp\/v2\/product\/256","targetHints":{"allow":["GET"]}}],"collection":[{"href":"https:\/\/boreait.com\/hu\/wp-json\/wp\/v2\/product"}],"about":[{"href":"https:\/\/boreait.com\/hu\/wp-json\/wp\/v2\/types\/product"}],"wp:featuredmedia":[{"embeddable":true,"href":"https:\/\/boreait.com\/hu\/wp-json\/wp\/v2\/media\/287"}],"wp:attachment":[{"href":"https:\/\/boreait.com\/hu\/wp-json\/wp\/v2\/media?parent=256"}],"wp:term":[{"taxonomy":"product_brand","embeddable":true,"href":"https:\/\/boreait.com\/hu\/wp-json\/wp\/v2\/product_brand?post=256"},{"taxonomy":"product_cat","embeddable":true,"href":"https:\/\/boreait.com\/hu\/wp-json\/wp\/v2\/product_cat?post=256"},{"taxonomy":"product_tag","embeddable":true,"href":"https:\/\/boreait.com\/hu\/wp-json\/wp\/v2\/product_tag?post=256"}],"curies":[{"name":"wp","href":"https:\/\/api.w.org\/{rel}","templated":true}]}}