{"id":255,"date":"2025-09-17T09:23:09","date_gmt":"2025-09-17T07:23:09","guid":{"rendered":"https:\/\/boreait.com\/hu\/?post_type=product&#038;p=255"},"modified":"2025-09-17T09:23:22","modified_gmt":"2025-09-17T07:23:22","slug":"toshiba-satellite-l70-c-l70-c-106-l75-alap-alvaz-h000081930-j0115-b06","status":"publish","type":"product","link":"https:\/\/boreait.com\/hu\/termek\/toshiba-satellite-l70-c-l70-c-106-l75-alap-alvaz-h000081930-j0115-b06\/","title":{"rendered":"Toshiba Satellite L70-C L70-C-106 L75 alap alv\u00e1z H000081930 (J0115) B06"},"content":{"rendered":"<p>A Toshiba Satellite L70-C, L70-C-106 \u00e9s L75 H000081930 (J0115) B06 alap alv\u00e1z egy eredeti cserealkatr\u00e9sz a fent eml\u00edtett laptopmodellek als\u00f3 alv\u00e1z\u00e1hoz. A Toshiba gy\u00e1rtja, \u00e9s \u00fagy tervezt\u00e9k, hogy t\u00f6k\u00e9letesen illeszkedjen az L70-C, L70-C-106 \u00e9s L75 laptopokhoz. Az alv\u00e1z kiv\u00e1l\u00f3 min\u0151s\u00e9g\u0171 anyagokb\u00f3l k\u00e9sz\u00fclt, \u00e9s \u00fagy k\u00e9sz\u00fclt, hogy ellen\u00e1lljon a mindennapi haszn\u00e1lat ig\u00e9nybev\u00e9tel\u00e9nek.<\/p>\n<p>A H000081930 (J0115) B06 alap alv\u00e1z k\u00f6nnyen felszerelhet\u0151, \u00e9s minden sz\u00fcks\u00e9ges alkatr\u00e9szt tartalmaz a gyors \u00e9s probl\u00e9mamentes cser\u00e9hez. Ez egy eredeti Toshiba alkatr\u00e9sz, \u00edgy biztos lehet benne, hogy t\u00f6k\u00e9letesen m\u0171k\u00f6dik laptopj\u00e1val, \u00e9s ugyanolyan szint\u0171 teljes\u00edtm\u00e9nyt \u00e9s megb\u00edzhat\u00f3s\u00e1got biztos\u00edt, mint az eredeti h\u00e1z.<\/p>\n<p>Ezzel a cserealkatr\u00e9szrel vissza\u00e1ll\u00edthatja Toshiba Satellite laptopja m\u0171k\u00f6d\u00e9s\u00e9t, \u00e9s k\u00e9sedelem n\u00e9lk\u00fcl visszat\u00e9rhet munk\u00e1j\u00e1hoz vagy sz\u00f3rakoz\u00e1s\u00e1hoz. Legyen sz\u00f3 profir\u00f3l, akinek megb\u00edzhat\u00f3 laptopra van sz\u00fcks\u00e9ge munk\u00e1hoz, vagy di\u00e1knak, akinek laptopra van sz\u00fcks\u00e9ge tanul\u00e1shoz, a Toshiba Satellite L70-C, L70-C-106 \u00e9s L75 Base Bottom Chassis H000081930 (J0115) B06 kiv\u00e1l\u00f3 v\u00e1laszt\u00e1s laptopja tart\u00f3ss\u00e1g\u00e1nak \u00e9s teljes\u00edtm\u00e9ny\u00e9nek meg\u0151rz\u00e9s\u00e9hez.<\/p>\n","protected":false},"excerpt":{"rendered":"<p>A Toshiba Satellite L70-C, L70-C-106 \u00e9s L75 H000081930 (J0115) B06 alap alv\u00e1z egy eredeti cserealkatr\u00e9sz, amelyet \u00fagy terveztek, hogy t\u00f6k\u00e9letesen illeszkedjen a Toshiba Satellite L70-C, L70 \u00e9s L70-C-10 laptopok als\u00f3 alv\u00e1z\u00e1hoz. A kiv\u00e1l\u00f3 min\u0151s\u00e9g\u0171 anyagokb\u00f3l k\u00e9sz\u00fclt cserealkatr\u00e9sz k\u00f6nnyen beszerelhet\u0151, \u00e9s ugyanolyan szint\u0171 teljes\u00edtm\u00e9nyt \u00e9s megb\u00edzhat\u00f3s\u00e1got biztos\u00edt, mint az eredeti alv\u00e1z. A H000081930 (J0115) B06 als\u00f3 als\u00f3 h\u00e1zzal gyorsan vissza\u00e1ll\u00edthatja laptopja funkcionalit\u00e1s\u00e1t, \u00e9s k\u00e9sedelem n\u00e9lk\u00fcl visszat\u00e9rhet a munk\u00e1hoz vagy a sz\u00f3rakoz\u00e1shoz.<\/p>\n","protected":false},"featured_media":286,"template":"","meta":[],"product_brand":[],"product_cat":[16],"product_tag":[34],"class_list":{"0":"post-255","1":"product","2":"type-product","3":"status-publish","4":"has-post-thumbnail","6":"product_cat-laptop-housing","7":"product_tag-toshiba","9":"first","10":"instock","11":"taxable","12":"shipping-taxable","13":"purchasable","14":"product-type-simple"},"_links":{"self":[{"href":"https:\/\/boreait.com\/hu\/wp-json\/wp\/v2\/product\/255","targetHints":{"allow":["GET"]}}],"collection":[{"href":"https:\/\/boreait.com\/hu\/wp-json\/wp\/v2\/product"}],"about":[{"href":"https:\/\/boreait.com\/hu\/wp-json\/wp\/v2\/types\/product"}],"wp:featuredmedia":[{"embeddable":true,"href":"https:\/\/boreait.com\/hu\/wp-json\/wp\/v2\/media\/286"}],"wp:attachment":[{"href":"https:\/\/boreait.com\/hu\/wp-json\/wp\/v2\/media?parent=255"}],"wp:term":[{"taxonomy":"product_brand","embeddable":true,"href":"https:\/\/boreait.com\/hu\/wp-json\/wp\/v2\/product_brand?post=255"},{"taxonomy":"product_cat","embeddable":true,"href":"https:\/\/boreait.com\/hu\/wp-json\/wp\/v2\/product_cat?post=255"},{"taxonomy":"product_tag","embeddable":true,"href":"https:\/\/boreait.com\/hu\/wp-json\/wp\/v2\/product_tag?post=255"}],"curies":[{"name":"wp","href":"https:\/\/api.w.org\/{rel}","templated":true}]}}