{"id":220,"date":"2025-09-17T09:22:47","date_gmt":"2025-09-17T07:22:47","guid":{"rendered":"https:\/\/boreait.com\/hu\/?post_type=product&#038;p=220"},"modified":"2026-01-14T08:06:51","modified_gmt":"2026-01-14T07:06:51","slug":"fujitsu-hp-wifi-intel-7260hmw-717381-001-717384-001-717382-001-784641-001-bt","status":"publish","type":"product","link":"https:\/\/boreait.com\/hu\/termek\/fujitsu-hp-wifi-intel-7260hmw-717381-001-717384-001-717382-001-784641-001-bt\/","title":{"rendered":"Fujitsu \/ HP wifi Intel 7260HMW 717381-001 717384-001 717382-001 784641-001 BT"},"content":{"rendered":"<p>A Fujitsu \/ HP WiFi Intel 7260HMW 717381-001 717384-001 717382-001 784641-001 BT egy vezet\u00e9k n\u00e9lk\u00fcli h\u00e1l\u00f3zati adapter, amelyet laptopokhoz \u00e9s egy\u00e9b PCI Express Mini k\u00e1rty\u00e1t t\u00e1mogat\u00f3 eszk\u00f6z\u00f6kh\u00f6z terveztek. Nagy sebess\u00e9g\u0171 vezet\u00e9k n\u00e9lk\u00fcli kapcsolatot \u00e9s Bluetooth-funkci\u00f3t biztos\u00edt, lehet\u0151v\u00e9 t\u00e9ve a felhaszn\u00e1l\u00f3k sz\u00e1m\u00e1ra, hogy vezet\u00e9k n\u00e9lk\u00fcl csatlakozzanak az internethez \u00e9s m\u00e1s Bluetooth-eszk\u00f6z\u00f6kh\u00f6z.<\/p>\n<p>Az olyan fejlett funkci\u00f3kkal, mint a k\u00e9ts\u00e1vos t\u00e1mogat\u00e1s, az Intel Wireless Display (WiDi) technol\u00f3gia \u00e9s a Bluetooth 4.0, a Fujitsu \/ HP WiFi Intel 7260HMW 717381-001 717384-001 717382-001 717382-001 784641-001 BT megb\u00edzhat\u00f3 \u00e9s hat\u00e9kony vezet\u00e9k n\u00e9lk\u00fcli megold\u00e1st k\u00edn\u00e1l a gyors \u00e9s hat\u00e9kony vezet\u00e9k n\u00e9lk\u00fcli felhaszn\u00e1l\u00f3k sz\u00e1m\u00e1ra. kapcsolat.<\/p>\n<p>A Fujitsu \/ HP WiFi Intel 7260HMW 717381-001 717384-001 717382-001 784641-001 BT telep\u00edt\u00e9se egyszer\u0171, \u00e9s sz\u00e1mos laptoppal \u00e9s egy\u00e9b eszk\u00f6zzel kompatibilis. Ez sokoldal\u00fa \u00e9s k\u00e9nyelmes lehet\u0151s\u00e9get k\u00edn\u00e1l azoknak a felhaszn\u00e1l\u00f3knak, akik vezet\u00e9k n\u00e9lk\u00fcli kapcsolatot \u00e9s Bluetooth-funkci\u00f3t ig\u00e9nyelnek eszk\u00f6zeikben.<\/p>\n","protected":false},"excerpt":{"rendered":"<p>A Fujitsu \/ HP WiFi Intel 7260HMW 717381-001 717384-001 717382-001 784641-001 BT egy vezet\u00e9k n\u00e9lk\u00fcli h\u00e1l\u00f3zati adapter, amelyet laptopokhoz \u00e9s egy\u00e9b PCI Express Mini k\u00e1rty\u00e1t t\u00e1mogat\u00f3 eszk\u00f6z\u00f6kh\u00f6z terveztek. Ez az adapter nagy sebess\u00e9g\u0171 vezet\u00e9k n\u00e9lk\u00fcli kapcsolatot \u00e9s Bluetooth funkci\u00f3t tesz lehet\u0151v\u00e9, lehet\u0151v\u00e9 t\u00e9ve a felhaszn\u00e1l\u00f3k sz\u00e1m\u00e1ra, hogy vezet\u00e9k n\u00e9lk\u00fcl csatlakozzanak az internethez \u00e9s m\u00e1s Bluetooth-eszk\u00f6z\u00f6kh\u00f6z.<\/p>\n<p>A Fujitsu \/ HP WiFi Intel 7260HMW 717381-001 717384-001 717382-001 784641-001 BT megb\u00edzhat\u00f3 \u00e9s hat\u00e9kony megold\u00e1s azoknak a felhaszn\u00e1l\u00f3knak, akiknek nagy sebess\u00e9g\u0171 vezet\u00e9k n\u00e9lk\u00fcli kapcsolatra van sz\u00fcks\u00e9g\u00fck. Fejlett funkci\u00f3ival, bele\u00e9rtve a k\u00e9ts\u00e1vos t\u00e1mogat\u00e1st, az Intel Wireless Display (WiDi) technol\u00f3gi\u00e1t \u00e9s a Bluetooth 4.0-t, ez az adapter gyors \u00e9s z\u00f6kken\u0151mentes csatlakoz\u00e1st biztos\u00edt.<\/p>\n<p>A Fujitsu \/ HP WiFi Intel 7260HMW 717381-001 717384-001 717382-001 784641-001 BT telep\u00edt\u00e9se egyszer\u0171, \u00e9s minim\u00e1lis m\u0171szaki ismereteket ig\u00e9nyel. Ez az adapter sokf\u00e9le laptoppal \u00e9s egy\u00e9b eszk\u00f6zzel kompatibilis, \u00edgy sokoldal\u00fa \u00e9s k\u00e9nyelmes megold\u00e1st jelent azoknak a felhaszn\u00e1l\u00f3knak, akik vezet\u00e9k n\u00e9lk\u00fcli kapcsolatot \u00e9s Bluetooth funkci\u00f3t ig\u00e9nyelnek.<\/p>\n","protected":false},"featured_media":284,"template":"","meta":[],"product_brand":[],"product_cat":[27],"product_tag":[28,25],"class_list":{"0":"post-220","1":"product","2":"type-product","3":"status-publish","4":"has-post-thumbnail","6":"product_cat-motherboards-board-parts","7":"product_tag-fujitsu","8":"product_tag-hp","10":"first","11":"instock","12":"taxable","13":"shipping-taxable","14":"purchasable","15":"product-type-simple"},"_links":{"self":[{"href":"https:\/\/boreait.com\/hu\/wp-json\/wp\/v2\/product\/220","targetHints":{"allow":["GET"]}}],"collection":[{"href":"https:\/\/boreait.com\/hu\/wp-json\/wp\/v2\/product"}],"about":[{"href":"https:\/\/boreait.com\/hu\/wp-json\/wp\/v2\/types\/product"}],"wp:featuredmedia":[{"embeddable":true,"href":"https:\/\/boreait.com\/hu\/wp-json\/wp\/v2\/media\/284"}],"wp:attachment":[{"href":"https:\/\/boreait.com\/hu\/wp-json\/wp\/v2\/media?parent=220"}],"wp:term":[{"taxonomy":"product_brand","embeddable":true,"href":"https:\/\/boreait.com\/hu\/wp-json\/wp\/v2\/product_brand?post=220"},{"taxonomy":"product_cat","embeddable":true,"href":"https:\/\/boreait.com\/hu\/wp-json\/wp\/v2\/product_cat?post=220"},{"taxonomy":"product_tag","embeddable":true,"href":"https:\/\/boreait.com\/hu\/wp-json\/wp\/v2\/product_tag?post=220"}],"curies":[{"name":"wp","href":"https:\/\/api.w.org\/{rel}","templated":true}]}}