{"id":219,"date":"2025-09-17T09:22:47","date_gmt":"2025-09-17T07:22:47","guid":{"rendered":"https:\/\/boreait.com\/hu\/?post_type=product&#038;p=219"},"modified":"2026-01-14T08:06:31","modified_gmt":"2026-01-14T07:06:31","slug":"hp-zbook-15-mobil-munkaallomas-156-smartcard-olvasokartya-dc04000fxa0-kabellel","status":"publish","type":"product","link":"https:\/\/boreait.com\/hu\/termek\/hp-zbook-15-mobil-munkaallomas-156-smartcard-olvasokartya-dc04000fxa0-kabellel\/","title":{"rendered":"HP Zbook 15 mobil munka\u00e1llom\u00e1s 15,6&#8243; SmartCard olvas\u00f3k\u00e1rtya DC04000FXA0 k\u00e1bellel"},"content":{"rendered":"<p>A HP Zbook 15 Mobile Workstation 15,6&#8243;-os SmartCard Reader Board DC04000FXA0 k\u00e1bellel egy eredeti cserealkatr\u00e9sz, amelyet a HP Zbook 15 Mobile Workstation laptophoz terveztek. Ez egy kompakt k\u00e1rtya, amely SmartCard olvas\u00f3val rendelkezik, amely egy olyan technol\u00f3gia, amely lehet\u0151v\u00e9 teszi az adatok biztons\u00e1gos hiteles\u00edt\u00e9s\u00e9t \u00e9s ellen\u0151rz\u00e9s\u00e9t.<\/p>\n<p>A SmartCard Reader Board DC04000FXA0 k\u00e1bellel az egyszer\u0171 telep\u00edt\u00e9shez k\u00e9sz\u00fclt, \u00e9s egy olyan k\u00e1bellel \u00e9rkezik, amellyel egyszer\u0171en csatlakoztathat\u00f3 a laptop alaplapj\u00e1hoz. Ez a t\u00e1bla kiv\u00e1l\u00f3 min\u0151s\u00e9g\u0171 anyagokb\u00f3l k\u00e9sz\u00fclt, \u00e9s tart\u00f3snak k\u00e9sz\u00fclt, megb\u00edzhat\u00f3 \u00e9s egyenletes teljes\u00edtm\u00e9nyt biztos\u00edtva.<\/p>\n<p>A SmartCard Reader Board DC04000FXA0 k\u00e1bellel a biztons\u00e1gos adathozz\u00e1f\u00e9r\u00e9s alapvet\u0151 \u00f6sszetev\u0151je, \u00e9s ide\u00e1lis azoknak a felhaszn\u00e1l\u00f3knak, akiknek munk\u00e1juk sor\u00e1n \u00e9rz\u00e9keny adatokhoz kell hozz\u00e1f\u00e9rni\u00fck. Ez a t\u00e1bla biztons\u00e1gos \u00e9s hat\u00e9kony m\u00f3dszert k\u00edn\u00e1l az adatokhoz val\u00f3 hozz\u00e1f\u00e9r\u00e9shez, cs\u00f6kkentve a jogosulatlan hozz\u00e1f\u00e9r\u00e9s \u00e9s az adatsziv\u00e1rg\u00e1s kock\u00e1zat\u00e1t. Prec\u00edz tervez\u00e9s\u00e9vel \u00e9s fel\u00e9p\u00edt\u00e9s\u00e9vel a SmartCard Reader Board DC04000FXA0 k\u00e1bellel megb\u00edzhat\u00f3 \u00e9s hat\u00e9kony SmartCard olvas\u00f3k\u00e1rtya megold\u00e1st k\u00edn\u00e1l a felhaszn\u00e1l\u00f3k sz\u00e1m\u00e1ra a HP Zbook 15 mobil munka\u00e1llom\u00e1shoz.<\/p>\n","protected":false},"excerpt":{"rendered":"<p>A HP Zbook 15 mobil munka\u00e1llom\u00e1s 15,6 h\u00fcvelykes SmartCard olvas\u00f3k\u00e1rtya DC04000FXA0 k\u00e1bellel a HP Zbook 15 mobil munka\u00e1llom\u00e1s laptophoz tervezett cserealkatr\u00e9sz. Ez a kompakt k\u00e1rtya SmartCard olvas\u00f3val rendelkezik, amely biztons\u00e1gos adathiteles\u00edt\u00e9st \u00e9s ellen\u0151rz\u00e9st tesz lehet\u0151v\u00e9.<\/p>\n<p>A SmartCard Reader Board DC04000FXA0 k\u00e1bellel k\u00f6nnyen telep\u00edthet\u0151, \u00e9s egy k\u00e1bellel sz\u00e1ll\u00edtjuk, amely a laptop alaplapj\u00e1hoz k\u00f6ti. Kiv\u00e1l\u00f3 min\u0151s\u00e9g\u0171 anyagokb\u00f3l k\u00e9sz\u00fclt, hogy megb\u00edzhat\u00f3 \u00e9s egyenletes teljes\u00edtm\u00e9nyt biztos\u00edtson, megb\u00edzhat\u00f3 \u00e9s hat\u00e9kony SmartCard olvas\u00f3k\u00e1rtya megold\u00e1st biztos\u00edtva a felhaszn\u00e1l\u00f3knak.<\/p>\n<p>Ez a t\u00e1bla elengedhetetlen a biztons\u00e1gos adathozz\u00e1f\u00e9r\u00e9shez, \u00e9s ide\u00e1lis azoknak a felhaszn\u00e1l\u00f3knak, akiknek munk\u00e1juk sor\u00e1n \u00e9rz\u00e9keny adatokhoz kell hozz\u00e1f\u00e9rni\u00fck. A SmartCard Reader Board DC04000FXA0 k\u00e1bellel prec\u00edz tervez\u00e9s\u00e9vel \u00e9s fel\u00e9p\u00edt\u00e9s\u00e9vel biztons\u00e1gos \u00e9s hat\u00e9kony m\u00f3dszert k\u00edn\u00e1l az adatokhoz val\u00f3 hozz\u00e1f\u00e9r\u00e9shez, cs\u00f6kkentve a jogosulatlan hozz\u00e1f\u00e9r\u00e9s \u00e9s az adatsziv\u00e1rg\u00e1s kock\u00e1zat\u00e1t.<\/p>\n","protected":false},"featured_media":283,"template":"","meta":[],"product_brand":[],"product_cat":[16],"product_tag":[25],"class_list":{"0":"post-219","1":"product","2":"type-product","3":"status-publish","4":"has-post-thumbnail","6":"product_cat-laptop-housing","7":"product_tag-hp","9":"first","10":"instock","11":"taxable","12":"shipping-taxable","13":"purchasable","14":"product-type-simple"},"_links":{"self":[{"href":"https:\/\/boreait.com\/hu\/wp-json\/wp\/v2\/product\/219","targetHints":{"allow":["GET"]}}],"collection":[{"href":"https:\/\/boreait.com\/hu\/wp-json\/wp\/v2\/product"}],"about":[{"href":"https:\/\/boreait.com\/hu\/wp-json\/wp\/v2\/types\/product"}],"wp:featuredmedia":[{"embeddable":true,"href":"https:\/\/boreait.com\/hu\/wp-json\/wp\/v2\/media\/283"}],"wp:attachment":[{"href":"https:\/\/boreait.com\/hu\/wp-json\/wp\/v2\/media?parent=219"}],"wp:term":[{"taxonomy":"product_brand","embeddable":true,"href":"https:\/\/boreait.com\/hu\/wp-json\/wp\/v2\/product_brand?post=219"},{"taxonomy":"product_cat","embeddable":true,"href":"https:\/\/boreait.com\/hu\/wp-json\/wp\/v2\/product_cat?post=219"},{"taxonomy":"product_tag","embeddable":true,"href":"https:\/\/boreait.com\/hu\/wp-json\/wp\/v2\/product_tag?post=219"}],"curies":[{"name":"wp","href":"https:\/\/api.w.org\/{rel}","templated":true}]}}