{"id":218,"date":"2025-09-17T09:22:47","date_gmt":"2025-09-17T07:22:47","guid":{"rendered":"https:\/\/boreait.com\/hu\/?post_type=product&#038;p=218"},"modified":"2025-09-17T09:23:19","modified_gmt":"2025-09-17T07:23:19","slug":"hp-17-f-hangszoro-bal-es-jobb-oldali-keszlet-3by17tp00","status":"publish","type":"product","link":"https:\/\/boreait.com\/hu\/termek\/hp-17-f-hangszoro-bal-es-jobb-oldali-keszlet-3by17tp00\/","title":{"rendered":"HP 17-F hangsz\u00f3r\u00f3 bal \u00e9s jobb oldali k\u00e9szlet 3BY17TP00"},"content":{"rendered":"<p>A HP 17-F 3BY17TP00 bal \u00e9s jobb hangsz\u00f3r\u00f3k\u00e9szlet egy eredeti cserealkatr\u00e9sz, amelyet kifejezetten a HP 17-F laptophoz terveztek. Ez a k\u00e9szlet a bal \u00e9s a jobb oldali hangsz\u00f3r\u00f3kat is tartalmazza, \u00e9s kiv\u00e1l\u00f3 min\u0151s\u00e9g\u0171 anyagokb\u00f3l k\u00e9sz\u00fclt a kiv\u00e1l\u00f3 \u00e9s megb\u00edzhat\u00f3 hangteljes\u00edtm\u00e9ny \u00e9rdek\u00e9ben.<\/p>\n<p>A hangsz\u00f3r\u00f3k\u00e9szlet felszerel\u00e9se egyszer\u0171, \u00e9s nem ig\u00e9nyel speci\u00e1lis eszk\u00f6z\u00f6ket vagy m\u0171szaki szak\u00e9rtelmet. Prec\u00edz tervez\u00e9s\u00e9vel \u00e9s fel\u00e9p\u00edt\u00e9s\u00e9vel a HP 17-F 3BY17TP00 bal \u00e9s jobb hangsz\u00f3r\u00f3k\u00e9szlet kiv\u00e9teles hang\u00e9lm\u00e9nyt biztos\u00edt a felhaszn\u00e1l\u00f3knak mindk\u00e9t csatorn\u00e1r\u00f3l.<\/p>\n<p>A felhaszn\u00e1l\u00f3k ak\u00e1r zen\u00e9t hallgatnak, vide\u00f3kat n\u00e9znek, ak\u00e1r online konferenci\u00e1kon vesznek r\u00e9szt, ez a hangsz\u00f3r\u00f3k\u00e9szlet tiszta \u00e9s kiv\u00e1l\u00f3 min\u0151s\u00e9g\u0171 hangz\u00e1st biztos\u00edt. A 3BY17TP00 HP 17-F bal \u00e9s jobb hangsz\u00f3r\u00f3k\u00e9szlet ide\u00e1lis v\u00e1laszt\u00e1s mindazok sz\u00e1m\u00e1ra, akik kicser\u00e9lik a hib\u00e1s vagy s\u00e9r\u00fclt hangsz\u00f3r\u00f3kat, \u00e9s vissza akarj\u00e1k \u00e1ll\u00edtani HP 17-F laptopja teljes hangk\u00e9pess\u00e9g\u00e9t.<\/p>\n","protected":false},"excerpt":{"rendered":"<p>A 3BY17TP00 HP 17-F bal \u00e9s jobb hangsz\u00f3r\u00f3k\u00e9szlet a HP 17-F laptophoz tervezett cserealkatr\u00e9sz. Ez a k\u00e9szlet a bal \u00e9s a jobb oldali hangsz\u00f3r\u00f3kat is tartalmazza, \u00e9s kiv\u00e1l\u00f3 min\u0151s\u00e9g\u0171 anyagokb\u00f3l k\u00e9sz\u00fclt a megb\u00edzhat\u00f3 \u00e9s egyenletes hangteljes\u00edtm\u00e9ny \u00e9rdek\u00e9ben. A hangsz\u00f3r\u00f3k\u00e9szlet egyszer\u0171en telep\u00edthet\u0151, nem ig\u00e9nyel speci\u00e1lis szersz\u00e1mokat vagy m\u0171szaki ismereteket, \u00edgy k\u00e9nyelmes v\u00e1laszt\u00e1s a felhaszn\u00e1l\u00f3k sz\u00e1m\u00e1ra. Prec\u00edz tervez\u00e9s\u00e9vel \u00e9s fel\u00e9p\u00edt\u00e9s\u00e9vel a HP 17-F 3BY17TP00 bal \u00e9s jobb hangsz\u00f3r\u00f3k\u00e9szlet kiv\u00e1l\u00f3 hangmin\u0151s\u00e9get biztos\u00edt mindk\u00e9t csatorn\u00e1n, jav\u00edtva a felhaszn\u00e1l\u00f3 hang\u00e9lm\u00e9ny\u00e9t.<\/p>\n","protected":false},"featured_media":282,"template":"","meta":[],"product_brand":[],"product_cat":[18],"product_tag":[25],"class_list":{"0":"post-218","1":"product","2":"type-product","3":"status-publish","4":"has-post-thumbnail","6":"product_cat-laptop-speakers","7":"product_tag-hp","9":"first","10":"instock","11":"taxable","12":"shipping-taxable","13":"purchasable","14":"product-type-simple"},"_links":{"self":[{"href":"https:\/\/boreait.com\/hu\/wp-json\/wp\/v2\/product\/218","targetHints":{"allow":["GET"]}}],"collection":[{"href":"https:\/\/boreait.com\/hu\/wp-json\/wp\/v2\/product"}],"about":[{"href":"https:\/\/boreait.com\/hu\/wp-json\/wp\/v2\/types\/product"}],"wp:featuredmedia":[{"embeddable":true,"href":"https:\/\/boreait.com\/hu\/wp-json\/wp\/v2\/media\/282"}],"wp:attachment":[{"href":"https:\/\/boreait.com\/hu\/wp-json\/wp\/v2\/media?parent=218"}],"wp:term":[{"taxonomy":"product_brand","embeddable":true,"href":"https:\/\/boreait.com\/hu\/wp-json\/wp\/v2\/product_brand?post=218"},{"taxonomy":"product_cat","embeddable":true,"href":"https:\/\/boreait.com\/hu\/wp-json\/wp\/v2\/product_cat?post=218"},{"taxonomy":"product_tag","embeddable":true,"href":"https:\/\/boreait.com\/hu\/wp-json\/wp\/v2\/product_tag?post=218"}],"curies":[{"name":"wp","href":"https:\/\/api.w.org\/{rel}","templated":true}]}}