{"id":217,"date":"2025-09-17T09:22:47","date_gmt":"2025-09-17T07:22:47","guid":{"rendered":"https:\/\/boreait.com\/hu\/?post_type=product&#038;p=217"},"modified":"2025-09-17T09:23:18","modified_gmt":"2025-09-17T07:23:18","slug":"eredeti-lenovo-thinkpad-t450-bal-es-jobb-hangszoro-keszlet-pk23000jj00","status":"publish","type":"product","link":"https:\/\/boreait.com\/hu\/termek\/eredeti-lenovo-thinkpad-t450-bal-es-jobb-hangszoro-keszlet-pk23000jj00\/","title":{"rendered":"Eredeti Lenovo ThinkPad T450 bal \u00e9s jobb hangsz\u00f3r\u00f3 k\u00e9szlet PK23000JJ00"},"content":{"rendered":"<p>Az eredeti Lenovo ThinkPad T450 bal \u00e9s amp; A PK23000JJ00 jobb oldali hangsz\u00f3r\u00f3k\u00e9szlet egy kifejezetten a Lenovo ThinkPad T450 laptophoz tervezett cserealkatr\u00e9sz. Mind a bal, mind a jobb oldali hangsz\u00f3r\u00f3kat tartalmazza, \u00e9s kiv\u00e1l\u00f3 min\u0151s\u00e9g\u0171 anyagokb\u00f3l k\u00e9sz\u00fclt, \u00edgy biztos\u00edtva a tart\u00f3s \u00e9s megb\u00edzhat\u00f3 teljes\u00edtm\u00e9nyt.<\/p>\n<p>Ez a hangsz\u00f3r\u00f3k\u00e9szlet k\u00f6nnyen telep\u00edthet\u0151, \u00e9s nem ig\u00e9nyel speci\u00e1lis eszk\u00f6z\u00f6ket vagy m\u0171szaki szak\u00e9rtelmet. Prec\u00edz tervez\u00e9s\u00e9vel \u00e9s fel\u00e9p\u00edt\u00e9s\u00e9vel az Eredeti Lenovo ThinkPad T450 Left &amp; A PK23000JJ00 jobb hangsz\u00f3r\u00f3k\u00e9szlet kiv\u00e1l\u00f3 hangmin\u0151s\u00e9get biztos\u00edt mindk\u00e9t csatorn\u00e1r\u00f3l.<\/p>\n<p>A felhaszn\u00e1l\u00f3k kiv\u00e1l\u00f3 min\u0151s\u00e9g\u0171 hangkimenetet \u00e9lvezhetnek k\u00fcl\u00f6nf\u00e9le alkalmaz\u00e1sokhoz, p\u00e9ld\u00e1ul multim\u00e9di\u00e1s adatfolyamokhoz vagy \u00fczleti prezent\u00e1ci\u00f3khoz. Az eredeti Lenovo ThinkPad T450 bal \u00e9s amp; A PK23000JJ00 jobb oldali hangsz\u00f3r\u00f3k\u00e9szlet ide\u00e1lis cserealkatr\u00e9sz mindazok sz\u00e1m\u00e1ra, akik kiv\u00e1l\u00f3 hang\u00e9lm\u00e9nyre v\u00e1gynak a Lenovo ThinkPad T450 k\u00e9sz\u00fcl\u00e9kkel.<\/p>\n","protected":false},"excerpt":{"rendered":"<p>Az eredeti Lenovo ThinkPad T450 bal \u00e9s amp; A PK23000JJ00 jobb oldali hangsz\u00f3r\u00f3k\u00e9szlet a Lenovo ThinkPad T450 laptophoz tervezett cserealkatr\u00e9sz. Bal \u00e9s jobb hangsz\u00f3r\u00f3kat is tartalmaz, \u00e9s kiv\u00e1l\u00f3 min\u0151s\u00e9g\u0171 anyagokb\u00f3l k\u00e9sz\u00fclt, hogy megb\u00edzhat\u00f3 \u00e9s egyenletes hangteljes\u00edtm\u00e9nyt biztos\u00edtson. A hangsz\u00f3r\u00f3k\u00e9szlet egyszer\u0171en telep\u00edthet\u0151, nem ig\u00e9nyel speci\u00e1lis szersz\u00e1mokat vagy m\u0171szaki ismereteket, \u00edgy k\u00e9nyelmes v\u00e1laszt\u00e1s a felhaszn\u00e1l\u00f3k sz\u00e1m\u00e1ra. Prec\u00edz tervez\u00e9s\u00e9vel \u00e9s fel\u00e9p\u00edt\u00e9s\u00e9vel az Eredeti Lenovo ThinkPad T450 Left &amp; A PK23000JJ00 jobb hangsz\u00f3r\u00f3k\u00e9szlet kiv\u00e1l\u00f3 hangmin\u0151s\u00e9get biztos\u00edt mindk\u00e9t csatorn\u00e1r\u00f3l, jav\u00edtva a felhaszn\u00e1l\u00f3 hang\u00e9lm\u00e9ny\u00e9t.<\/p>\n","protected":false},"featured_media":281,"template":"","meta":[],"product_brand":[],"product_cat":[18],"product_tag":[26],"class_list":{"0":"post-217","1":"product","2":"type-product","3":"status-publish","4":"has-post-thumbnail","6":"product_cat-laptop-speakers","7":"product_tag-lenovo","9":"first","10":"instock","11":"taxable","12":"shipping-taxable","13":"purchasable","14":"product-type-simple"},"_links":{"self":[{"href":"https:\/\/boreait.com\/hu\/wp-json\/wp\/v2\/product\/217","targetHints":{"allow":["GET"]}}],"collection":[{"href":"https:\/\/boreait.com\/hu\/wp-json\/wp\/v2\/product"}],"about":[{"href":"https:\/\/boreait.com\/hu\/wp-json\/wp\/v2\/types\/product"}],"wp:featuredmedia":[{"embeddable":true,"href":"https:\/\/boreait.com\/hu\/wp-json\/wp\/v2\/media\/281"}],"wp:attachment":[{"href":"https:\/\/boreait.com\/hu\/wp-json\/wp\/v2\/media?parent=217"}],"wp:term":[{"taxonomy":"product_brand","embeddable":true,"href":"https:\/\/boreait.com\/hu\/wp-json\/wp\/v2\/product_brand?post=217"},{"taxonomy":"product_cat","embeddable":true,"href":"https:\/\/boreait.com\/hu\/wp-json\/wp\/v2\/product_cat?post=217"},{"taxonomy":"product_tag","embeddable":true,"href":"https:\/\/boreait.com\/hu\/wp-json\/wp\/v2\/product_tag?post=217"}],"curies":[{"name":"wp","href":"https:\/\/api.w.org\/{rel}","templated":true}]}}