{"id":216,"date":"2025-09-17T09:22:47","date_gmt":"2025-09-17T07:22:47","guid":{"rendered":"https:\/\/boreait.com\/hu\/?post_type=product&#038;p=216"},"modified":"2026-01-14T08:06:11","modified_gmt":"2026-01-14T07:06:11","slug":"eredeti-sps-749653-001-hangszorokeszlet-hp-notebook-15-r213na-jobb-es-bal-oldalhoz","status":"publish","type":"product","link":"https:\/\/boreait.com\/hu\/termek\/eredeti-sps-749653-001-hangszorokeszlet-hp-notebook-15-r213na-jobb-es-bal-oldalhoz\/","title":{"rendered":"Eredeti SPS-749653-001 hangsz\u00f3r\u00f3k\u00e9szlet Hp Notebook 15-r213na jobb \u00e9s bal oldalhoz"},"content":{"rendered":"<p>Az eredeti SPS-749653-001 hangsz\u00f3r\u00f3k\u00e9szlet kifejezetten a HP 15-r213na notebook cserealkatr\u00e9sze. Tartalmazza a jobb \u00e9s a bal hangsug\u00e1rz\u00f3t is, \u00e9s kiv\u00e1l\u00f3 min\u0151s\u00e9g\u0171 anyagokb\u00f3l k\u00e9sz\u00fclt, hogy kiv\u00e1l\u00f3 teljes\u00edtm\u00e9nyt \u00e9s hossz\u00fa \u00e9lettartamot biztos\u00edtson.<\/p>\n<p>A hangsz\u00f3r\u00f3k\u00e9szlet egyszer\u0171en telep\u00edthet\u0151, nem ig\u00e9nyel speci\u00e1lis eszk\u00f6z\u00f6ket vagy m\u0171szaki ismereteket. Ha a s\u00e9r\u00fclt vagy hib\u00e1s hangsz\u00f3r\u00f3kat erre az Eredeti SPS-749653-001 k\u00e9szletre cser\u00e9li, a felhaszn\u00e1l\u00f3k \u00e9lvezhetik eszk\u00f6z\u00fck audiok\u00e9pess\u00e9geinek teljes sk\u00e1l\u00e1j\u00e1t.<\/p>\n<p>Ez a hangsz\u00f3r\u00f3k\u00e9szlet kiv\u00e1l\u00f3 min\u0151s\u00e9g\u0171 hangkimenetet biztos\u00edt mindk\u00e9t csatorn\u00e1n, \u00edgy ide\u00e1lis munkahelyi vagy sz\u00f3rakoz\u00e1si c\u00e9lokra. Legyen sz\u00f3 \u00fczleti prezent\u00e1ci\u00f3r\u00f3l, filmr\u0151l vagy zenei streamel\u00e9sr\u0151l, az eredeti SPS-749653-001 hangsz\u00f3r\u00f3k\u00e9szlet kiv\u00e1l\u00f3 v\u00e1laszt\u00e1s a HP Notebook 15-r213na felhaszn\u00e1l\u00f3k sz\u00e1m\u00e1ra, akik kiv\u00e1l\u00f3 min\u0151s\u00e9g\u0171 hang\u00e9lm\u00e9nyt keresnek.<\/p>\n","protected":false},"excerpt":{"rendered":"<p>Az eredeti SPS-749653-001 hangsz\u00f3r\u00f3k\u00e9szlet a HP Notebook 15-r213na cserealkatr\u00e9sze. Ez a k\u00e9szlet mind a bal, mind a jobb oldali hangsz\u00f3r\u00f3kat tartalmazza, \u00e9s kiv\u00e1l\u00f3 min\u0151s\u00e9g\u0171 anyagokb\u00f3l k\u00e9sz\u00fclt a megb\u00edzhat\u00f3 \u00e9s egyenletes teljes\u00edtm\u00e9ny \u00e9rdek\u00e9ben. A hangsz\u00f3r\u00f3k egyszer\u0171en, speci\u00e1lis szersz\u00e1mok vagy szak\u00e9rtelem n\u00e9lk\u00fcl telep\u00edthet\u0151k, \u00edgy ide\u00e1lis v\u00e1laszt\u00e1s b\u00e1rki sz\u00e1m\u00e1ra, aki hib\u00e1s vagy s\u00e9r\u00fclt hangsz\u00f3r\u00f3kat szeretne cser\u00e9lni. Ezzel a k\u00e9szlettel a felhaszn\u00e1l\u00f3k mindk\u00e9t csatorna kiv\u00e1l\u00f3 min\u0151s\u00e9g\u0171 hangj\u00e1t \u00e9lvezhetik munka vagy sz\u00f3rakoz\u00e1s c\u00e9lj\u00e1b\u00f3l.<\/p>\n","protected":false},"featured_media":280,"template":"","meta":[],"product_brand":[],"product_cat":[18],"product_tag":[25],"class_list":{"0":"post-216","1":"product","2":"type-product","3":"status-publish","4":"has-post-thumbnail","6":"product_cat-laptop-speakers","7":"product_tag-hp","9":"first","10":"instock","11":"taxable","12":"shipping-taxable","13":"purchasable","14":"product-type-simple"},"_links":{"self":[{"href":"https:\/\/boreait.com\/hu\/wp-json\/wp\/v2\/product\/216","targetHints":{"allow":["GET"]}}],"collection":[{"href":"https:\/\/boreait.com\/hu\/wp-json\/wp\/v2\/product"}],"about":[{"href":"https:\/\/boreait.com\/hu\/wp-json\/wp\/v2\/types\/product"}],"wp:featuredmedia":[{"embeddable":true,"href":"https:\/\/boreait.com\/hu\/wp-json\/wp\/v2\/media\/280"}],"wp:attachment":[{"href":"https:\/\/boreait.com\/hu\/wp-json\/wp\/v2\/media?parent=216"}],"wp:term":[{"taxonomy":"product_brand","embeddable":true,"href":"https:\/\/boreait.com\/hu\/wp-json\/wp\/v2\/product_brand?post=216"},{"taxonomy":"product_cat","embeddable":true,"href":"https:\/\/boreait.com\/hu\/wp-json\/wp\/v2\/product_cat?post=216"},{"taxonomy":"product_tag","embeddable":true,"href":"https:\/\/boreait.com\/hu\/wp-json\/wp\/v2\/product_tag?post=216"}],"curies":[{"name":"wp","href":"https:\/\/api.w.org\/{rel}","templated":true}]}}