{"id":215,"date":"2025-09-17T09:22:47","date_gmt":"2025-09-17T07:22:47","guid":{"rendered":"https:\/\/boreait.com\/hu\/?post_type=product&#038;p=215"},"modified":"2026-01-14T08:05:52","modified_gmt":"2026-01-14T07:05:52","slug":"594094-001-bal-es-jobb-hangszorokeszlet-hp-elite-book-8440p-keszulekhez","status":"publish","type":"product","link":"https:\/\/boreait.com\/hu\/termek\/594094-001-bal-es-jobb-hangszorokeszlet-hp-elite-book-8440p-keszulekhez\/","title":{"rendered":"594094-001 bal \u00e9s jobb hangsz\u00f3r\u00f3k\u00e9szlet HP Elite Book 8440p k\u00e9sz\u00fcl\u00e9khez"},"content":{"rendered":"<p>Az 594094-001 bal \u00e9s jobb hangsz\u00f3r\u00f3k\u00e9szlet egy eredeti cserealkatr\u00e9sz, amelyet kifejezetten a HP EliteBook 8440p laptophoz terveztek. Ez a k\u00e9szlet a bal \u00e9s a jobb oldali hangsz\u00f3r\u00f3kat is tartalmazza, \u00edgy mindk\u00e9t csatorn\u00e1r\u00f3l kiv\u00e1l\u00f3 min\u0151s\u00e9g\u0171 hangot \u00e9lvezhet.<\/p>\n<p>Ezek a hangsz\u00f3r\u00f3k egyszer\u0171en telep\u00edthet\u0151k, \u00e9s nem ig\u00e9nyelnek speci\u00e1lis szersz\u00e1mokat vagy szak\u00e9rtelmet, \u00edgy ide\u00e1lis v\u00e1laszt\u00e1s b\u00e1rki sz\u00e1m\u00e1ra, akinek hib\u00e1s vagy s\u00e9r\u00fclt hangsz\u00f3r\u00f3k\u00e9szletet kell cser\u00e9lnie. Tart\u00f3s fel\u00e9p\u00edt\u00e9s\u00fcknek \u00e9s prec\u00edz tervez\u00e9s\u00fcknek k\u00f6sz\u00f6nhet\u0151en ezek a hangsz\u00f3r\u00f3k megb\u00edzhat\u00f3 \u00e9s egyenletes teljes\u00edtm\u00e9nyt ny\u00fajtanak az elk\u00f6vetkez\u0151 \u00e9vekben.<\/p>\n<p>Ak\u00e1r munk\u00e1ra, ak\u00e1r sz\u00f3rakoz\u00e1sra vagy mindkett\u0151re haszn\u00e1lja laptopj\u00e1t, az 594094-001 bal \u00e9s jobb hangsz\u00f3r\u00f3k\u00e9szlet alapvet\u0151 \u00f6sszetev\u0151, amely seg\u00edt a legt\u00f6bbet kihozni eszk\u00f6z\u00e9b\u0151l. Ha teh\u00e1t \u00faj hangsz\u00f3r\u00f3k\u00e9szletre van sz\u00fcks\u00e9ge HP EliteBook 8440p k\u00e9sz\u00fcl\u00e9k\u00e9hez, ne keressen tov\u00e1bb, mint ez a kiv\u00e1l\u00f3 min\u0151s\u00e9g\u0171 cserealkatr\u00e9sz.<\/p>\n","protected":false},"excerpt":{"rendered":"<p>Az 594094-001 bal \u00e9s jobb hangsz\u00f3r\u00f3k\u00e9szlet a HP EliteBook 8440p laptophoz tervezett cserealkatr\u00e9sz. Mind a bal, mind a jobb oldali hangsz\u00f3r\u00f3kat tartalmazza, \u00e9s k\u00f6nnyen felszerelhet\u0151 speci\u00e1lis szersz\u00e1mok n\u00e9lk\u00fcl. A hangsz\u00f3r\u00f3k megb\u00edzhat\u00f3 \u00e9s egyenletes teljes\u00edtm\u00e9nyt ny\u00fajtanak, \u00edgy a munka \u00e9s a sz\u00f3rakoz\u00e1s elengedhetetlen alkatr\u00e9szei.<\/p>\n","protected":false},"featured_media":279,"template":"","meta":[],"product_brand":[],"product_cat":[18],"product_tag":[25],"class_list":{"0":"post-215","1":"product","2":"type-product","3":"status-publish","4":"has-post-thumbnail","6":"product_cat-laptop-speakers","7":"product_tag-hp","9":"first","10":"instock","11":"taxable","12":"shipping-taxable","13":"purchasable","14":"product-type-simple"},"_links":{"self":[{"href":"https:\/\/boreait.com\/hu\/wp-json\/wp\/v2\/product\/215","targetHints":{"allow":["GET"]}}],"collection":[{"href":"https:\/\/boreait.com\/hu\/wp-json\/wp\/v2\/product"}],"about":[{"href":"https:\/\/boreait.com\/hu\/wp-json\/wp\/v2\/types\/product"}],"wp:featuredmedia":[{"embeddable":true,"href":"https:\/\/boreait.com\/hu\/wp-json\/wp\/v2\/media\/279"}],"wp:attachment":[{"href":"https:\/\/boreait.com\/hu\/wp-json\/wp\/v2\/media?parent=215"}],"wp:term":[{"taxonomy":"product_brand","embeddable":true,"href":"https:\/\/boreait.com\/hu\/wp-json\/wp\/v2\/product_brand?post=215"},{"taxonomy":"product_cat","embeddable":true,"href":"https:\/\/boreait.com\/hu\/wp-json\/wp\/v2\/product_cat?post=215"},{"taxonomy":"product_tag","embeddable":true,"href":"https:\/\/boreait.com\/hu\/wp-json\/wp\/v2\/product_tag?post=215"}],"curies":[{"name":"wp","href":"https:\/\/api.w.org\/{rel}","templated":true}]}}