{"id":214,"date":"2025-09-17T09:22:47","date_gmt":"2025-09-17T07:22:47","guid":{"rendered":"https:\/\/boreait.com\/hu\/?post_type=product&#038;p=214"},"modified":"2025-09-17T09:23:16","modified_gmt":"2025-09-17T07:23:16","slug":"04w1412-hangszoro-lenovo-thinkpad-x220-hoz","status":"publish","type":"product","link":"https:\/\/boreait.com\/hu\/termek\/04w1412-hangszoro-lenovo-thinkpad-x220-hoz\/","title":{"rendered":"04W1412 Hangsz\u00f3r\u00f3 Lenovo ThinkPad X220-hoz"},"content":{"rendered":"<p>A 04W1412 hangsz\u00f3r\u00f3 egy eredeti Lenovo term\u00e9k, amelyet a ThinkPad X220 laptop cserehangsz\u00f3r\u00f3jak\u00e9nt terveztek. Ez egy kulcsfontoss\u00e1g\u00fa komponens, amely kiv\u00e1l\u00f3 min\u0151s\u00e9g\u0171 hangkimenetet biztos\u00edt sz\u00e1mos multim\u00e9di\u00e1s alkalmaz\u00e1shoz, p\u00e9ld\u00e1ul zen\u00e9hez, vide\u00f3khoz \u00e9s prezent\u00e1ci\u00f3khoz. A hangsz\u00f3r\u00f3 pr\u00e9mium min\u0151s\u00e9g\u0171 anyagokb\u00f3l k\u00e9sz\u00fclt a tart\u00f3ss\u00e1g \u00e9s a hossz\u00fa \u00e9lettartam \u00e9rdek\u00e9ben. A 04W1412 hangsz\u00f3r\u00f3 n\u00e9lk\u00fcl\u00f6zhetetlen cserealkatr\u00e9sz mindazok sz\u00e1m\u00e1ra, akiknek probl\u00e9m\u00e1i vannak a ThinkPad X220 laptop audiofunkci\u00f3ival, megb\u00edzhat\u00f3 \u00e9s k\u00f6lts\u00e9ghat\u00e9kony megold\u00e1st k\u00edn\u00e1lva az eszk\u00f6z hangmin\u0151s\u00e9g\u00e9nek helyre\u00e1ll\u00edt\u00e1s\u00e1ra.<\/p>\n","protected":false},"excerpt":{"rendered":"<p>A 04W1412 hangsz\u00f3r\u00f3 egy eredeti Lenovo cserehangsz\u00f3r\u00f3, amelyet a ThinkPad X220 laptophoz terveztek. A hangsz\u00f3r\u00f3 tiszta \u00e9s kiv\u00e1l\u00f3 min\u0151s\u00e9g\u0171 hangkimenetet biztos\u00edt k\u00fcl\u00f6nf\u00e9le multim\u00e9di\u00e1s alkalmaz\u00e1sokhoz, p\u00e9ld\u00e1ul zen\u00e9hez, vide\u00f3khoz \u00e9s prezent\u00e1ci\u00f3khoz. Kiv\u00e1l\u00f3 min\u0151s\u00e9g\u0171 anyagokb\u00f3l k\u00e9sz\u00fcl a tart\u00f3ss\u00e1g \u00e9s a megb\u00edzhat\u00f3s\u00e1g \u00e9rdek\u00e9ben. A 04W1412 hangsz\u00f3r\u00f3 n\u00e9lk\u00fcl\u00f6zhetetlen cserealkatr\u00e9sz azoknak, akik hangprobl\u00e9m\u00e1kkal k\u00fczdenek ThinkPad X220 laptopjukkal, \u00e9s k\u00f6lts\u00e9ghat\u00e9kony megold\u00e1st k\u00edn\u00e1l az eszk\u00f6z hangfunkci\u00f3inak vissza\u00e1ll\u00edt\u00e1s\u00e1ra.<\/p>\n","protected":false},"featured_media":277,"template":"","meta":[],"product_brand":[],"product_cat":[18],"product_tag":[26],"class_list":{"0":"post-214","1":"product","2":"type-product","3":"status-publish","4":"has-post-thumbnail","6":"product_cat-laptop-speakers","7":"product_tag-lenovo","9":"first","10":"instock","11":"taxable","12":"shipping-taxable","13":"purchasable","14":"product-type-simple"},"_links":{"self":[{"href":"https:\/\/boreait.com\/hu\/wp-json\/wp\/v2\/product\/214","targetHints":{"allow":["GET"]}}],"collection":[{"href":"https:\/\/boreait.com\/hu\/wp-json\/wp\/v2\/product"}],"about":[{"href":"https:\/\/boreait.com\/hu\/wp-json\/wp\/v2\/types\/product"}],"wp:featuredmedia":[{"embeddable":true,"href":"https:\/\/boreait.com\/hu\/wp-json\/wp\/v2\/media\/277"}],"wp:attachment":[{"href":"https:\/\/boreait.com\/hu\/wp-json\/wp\/v2\/media?parent=214"}],"wp:term":[{"taxonomy":"product_brand","embeddable":true,"href":"https:\/\/boreait.com\/hu\/wp-json\/wp\/v2\/product_brand?post=214"},{"taxonomy":"product_cat","embeddable":true,"href":"https:\/\/boreait.com\/hu\/wp-json\/wp\/v2\/product_cat?post=214"},{"taxonomy":"product_tag","embeddable":true,"href":"https:\/\/boreait.com\/hu\/wp-json\/wp\/v2\/product_tag?post=214"}],"curies":[{"name":"wp","href":"https:\/\/api.w.org\/{rel}","templated":true}]}}