{"id":213,"date":"2025-09-17T09:22:46","date_gmt":"2025-09-17T07:22:46","guid":{"rendered":"https:\/\/boreait.com\/hu\/?post_type=product&#038;p=213"},"modified":"2025-09-17T09:23:13","modified_gmt":"2025-09-17T07:23:13","slug":"dell-latitude-e5450-14-eredeti-bal-es-jobb-hangszorokeszlet-hangszorok-gkvp1","status":"publish","type":"product","link":"https:\/\/boreait.com\/hu\/termek\/dell-latitude-e5450-14-eredeti-bal-es-jobb-hangszorokeszlet-hangszorok-gkvp1\/","title":{"rendered":"Dell Latitude E5450 14&#8243; eredeti bal \u00e9s jobb hangsz\u00f3r\u00f3k\u00e9szlet hangsz\u00f3r\u00f3k GKVP1"},"content":{"rendered":"<p>A Dell Latitude E5450 14&#8243;-es eredeti bal \u00e9s jobb hangsz\u00f3r\u00f3k\u00e9szlet hangsz\u00f3r\u00f3i (GKVP1 cikksz\u00e1m) egy Dell Latitude E5450 laptopokhoz tervezett hangsz\u00f3r\u00f3k\u00e9szlet. Ezek a hangsz\u00f3r\u00f3k tiszta \u00e9s kiv\u00e1l\u00f3 min\u0151s\u00e9g\u0171 hangkimenetet biztos\u00edtanak k\u00fcl\u00f6nf\u00e9le multim\u00e9di\u00e1s alkalmaz\u00e1sokhoz, p\u00e9ld\u00e1ul zen\u00e9hez, vide\u00f3khoz \u00e9s prezent\u00e1ci\u00f3khoz. A k\u00e9szlet a Dell50 jobb \u00e9s bal oldali hangkimenetet egyar\u00e1nt tartalmazza. 14&#8243; Eredeti Bal &amp; A jobb oldali hangsz\u00f3r\u00f3k\u00e9szlet hangsz\u00f3r\u00f3i (alkatr\u00e9szsz\u00e1m: GKVP1) egy eredeti Dell term\u00e9k, amelyet kiv\u00e1l\u00f3 min\u0151s\u00e9g\u0171 anyagokb\u00f3l gy\u00e1rtanak a tart\u00f3ss\u00e1g \u00e9s a megb\u00edzhat\u00f3s\u00e1g \u00e9rdek\u00e9ben. Megfelel\u0151 telep\u00edt\u00e9s eset\u00e9n ez a hangsz\u00f3r\u00f3k\u00e9szlet jelent\u0151sen jav\u00edthatja a Dell Latitude E5450 laptopok hang\u00e9lm\u00e9ny\u00e9t. N\u00e9lk\u00fcl\u00f6zhetetlen cserealkatr\u00e9sz azok sz\u00e1m\u00e1ra, akik hangprobl\u00e9m\u00e1kkal szembes\u00fclnek Dell Latitude E5450 laptopjukkal.<\/p>\n","protected":false},"excerpt":{"rendered":"<p>A Dell Latitude E5450 14&#8243; eredeti bal \u00e9s jobb hangsz\u00f3r\u00f3k\u00e9szlet hangsz\u00f3r\u00f3i (GKVP1 cikksz\u00e1m) egy kiv\u00e1l\u00f3 min\u0151s\u00e9g\u0171 hangsz\u00f3r\u00f3k\u00e9szlet, amelyet Dell Latitude E5450 laptopokhoz terveztek. Bal \u00e9s jobb oldali hangsz\u00f3r\u00f3kat is tartalmaz, amelyek kiegyens\u00falyozott \u00e9s tiszta hangkimenetet biztos\u00edtanak k\u00fcl\u00f6nf\u00e9le multim\u00e9di\u00e1s alkalmaz\u00e1sokhoz, p\u00e9ld\u00e1ul zen\u00e9hez, vide\u00f3hoz, hangsz\u00f3r\u00f3hoz \u00e9s hangsz\u00f3r\u00f3hoz. kiv\u00e1l\u00f3 min\u0151s\u00e9g\u0171 anyagok, amelyek biztos\u00edtj\u00e1k a tart\u00f3ss\u00e1got \u00e9s a megb\u00edzhat\u00f3s\u00e1got. Aj\u00e1nlott cserealkatr\u00e9sz azok sz\u00e1m\u00e1ra, akik hangprobl\u00e9m\u00e1kkal k\u00fczdenek a Dell Latitude E5450 laptopjain.<\/p>\n","protected":false},"featured_media":276,"template":"","meta":[],"product_brand":[],"product_cat":[18],"product_tag":[17],"class_list":{"0":"post-213","1":"product","2":"type-product","3":"status-publish","4":"has-post-thumbnail","6":"product_cat-laptop-speakers","7":"product_tag-dell","9":"first","10":"instock","11":"taxable","12":"shipping-taxable","13":"purchasable","14":"product-type-simple"},"_links":{"self":[{"href":"https:\/\/boreait.com\/hu\/wp-json\/wp\/v2\/product\/213","targetHints":{"allow":["GET"]}}],"collection":[{"href":"https:\/\/boreait.com\/hu\/wp-json\/wp\/v2\/product"}],"about":[{"href":"https:\/\/boreait.com\/hu\/wp-json\/wp\/v2\/types\/product"}],"wp:featuredmedia":[{"embeddable":true,"href":"https:\/\/boreait.com\/hu\/wp-json\/wp\/v2\/media\/276"}],"wp:attachment":[{"href":"https:\/\/boreait.com\/hu\/wp-json\/wp\/v2\/media?parent=213"}],"wp:term":[{"taxonomy":"product_brand","embeddable":true,"href":"https:\/\/boreait.com\/hu\/wp-json\/wp\/v2\/product_brand?post=213"},{"taxonomy":"product_cat","embeddable":true,"href":"https:\/\/boreait.com\/hu\/wp-json\/wp\/v2\/product_cat?post=213"},{"taxonomy":"product_tag","embeddable":true,"href":"https:\/\/boreait.com\/hu\/wp-json\/wp\/v2\/product_tag?post=213"}],"curies":[{"name":"wp","href":"https:\/\/api.w.org\/{rel}","templated":true}]}}