{"id":212,"date":"2025-09-17T09:22:46","date_gmt":"2025-09-17T07:22:46","guid":{"rendered":"https:\/\/boreait.com\/hu\/?post_type=product&#038;p=212"},"modified":"2025-09-17T09:23:13","modified_gmt":"2025-09-17T07:23:13","slug":"lenovo-thinkpad-14-t460-bal-es-jobb-hangszorokeszlet-pk23000jj00","status":"publish","type":"product","link":"https:\/\/boreait.com\/hu\/termek\/lenovo-thinkpad-14-t460-bal-es-jobb-hangszorokeszlet-pk23000jj00\/","title":{"rendered":"Lenovo Thinkpad 14&#8243; T460 bal \u00e9s jobb hangsz\u00f3r\u00f3k\u00e9szlet pk23000jj00"},"content":{"rendered":"<p>A Lenovo Thinkpad 14&#8243;-es T460 bal \u00e9s jobb hangsz\u00f3r\u00f3k\u00e9szlet (cikksz\u00e1m: pk23000jj00) egy Lenovo Thinkpad T460 laptopokhoz tervezett hangsz\u00f3r\u00f3k\u00e9szlet. Ezeket a hangsz\u00f3r\u00f3kat \u00fagy tervezt\u00e9k, hogy kiv\u00e1l\u00f3 min\u0151s\u00e9g\u0171 hangkimenetet biztos\u00edtsanak k\u00fcl\u00f6nf\u00e9le multim\u00e9di\u00e1s alkalmaz\u00e1sokhoz, p\u00e9ld\u00e1ul zen\u00e9hez, vide\u00f3khoz \u00e9s prezent\u00e1ci\u00f3khoz. A k\u00e9szlet tartalmazza a Lenovo bal \u00e9s jobb oldali hangkimenet\u00e9t is. 14&#8243; T460 bal \u00e9s amp; A jobb oldali hangsz\u00f3r\u00f3k\u00e9szlet (cikksz\u00e1m: pk23000jj00) egy eredeti Lenovo term\u00e9k, amelyet kiv\u00e1l\u00f3 min\u0151s\u00e9g\u0171 anyagokb\u00f3l gy\u00e1rtottak a tart\u00f3ss\u00e1g \u00e9s a megb\u00edzhat\u00f3s\u00e1g \u00e9rdek\u00e9ben. Megfelel\u0151 telep\u00edt\u00e9s eset\u00e9n ez a hangsz\u00f3r\u00f3k\u00e9szlet jelent\u0151sen jav\u00edthatja a Lenovo Thinkpad T460 laptopok hang\u00e9lm\u00e9ny\u00e9t. N\u00e9lk\u00fcl\u00f6zhetetlen cserealkatr\u00e9sz azok sz\u00e1m\u00e1ra, akik hangprobl\u00e9m\u00e1kkal k\u00fczdenek Lenovo Thinkpad T460 laptopjukon.<\/p>\n","protected":false},"excerpt":{"rendered":"<p>A Lenovo Thinkpad 14&#8243; T460 bal \u00e9s jobb hangsz\u00f3r\u00f3k\u00e9szlet (cikksz\u00e1m: pk23000jj00) egy kifejezetten Lenovo Thinkpad T460 laptopokhoz tervezett hangsz\u00f3r\u00f3k\u00e9szlet. Ezek a hangsz\u00f3r\u00f3k tiszta \u00e9s kiv\u00e1l\u00f3 min\u0151s\u00e9g\u0171 hangz\u00e1st biztos\u00edtanak k\u00fcl\u00f6nf\u00e9le multim\u00e9di\u00e1s alkalmaz\u00e1sokhoz, p\u00e9ld\u00e1ul zen\u00e9hez, vide\u00f3khoz \u00e9s prezent\u00e1ci\u00f3khoz. A k\u00e9szletben megtal\u00e1lhat\u00f3 a bal \u00e9s a 4&#8243; jobb oldali hangsug\u00e1rz\u00f3k is. T460 Bal &amp; A jobb oldali hangsz\u00f3r\u00f3k\u00e9szlet (cikksz\u00e1m: pk23000jj00) egy eredeti Lenovo term\u00e9k, amelyet kiv\u00e1l\u00f3 min\u0151s\u00e9g\u0171 anyagokb\u00f3l gy\u00e1rtottak a tart\u00f3ss\u00e1g \u00e9s a megb\u00edzhat\u00f3s\u00e1g \u00e9rdek\u00e9ben. Megfelel\u0151 telep\u00edt\u00e9s eset\u00e9n ez a hangsz\u00f3r\u00f3k\u00e9szlet jelent\u0151sen jav\u00edthatja a Lenovo Thinkpad T460 laptopok hang\u00e9lm\u00e9ny\u00e9t.<\/p>\n","protected":false},"featured_media":275,"template":"","meta":[],"product_brand":[],"product_cat":[18],"product_tag":[26],"class_list":{"0":"post-212","1":"product","2":"type-product","3":"status-publish","4":"has-post-thumbnail","6":"product_cat-laptop-speakers","7":"product_tag-lenovo","9":"first","10":"instock","11":"taxable","12":"shipping-taxable","13":"purchasable","14":"product-type-simple"},"_links":{"self":[{"href":"https:\/\/boreait.com\/hu\/wp-json\/wp\/v2\/product\/212","targetHints":{"allow":["GET"]}}],"collection":[{"href":"https:\/\/boreait.com\/hu\/wp-json\/wp\/v2\/product"}],"about":[{"href":"https:\/\/boreait.com\/hu\/wp-json\/wp\/v2\/types\/product"}],"wp:featuredmedia":[{"embeddable":true,"href":"https:\/\/boreait.com\/hu\/wp-json\/wp\/v2\/media\/275"}],"wp:attachment":[{"href":"https:\/\/boreait.com\/hu\/wp-json\/wp\/v2\/media?parent=212"}],"wp:term":[{"taxonomy":"product_brand","embeddable":true,"href":"https:\/\/boreait.com\/hu\/wp-json\/wp\/v2\/product_brand?post=212"},{"taxonomy":"product_cat","embeddable":true,"href":"https:\/\/boreait.com\/hu\/wp-json\/wp\/v2\/product_cat?post=212"},{"taxonomy":"product_tag","embeddable":true,"href":"https:\/\/boreait.com\/hu\/wp-json\/wp\/v2\/product_tag?post=212"}],"curies":[{"name":"wp","href":"https:\/\/api.w.org\/{rel}","templated":true}]}}