{"id":209,"date":"2025-09-17T09:22:46","date_gmt":"2025-09-17T07:22:46","guid":{"rendered":"https:\/\/boreait.com\/hu\/?post_type=product&#038;p=209"},"modified":"2025-09-17T09:23:05","modified_gmt":"2025-09-17T07:23:05","slug":"cpu-huto-hutoborda-dsc-n17pq317-hp-zbook-17-g4-922844-001-at1rw0030a0","status":"publish","type":"product","link":"https:\/\/boreait.com\/hu\/termek\/cpu-huto-hutoborda-dsc-n17pq317-hp-zbook-17-g4-922844-001-at1rw0030a0\/","title":{"rendered":"CPU h\u0171t\u0151 h\u0171t\u0151borda DSC N17PQ317 HP Zbook 17 G4 922844-001 AT1RW0030A0"},"content":{"rendered":"<p>A DSC N17PQ317 processzorh\u0171t\u0151 h\u0171t\u0151borda egy HP Zbook 17 G4 laptophoz tervezett alkatr\u00e9sz. Els\u0151dleges funkci\u00f3ja a laptop k\u00f6zponti feldolgoz\u00f3 egys\u00e9ge (CPU) \u00e1ltal termelt h\u0151 elvezet\u00e9se, amely hosszabb haszn\u00e1lat sor\u00e1n nagyon felforr\u00f3sodhat. A h\u0171t\u0151bord\u00e1t \u00fagy alak\u00edtott\u00e1k ki, hogy a h\u0151t a CPU-b\u00f3l tov\u00e1bb\u00edtsa, \u00e9s a h\u0171t\u0151borda bord\u00e1i k\u00f6z\u00f6tt eloszlassa, ahol a laptop h\u0171t\u0151ventil\u00e1tora \u00e1ltal gener\u00e1lt l\u00e9g\u00e1raml\u00e1s eloszlathatja. Ezt a h\u0171t\u0151bord\u00e1t a DSC gy\u00e1rtja, \u00e9s a cikksz\u00e1ma AT1RW0030A0, a HP cikksz\u00e1ma pedig 922844-001. Ez egy kiv\u00e1l\u00f3 min\u0151s\u00e9g\u0171 alkatr\u00e9sz, amelyet arra terveztek, hogy hat\u00e9kony h\u0171t\u00e9st biztos\u00edtson a HP Zbook 17 G4 laptop CPU-ja sz\u00e1m\u00e1ra.<\/p>\n","protected":false},"excerpt":{"rendered":"<p>A DSC N17PQ317 processzorh\u0171t\u0151 h\u0171t\u0151borda a HP Zbook 17 G4 laptophoz tervezett cserealkatr\u00e9sz. Seg\u00edt elvezetni a h\u0151t a CPU-b\u00f3l, megel\u0151zve a t\u00falmeleged\u00e9st \u00e9s fenntartva az optim\u00e1lis teljes\u00edtm\u00e9nyt. Ennek a h\u0171t\u0151bord\u00e1nak a cikksz\u00e1ma 922844-001, a gy\u00e1rt\u00f3 alkatr\u00e9szsz\u00e1ma pedig AT1RW0030A0.<\/p>\n","protected":false},"featured_media":248,"template":"","meta":[],"product_brand":[],"product_cat":[33],"product_tag":[25],"class_list":{"0":"post-209","1":"product","2":"type-product","3":"status-publish","4":"has-post-thumbnail","6":"product_cat-cpu-fans-heatsinks","7":"product_tag-hp","9":"first","10":"instock","11":"taxable","12":"shipping-taxable","13":"purchasable","14":"product-type-simple"},"_links":{"self":[{"href":"https:\/\/boreait.com\/hu\/wp-json\/wp\/v2\/product\/209","targetHints":{"allow":["GET"]}}],"collection":[{"href":"https:\/\/boreait.com\/hu\/wp-json\/wp\/v2\/product"}],"about":[{"href":"https:\/\/boreait.com\/hu\/wp-json\/wp\/v2\/types\/product"}],"wp:featuredmedia":[{"embeddable":true,"href":"https:\/\/boreait.com\/hu\/wp-json\/wp\/v2\/media\/248"}],"wp:attachment":[{"href":"https:\/\/boreait.com\/hu\/wp-json\/wp\/v2\/media?parent=209"}],"wp:term":[{"taxonomy":"product_brand","embeddable":true,"href":"https:\/\/boreait.com\/hu\/wp-json\/wp\/v2\/product_brand?post=209"},{"taxonomy":"product_cat","embeddable":true,"href":"https:\/\/boreait.com\/hu\/wp-json\/wp\/v2\/product_cat?post=209"},{"taxonomy":"product_tag","embeddable":true,"href":"https:\/\/boreait.com\/hu\/wp-json\/wp\/v2\/product_tag?post=209"}],"curies":[{"name":"wp","href":"https:\/\/api.w.org\/{rel}","templated":true}]}}