{"id":208,"date":"2025-09-17T09:22:46","date_gmt":"2025-09-17T07:22:46","guid":{"rendered":"https:\/\/boreait.com\/hu\/?post_type=product&#038;p=208"},"modified":"2026-01-14T08:03:38","modified_gmt":"2026-01-14T07:03:38","slug":"samsung-1gb-2rx16-pc2-6400s-666-12-a3-laptop-ram-memoria","status":"publish","type":"product","link":"https:\/\/boreait.com\/hu\/termek\/samsung-1gb-2rx16-pc2-6400s-666-12-a3-laptop-ram-memoria\/","title":{"rendered":"Samsung 1GB 2rx16 Pc2-6400s-666-12-a3 laptop RAM mem\u00f3ria"},"content":{"rendered":"<p>A Samsung 1 GB 2Rx16 PC2-6400S-666-12-A3 egy DDR2 SODIMM RAM modul, amelyet hordozhat\u00f3 sz\u00e1m\u00edt\u00f3g\u00e9pekben val\u00f3 haszn\u00e1latra terveztek. Kapacit\u00e1sa 1 GB, \u00e9s 800 MHz-es frekvenci\u00e1n m\u0171k\u00f6dik, CL6 k\u00e9sleltet\u00e9ssel. A 2Rx16 konfigur\u00e1ci\u00f3 azt jelenti, hogy a modul mindk\u00e9t oldal\u00e1n 16 mem\u00f3riachip van k\u00e9t sorban elhelyezve. 1,8 V fesz\u00fclts\u00e9ggel m\u0171k\u00f6dik, \u00e9s kompatibilis a DDR2 mem\u00f3ri\u00e1t t\u00e1mogat\u00f3 rendszerekkel. Ez a modul ide\u00e1lis a laptop megl\u00e9v\u0151 mem\u00f3ri\u00e1j\u00e1nak b\u0151v\u00edt\u00e9s\u00e9re vagy cser\u00e9j\u00e9re, hogy jav\u00edtsa annak \u00e1ltal\u00e1nos teljes\u00edtm\u00e9ny\u00e9t.<\/p>\n","protected":false},"excerpt":{"rendered":"<p>A Samsung 1 GB 2RX16 PC2-6400S-666-12-A3 egy laptop mem\u00f3riamodul, amely 800 MHz-es \u00f3rajelen m\u0171k\u00f6dik (PC2-6400), \u00e9s DDR2 technol\u00f3gi\u00e1n alapul. A RAM 200 t\u0171s SODIMM form\u00e1tummal rendelkezik, amely kompatibilis laptopokkal \u00e9s m\u00e1s mobil eszk\u00f6z\u00f6kkel. A modul CAS k\u00e9sleltet\u00e9se 6, n\u00e9vleges fesz\u00fclts\u00e9ge 1,8 V. \u00dagy tervezt\u00e9k, hogy gyors \u00e9s megb\u00edzhat\u00f3 teljes\u00edtm\u00e9nyt ny\u00fajtson, \u00edgy megfelel\u0151 v\u00e1laszt\u00e1s a r\u00e9gebbi, DDR2 mem\u00f3ri\u00e1t ig\u00e9nyl\u0151 laptopok friss\u00edt\u00e9s\u00e9hez.<\/p>\n","protected":false},"featured_media":247,"template":"","meta":[],"product_brand":[],"product_cat":[41,36],"product_tag":[],"class_list":{"0":"post-208","1":"product","2":"type-product","3":"status-publish","4":"has-post-thumbnail","6":"product_cat-ddr2","7":"product_cat-ram-memory","9":"first","10":"instock","11":"taxable","12":"shipping-taxable","13":"purchasable","14":"product-type-simple"},"_links":{"self":[{"href":"https:\/\/boreait.com\/hu\/wp-json\/wp\/v2\/product\/208","targetHints":{"allow":["GET"]}}],"collection":[{"href":"https:\/\/boreait.com\/hu\/wp-json\/wp\/v2\/product"}],"about":[{"href":"https:\/\/boreait.com\/hu\/wp-json\/wp\/v2\/types\/product"}],"wp:featuredmedia":[{"embeddable":true,"href":"https:\/\/boreait.com\/hu\/wp-json\/wp\/v2\/media\/247"}],"wp:attachment":[{"href":"https:\/\/boreait.com\/hu\/wp-json\/wp\/v2\/media?parent=208"}],"wp:term":[{"taxonomy":"product_brand","embeddable":true,"href":"https:\/\/boreait.com\/hu\/wp-json\/wp\/v2\/product_brand?post=208"},{"taxonomy":"product_cat","embeddable":true,"href":"https:\/\/boreait.com\/hu\/wp-json\/wp\/v2\/product_cat?post=208"},{"taxonomy":"product_tag","embeddable":true,"href":"https:\/\/boreait.com\/hu\/wp-json\/wp\/v2\/product_tag?post=208"}],"curies":[{"name":"wp","href":"https:\/\/api.w.org\/{rel}","templated":true}]}}