{"id":205,"date":"2025-09-17T09:22:45","date_gmt":"2025-09-17T07:22:45","guid":{"rendered":"https:\/\/boreait.com\/hu\/?post_type=product&#038;p=205"},"modified":"2026-01-07T09:41:13","modified_gmt":"2026-01-07T08:41:13","slug":"hynix-2gb-pc2-6400s-666-12-oem-laptop-sodimm-memoria-ram-ddr2-800mhz","status":"publish","type":"product","link":"https:\/\/boreait.com\/hu\/termek\/hynix-2gb-pc2-6400s-666-12-oem-laptop-sodimm-memoria-ram-ddr2-800mhz\/","title":{"rendered":"Hynix 2GB PC2-6400s 666-12 OEM Laptop Sodimm mem\u00f3ria RAM\/DDR2 800MHz"},"content":{"rendered":"<p>A Hynix 2 GB-os PC2-6400s 666-12 OEM Laptop Sodimm mem\u00f3ria RAM\/DDR2 800MHz egy kiv\u00e1l\u00f3 min\u0151s\u00e9g\u0171 mem\u00f3riamodul, amelyet a laptopok teljes\u00edtm\u00e9ny\u00e9nek jav\u00edt\u00e1s\u00e1ra terveztek. Ez a mem\u00f3riamodul 2 GB kapacit\u00e1ssal \u00e9s 800 MHz-es sebess\u00e9ggel m\u0171k\u00f6dik, gyors \u00e9s hat\u00e9kony teljes\u00edtm\u00e9nyt biztos\u00edtva sz\u00e1mos sz\u00e1m\u00edt\u00e1stechnikai alkalmaz\u00e1shoz. DDR2 technol\u00f3gi\u00e1t haszn\u00e1l, \u00e9s SODIMM form\u00e1tum\u00fa, \u00edgy k\u00f6nnyen telep\u00edthet\u0151 kompatibilis laptopokba. Ez a mem\u00f3riamodul ide\u00e1lis t\u00f6bbfeladatos munkav\u00e9gz\u00e9shez, olyan alkalmaz\u00e1sok futtat\u00e1s\u00e1hoz, mint a sz\u00f6vegszerkeszt\u0151, webb\u00f6ng\u00e9sz\u00e9s \u00e9s e-mail, valamint a laptopok \u00e1ltal\u00e1nos teljes\u00edtm\u00e9ny\u00e9nek jav\u00edt\u00e1sa. Ez egy megb\u00edzhat\u00f3 \u00e9s kiv\u00e1l\u00f3 min\u0151s\u00e9g\u0171 term\u00e9k, amely jelent\u0151sen megn\u00f6velheti a laptopok sebess\u00e9g\u00e9t \u00e9s teljes\u00edtm\u00e9ny\u00e9t, \u00edgy kiv\u00e1l\u00f3 friss\u00edt\u00e9si lehet\u0151s\u00e9g a sz\u00e1m\u00edt\u00e1stechnikai \u00e9lm\u00e9nyt jav\u00edtani v\u00e1gy\u00f3 felhaszn\u00e1l\u00f3k sz\u00e1m\u00e1ra.<\/p>\n","protected":false},"excerpt":{"rendered":"<p>A Hynix 2 GB PC2-6400s 666-12 egy DDR2 RAM modul, amelyet laptopokban val\u00f3 haszn\u00e1latra terveztek. A mem\u00f3ria kapacit\u00e1sa 2 GB, \u00e9s 800 MHz-es \u00f3rajelen m\u0171k\u00f6dik. A modul SO-DIMM form\u00e1tum\u00fa, amely kisebb m\u00e9ret\u0171 az asztali RAM-hoz k\u00e9pest, \u00edgy alkalmas korl\u00e1tozott b\u0151v\u00edt\u00e9si hellyel rendelkez\u0151 laptopokhoz. Ezt a RAM-modult eredeti berendez\u00e9sgy\u00e1rt\u00f3k (OEM-ek) haszn\u00e1lj\u00e1k, \u00edgy megb\u00edzhat\u00f3 v\u00e1laszt\u00e1s a vezet\u0151 m\u00e1rk\u00e1k \u00e1ltal gy\u00e1rtott laptopok mem\u00f3ri\u00e1j\u00e1nak b\u0151v\u00edt\u00e9s\u00e9hez vagy cser\u00e9j\u00e9hez.<\/p>\n","protected":false},"featured_media":244,"template":"","meta":[],"product_brand":[],"product_cat":[41,36],"product_tag":[],"class_list":{"0":"post-205","1":"product","2":"type-product","3":"status-publish","4":"has-post-thumbnail","6":"product_cat-ddr2","7":"product_cat-ram-memory","9":"first","10":"instock","11":"taxable","12":"shipping-taxable","13":"purchasable","14":"product-type-simple"},"_links":{"self":[{"href":"https:\/\/boreait.com\/hu\/wp-json\/wp\/v2\/product\/205","targetHints":{"allow":["GET"]}}],"collection":[{"href":"https:\/\/boreait.com\/hu\/wp-json\/wp\/v2\/product"}],"about":[{"href":"https:\/\/boreait.com\/hu\/wp-json\/wp\/v2\/types\/product"}],"wp:featuredmedia":[{"embeddable":true,"href":"https:\/\/boreait.com\/hu\/wp-json\/wp\/v2\/media\/244"}],"wp:attachment":[{"href":"https:\/\/boreait.com\/hu\/wp-json\/wp\/v2\/media?parent=205"}],"wp:term":[{"taxonomy":"product_brand","embeddable":true,"href":"https:\/\/boreait.com\/hu\/wp-json\/wp\/v2\/product_brand?post=205"},{"taxonomy":"product_cat","embeddable":true,"href":"https:\/\/boreait.com\/hu\/wp-json\/wp\/v2\/product_cat?post=205"},{"taxonomy":"product_tag","embeddable":true,"href":"https:\/\/boreait.com\/hu\/wp-json\/wp\/v2\/product_tag?post=205"}],"curies":[{"name":"wp","href":"https:\/\/api.w.org\/{rel}","templated":true}]}}