{"id":200,"date":"2025-09-17T09:22:45","date_gmt":"2025-09-17T07:22:45","guid":{"rendered":"https:\/\/boreait.com\/hu\/?post_type=product&#038;p=200"},"modified":"2025-09-17T09:22:58","modified_gmt":"2025-09-17T07:22:58","slug":"intel-i3-2328m-22-ghz-es-fcpga988-processzor","status":"publish","type":"product","link":"https:\/\/boreait.com\/hu\/termek\/intel-i3-2328m-22-ghz-es-fcpga988-processzor\/","title":{"rendered":"Intel i3-2328M 2,2 GHz-es FCPGA988 processzor"},"content":{"rendered":"<p>Az Intel i3-2328M egy 2,2 GHz-es, k\u00e9tmagos processzor, amelyet 2012-ben adtak ki. A Sandy Bridge architekt\u00far\u00e1n alapul, \u00e9s els\u0151sorban laptopokhoz \u00e9s mobileszk\u00f6z\u00f6kh\u00f6z k\u00e9sz\u00fclt. A processzor termikus tervez\u00e9si teljes\u00edtm\u00e9nye (TDP) 35 watt, \u00e9s ak\u00e1r 16 GB DDR3 mem\u00f3ri\u00e1t is t\u00e1mogat.<\/p>\n<p>Az i3-2328M az Intel Hyper-Threading technol\u00f3gi\u00e1j\u00e1t haszn\u00e1lja, amely lehet\u0151v\u00e9 teszi, hogy minden fizikai mag egyszerre k\u00e9t sz\u00e1lat hajtson v\u00e9gre, ami jobb teljes\u00edtm\u00e9nyt eredm\u00e9nyez a t\u00f6bbsz\u00e1l\u00fa alkalmaz\u00e1sokban. Be\u00e9p\u00edtett Intel HD Graphics 3000 is van benne, amely t\u00e1mogatja a DirectX 10.1-et, \u00e9s megfelel\u0151 grafikus teljes\u00edtm\u00e9nyt tud ny\u00fajtani az alapvet\u0151 feladatokhoz \u00e9s a k\u00f6nny\u0171 j\u00e1t\u00e9khoz.<\/p>\n<p>\u00d6sszess\u00e9g\u00e9ben az i3-2328M egy k\u00f6z\u00e9pkateg\u00f3ri\u00e1s processzor, amely j\u00f3 teljes\u00edtm\u00e9nyt ny\u00fajt a mindennapi sz\u00e1m\u00edt\u00e1stechnikai feladatokhoz, mint p\u00e9ld\u00e1ul a webb\u00f6ng\u00e9sz\u00e9s, a sz\u00f6vegszerkeszt\u00e9s \u00e9s a multim\u00e9di\u00e1s fogyaszt\u00e1s, de megk\u00fczdhet az ig\u00e9nyesebb alkalmaz\u00e1sokkal, mint p\u00e9ld\u00e1ul a vide\u00f3szerkeszt\u00e9s \u00e9s a j\u00e1t\u00e9kok.<\/p>\n<p><strong>Aljzat: FCPGA988<\/strong><\/p>\n","protected":false},"excerpt":{"rendered":"<p>Az Intel i3-2328M egy 2012-ben kiadott 2,2 GHz-es k\u00e9tmagos processzor, amelyet laptopokban \u00e9s mobileszk\u00f6z\u00f6kben val\u00f3 haszn\u00e1latra terveztek. 35 watt TDP-vel rendelkezik, ak\u00e1r 16 GB DDR3 mem\u00f3ri\u00e1t t\u00e1mogat, \u00e9s Hyper-Threading technol\u00f3gi\u00e1val rendelkezik a jobb teljes\u00edtm\u00e9ny \u00e9rdek\u00e9ben a t\u00f6bbsz\u00e1l\u00fa alkalmaz\u00e1sokban. Ezenk\u00edv\u00fcl integr\u00e1lt Intel HD Graphics 3000 szoftverrel rendelkezik az alapvet\u0151 grafikus feladatokhoz \u00e9s a k\u00f6nny\u0171 j\u00e1t\u00e9khoz. Az i3-2328M j\u00f3 teljes\u00edtm\u00e9nyt ny\u00fajt a mindennapi sz\u00e1m\u00edt\u00e1stechnikai feladatokhoz, de megk\u00fczdhet az ig\u00e9nyesebb alkalmaz\u00e1sokkal.<\/p>\n","protected":false},"featured_media":236,"template":"","meta":[],"product_brand":[],"product_cat":[39],"product_tag":[],"class_list":{"0":"post-200","1":"product","2":"type-product","3":"status-publish","4":"has-post-thumbnail","6":"product_cat-processors-cpu","8":"first","9":"instock","10":"taxable","11":"shipping-taxable","12":"purchasable","13":"product-type-simple"},"_links":{"self":[{"href":"https:\/\/boreait.com\/hu\/wp-json\/wp\/v2\/product\/200","targetHints":{"allow":["GET"]}}],"collection":[{"href":"https:\/\/boreait.com\/hu\/wp-json\/wp\/v2\/product"}],"about":[{"href":"https:\/\/boreait.com\/hu\/wp-json\/wp\/v2\/types\/product"}],"wp:featuredmedia":[{"embeddable":true,"href":"https:\/\/boreait.com\/hu\/wp-json\/wp\/v2\/media\/236"}],"wp:attachment":[{"href":"https:\/\/boreait.com\/hu\/wp-json\/wp\/v2\/media?parent=200"}],"wp:term":[{"taxonomy":"product_brand","embeddable":true,"href":"https:\/\/boreait.com\/hu\/wp-json\/wp\/v2\/product_brand?post=200"},{"taxonomy":"product_cat","embeddable":true,"href":"https:\/\/boreait.com\/hu\/wp-json\/wp\/v2\/product_cat?post=200"},{"taxonomy":"product_tag","embeddable":true,"href":"https:\/\/boreait.com\/hu\/wp-json\/wp\/v2\/product_tag?post=200"}],"curies":[{"name":"wp","href":"https:\/\/api.w.org\/{rel}","templated":true}]}}