{"id":1770,"date":"2025-09-17T10:18:23","date_gmt":"2025-09-17T08:18:23","guid":{"rendered":"https:\/\/boreait.com\/hu\/?post_type=product&#038;p=1770"},"modified":"2025-09-17T10:18:23","modified_gmt":"2025-09-17T08:18:23","slug":"usb-audiokartya-lenovo-thinkpad-x1-carbon-3rd-gen-20bs-20bt-sc50a10029-hez","status":"publish","type":"product","link":"https:\/\/boreait.com\/hu\/termek\/usb-audiokartya-lenovo-thinkpad-x1-carbon-3rd-gen-20bs-20bt-sc50a10029-hez\/","title":{"rendered":"USB audiok\u00e1rtya Lenovo ThinkPad X1 Carbon 3rd Gen 20BS 20BT SC50A10029-hez"},"content":{"rendered":"<p>A Lenovo ThinkPad X1 Carbon 3rd Gen 20BS 20BT SC50A10029 USB audiok\u00e1rtya alapvet\u0151 \u00f6sszetev\u0151, amely lehet\u0151v\u00e9 teszi az audiofunkci\u00f3kat a laptopon. Kifejezetten a Lenovo ThinkPad X1 Carbon 3rd Gen modellel val\u00f3 kompatibilit\u00e1sra tervezt\u00e9k, t\u00f6k\u00e9letes illeszked\u00e9st \u00e9s optim\u00e1lis teljes\u00edtm\u00e9nyt biztos\u00edtva.<\/p>\n<p>Ez az USB audiok\u00e1rtya k\u00e9nyelmes m\u00f3dot k\u00edn\u00e1l k\u00fcl\u00f6nf\u00e9le audioeszk\u00f6z\u00f6k laptopj\u00e1hoz val\u00f3 csatlakoztat\u00e1s\u00e1ra. Az USB-csatlakoz\u00e1snak k\u00f6sz\u00f6nhet\u0151en k\u00f6nnyed\u00e9n csatlakoztathat hangsz\u00f3r\u00f3kat, fejhallgat\u00f3t vagy mikrofont, hogy fokozza a hang\u00e9lm\u00e9nyt. Ak\u00e1r filmet n\u00e9z, zen\u00e9t hallgat, ak\u00e1r videoh\u00edv\u00e1st folytat, ez az USB-hangk\u00e1rtya tiszta \u00e9s kiv\u00e1l\u00f3 min\u0151s\u00e9g\u0171 hangkimenetet biztos\u00edt.<\/p>\n<p>A hib\u00e1s vagy s\u00e9r\u00fclt USB-hangk\u00e1rtya cser\u00e9je seg\u00edthet a laptop hangfunkci\u00f3inak vissza\u00e1ll\u00edt\u00e1s\u00e1ban. Javasoljuk, hogy szakember seg\u00edts\u00e9g\u00e9t k\u00e9rje, vagy k\u00f6vesse a gy\u00e1rt\u00f3 utas\u00edt\u00e1sait a megfelel\u0151 telep\u00edt\u00e9shez. A telep\u00edt\u00e9s ut\u00e1n z\u00f6kken\u0151mentes audiocsatlakoz\u00e1st \u00e9s jobb hangteljes\u00edtm\u00e9nyt \u00e9lvezhet.<\/p>\n<p>Friss\u00edtse hang\u00e9lm\u00e9ny\u00e9t a Lenovo ThinkPad X1 Carbon 3rd Gen 20BS 20BT SC50A10029 USB audiok\u00e1rty\u00e1val. \u00c9lvezze az \u00e9les \u00e9s mag\u00e1val ragad\u00f3 hangmin\u0151s\u00e9get minden multim\u00e9di\u00e1s ig\u00e9nynek megfelel\u0151en.<\/p>\n","protected":false},"excerpt":{"rendered":"<p>A Lenovo ThinkPad X1 Carbon 3rd Gen USB Audio Board egy cserealkatr\u00e9sz, amelyet arra terveztek, hogy hangfunkci\u00f3kat biztos\u00edtson laptopja sz\u00e1m\u00e1ra. USB-csatlakoz\u00e1ssal rendelkezik, amely lehet\u0151v\u00e9 teszi audioeszk\u00f6z\u00f6k, p\u00e9ld\u00e1ul hangsz\u00f3r\u00f3k, fejhallgat\u00f3k vagy mikrofonok csatlakoztat\u00e1s\u00e1t laptopj\u00e1hoz a jobb hang\u00e9lm\u00e9ny \u00e9rdek\u00e9ben.<\/p>\n","protected":false},"featured_media":1809,"template":"","meta":[],"product_brand":[],"product_cat":[27],"product_tag":[26],"class_list":{"0":"post-1770","1":"product","2":"type-product","3":"status-publish","4":"has-post-thumbnail","6":"product_cat-motherboards-board-parts","7":"product_tag-lenovo","9":"first","10":"instock","11":"taxable","12":"shipping-taxable","13":"purchasable","14":"product-type-simple"},"_links":{"self":[{"href":"https:\/\/boreait.com\/hu\/wp-json\/wp\/v2\/product\/1770","targetHints":{"allow":["GET"]}}],"collection":[{"href":"https:\/\/boreait.com\/hu\/wp-json\/wp\/v2\/product"}],"about":[{"href":"https:\/\/boreait.com\/hu\/wp-json\/wp\/v2\/types\/product"}],"wp:featuredmedia":[{"embeddable":true,"href":"https:\/\/boreait.com\/hu\/wp-json\/wp\/v2\/media\/1809"}],"wp:attachment":[{"href":"https:\/\/boreait.com\/hu\/wp-json\/wp\/v2\/media?parent=1770"}],"wp:term":[{"taxonomy":"product_brand","embeddable":true,"href":"https:\/\/boreait.com\/hu\/wp-json\/wp\/v2\/product_brand?post=1770"},{"taxonomy":"product_cat","embeddable":true,"href":"https:\/\/boreait.com\/hu\/wp-json\/wp\/v2\/product_cat?post=1770"},{"taxonomy":"product_tag","embeddable":true,"href":"https:\/\/boreait.com\/hu\/wp-json\/wp\/v2\/product_tag?post=1770"}],"curies":[{"name":"wp","href":"https:\/\/api.w.org\/{rel}","templated":true}]}}