{"id":1766,"date":"2025-09-17T10:18:22","date_gmt":"2025-09-17T08:18:22","guid":{"rendered":"https:\/\/boreait.com\/hu\/?post_type=product&#038;p=1766"},"modified":"2025-09-17T10:18:22","modified_gmt":"2025-09-17T08:18:22","slug":"dc1830lb0520dc1830rb0520-lcd-zsanerkeszlet-lenovo-x1-carbon-3-generaciohoz","status":"publish","type":"product","link":"https:\/\/boreait.com\/hu\/termek\/dc1830lb0520dc1830rb0520-lcd-zsanerkeszlet-lenovo-x1-carbon-3-generaciohoz\/","title":{"rendered":"DC1830LB0520,DC1830RB0520 LCD zsan\u00e9rk\u00e9szlet Lenovo X1 Carbon 3. gener\u00e1ci\u00f3hoz"},"content":{"rendered":"<p>A DC1830LB0520 \u00e9s DC1830RB0520 LCD zsan\u00e9rk\u00e9szletet kifejezetten a Lenovo X1 Carbon 3rd Gen laptophoz tervezt\u00e9k, t\u00f6k\u00e9letes illeszked\u00e9st \u00e9s kompatibilit\u00e1st k\u00edn\u00e1lva. Ezek a zsan\u00e9rok d\u00f6nt\u0151 szerepet j\u00e1tszanak a laptop kijelz\u0151j\u00e9nek m\u0171k\u00f6d\u00e9s\u00e9ben, lehet\u0151v\u00e9 t\u00e9ve annak z\u00f6kken\u0151mentes \u00e9s biztons\u00e1gos nyit\u00e1s\u00e1t \u00e9s z\u00e1r\u00e1s\u00e1t.<\/p>\n<p>A tart\u00f3s anyagokb\u00f3l k\u00e9sz\u00fclt zsan\u00e9rok \u00fagy k\u00e9sz\u00fcltek, hogy ellen\u00e1lljanak a napi haszn\u00e1latnak, \u00e9s hossz\u00fa \u00e9lettartam\u00faak legyenek. \u00dagy tervezt\u00e9k, hogy fenntarts\u00e1k a megfelel\u0151 be\u00e1ll\u00edt\u00e1st \u00e9s feszess\u00e9get, amely a kijelz\u0151 hely\u00e9n tart\u00e1s\u00e1hoz sz\u00fcks\u00e9ges, biztos\u00edtva, hogy a k\u00edv\u00e1nt helyzetben maradjon ingadoz\u00e1s vagy instabilit\u00e1s n\u00e9lk\u00fcl.<\/p>\n<p>A s\u00e9r\u00fclt vagy elhaszn\u00e1l\u00f3dott zsan\u00e9rok DC1830LB0520 \u00e9s DC1830RB0520 LCD csukl\u00f3szettre t\u00f6rt\u00e9n\u0151 cser\u00e9je helyre\u00e1ll\u00edtja az X1 Carbon 3rd Gen laptop kijelz\u0151j\u00e9nek z\u00f6kken\u0151mentes mozg\u00e1s\u00e1t. Ak\u00e1r kinyitja \u00e9s becsukja a laptopot, ak\u00e1r be\u00e1ll\u00edtja a k\u00e9perny\u0151 d\u0151l\u00e9ssz\u00f6g\u00e9t, ezek a zsan\u00e9rok megb\u00edzhat\u00f3 \u00e9s stabil \u00e9lm\u00e9nyt ny\u00fajtanak.<\/p>\n<p>A megfelel\u0151en m\u0171k\u00f6d\u0151 zsan\u00e9rok elengedhetetlenek laptopja \u00e1ltal\u00e1nos haszn\u00e1lhat\u00f3s\u00e1g\u00e1hoz \u00e9s hossz\u00fa \u00e9lettartam\u00e1hoz. A DC1830LB0520 \u00e9s DC1830RB0520 LCD zsan\u00e9rk\u00e9szlettel biztos\u00edthatja, hogy Lenovo X1 Carbon 3rd Gen laptopj\u00e1nak kijelz\u0151je rendeltet\u00e9sszer\u0171en m\u0171k\u00f6dj\u00f6n, \u00edgy k\u00f6nnyed\u00e9n dolgozhat, tanulhat vagy \u00e9lvezheti a multim\u00e9di\u00e1s tartalmakat.<\/p>\n","protected":false},"excerpt":{"rendered":"<p>A DC1830LB0520 \u00e9s DC1830RB0520 LCD zsan\u00e9rk\u00e9szlet egy cserep\u00e1ntk\u00e9szlet, amelyet a Lenovo X1 Carbon 3rd Gen laptophoz terveztek. Ezek a zsan\u00e9rok biztos\u00edtj\u00e1k a laptop kijelz\u0151j\u00e9nek egyenletes \u00e9s stabil mozg\u00e1s\u00e1t, lehet\u0151v\u00e9 t\u00e9ve a k\u00f6nny\u0171 nyit\u00e1st \u00e9s z\u00e1r\u00e1st.<\/p>\n","protected":false},"featured_media":1807,"template":"","meta":[],"product_brand":[],"product_cat":[19],"product_tag":[26],"class_list":{"0":"post-1766","1":"product","2":"type-product","3":"status-publish","4":"has-post-thumbnail","6":"product_cat-screen-hinge","7":"product_tag-lenovo","9":"first","10":"instock","11":"taxable","12":"shipping-taxable","13":"purchasable","14":"product-type-simple"},"_links":{"self":[{"href":"https:\/\/boreait.com\/hu\/wp-json\/wp\/v2\/product\/1766","targetHints":{"allow":["GET"]}}],"collection":[{"href":"https:\/\/boreait.com\/hu\/wp-json\/wp\/v2\/product"}],"about":[{"href":"https:\/\/boreait.com\/hu\/wp-json\/wp\/v2\/types\/product"}],"wp:featuredmedia":[{"embeddable":true,"href":"https:\/\/boreait.com\/hu\/wp-json\/wp\/v2\/media\/1807"}],"wp:attachment":[{"href":"https:\/\/boreait.com\/hu\/wp-json\/wp\/v2\/media?parent=1766"}],"wp:term":[{"taxonomy":"product_brand","embeddable":true,"href":"https:\/\/boreait.com\/hu\/wp-json\/wp\/v2\/product_brand?post=1766"},{"taxonomy":"product_cat","embeddable":true,"href":"https:\/\/boreait.com\/hu\/wp-json\/wp\/v2\/product_cat?post=1766"},{"taxonomy":"product_tag","embeddable":true,"href":"https:\/\/boreait.com\/hu\/wp-json\/wp\/v2\/product_tag?post=1766"}],"curies":[{"name":"wp","href":"https:\/\/api.w.org\/{rel}","templated":true}]}}