{"id":1762,"date":"2025-09-17T10:18:21","date_gmt":"2025-09-17T08:18:21","guid":{"rendered":"https:\/\/boreait.com\/hu\/?post_type=product&#038;p=1762"},"modified":"2026-01-14T08:37:23","modified_gmt":"2026-01-14T07:37:23","slug":"0vx90n-a-dell-latitude-e5570-sata-merevlemez-meghajto-merevlemez-tartohoz","status":"publish","type":"product","link":"https:\/\/boreait.com\/hu\/termek\/0vx90n-a-dell-latitude-e5570-sata-merevlemez-meghajto-merevlemez-tartohoz\/","title":{"rendered":"0VX90N a Dell Latitude E5570 SATA merevlemez-meghajt\u00f3 merevlemez-tart\u00f3hoz"},"content":{"rendered":"<div class=\"group w-full text-gray-800 dark:text-gray-100 border-b border-black\/10 dark:border-gray-900\/50 bg-gray-50 dark:bg-[#444654]\">\n<div class=\"flex p-4 gap-4 text-base md:gap-6 md:max-w-2xl lg:max-w-[38rem] xl:max-w-3xl md:py-6 lg:px-0 m-auto\">\n<div class=\"relat\u00edv flex w-[calc(100%-50px)] flex-col gap-1 md:gap-3 lg:w-[calc(100%-115px)]\">\n<div class=\"flex flex-grow flex-col gap-3\">\n<div class=\"min-h-[20px] flex items-start overflow-x-auto whitespace-pre-wrap break-words flex-col gap-4\">\n<div class=\"markdown prose w-full break-words dark:prose-invert light\">\n<p>A 0VX90N SATA merevlemez-meghajt\u00f3 keret a t\u00f6k\u00e9letes megold\u00e1s tov\u00e1bbi t\u00e1rhely hozz\u00e1ad\u00e1s\u00e1hoz Dell Latitude E5570 laptopj\u00e1hoz. Ak\u00e1r t\u00f6bb helyre van sz\u00fcks\u00e9ge f\u00e1jlok, alkalmaz\u00e1sok vagy multim\u00e9di\u00e1s tartalom t\u00e1rol\u00e1s\u00e1ra, ez a caddy-tart\u00f3 k\u00e9nyelmes \u00e9s biztons\u00e1gos m\u00f3dot k\u00edn\u00e1l a SATA merevlemez vagy SSD beszerel\u00e9s\u00e9re.<\/p>\n<p>A pontoss\u00e1got \u00e9s a kompatibilit\u00e1st szem el\u0151tt tartva tervezt\u00e9k, ez az eredeti Dell caddy tart\u00f3 biztos\u00edtja a megfelel\u0151 illeszked\u00e9st \u00e9s illeszked\u00e9st a laptop bels\u0151 alkatr\u00e9szeihez. K\u00f6nnyen telep\u00edthet\u0151 \u00e9s minim\u00e1lis m\u0171szaki szak\u00e9rtelmet ig\u00e9nyel. Egyszer\u0171en t\u00e1vol\u00edtsa el a megl\u00e9v\u0151 konzolt a laptopj\u00e1r\u00f3l, helyezze a hely\u00e9re az \u00faj caddy tart\u00f3t, \u00e9s biztons\u00e1gosan csatlakoztassa SATA merevlemez\u00e9t vagy SSD-j\u00e9t.<\/p>\n<p>Ha egy tov\u00e1bbi merevlemezt vagy SSD-t ad a Dell Latitude E5570-hez, akkor nagyobb t\u00e1rkapacit\u00e1st \u00e9lvezhet f\u00e1jljai sz\u00e1m\u00e1ra, gyorsabb adathozz\u00e1f\u00e9r\u00e9st \u00e9s \u00e1tviteli sebess\u00e9get, valamint jobb \u00e1ltal\u00e1nos rendszerteljes\u00edtm\u00e9nyt \u00e9lvezhet. Ak\u00e1r extra helyre van sz\u00fcks\u00e9ge professzion\u00e1lis munk\u00e1hoz, multim\u00e9di\u00e1s tartalmakhoz vagy szem\u00e9lyes f\u00e1jlokhoz, ez a caddy-tart\u00f3 megb\u00edzhat\u00f3 \u00e9s hat\u00e9kony t\u00e1rol\u00e1si megold\u00e1st k\u00edn\u00e1l.<\/p>\n<p>Friss\u00edtse Dell Latitude E5570 k\u00e9sz\u00fcl\u00e9k\u00e9t a 0VX90N SATA merevlemez-meghajt\u00f3 kerettel, \u00e9s haszn\u00e1lja ki a tov\u00e1bbi t\u00e1rhely el\u0151nyeit. N\u00f6velje laptopja kapacit\u00e1s\u00e1t, jav\u00edtsa teljes\u00edtm\u00e9ny\u00e9t \u00e9s n\u00f6velje termel\u00e9kenys\u00e9g\u00e9t. Ezzel az eredeti Dell cserealkatr\u00e9szrel megb\u00edzhat min\u0151s\u00e9g\u00e9ben \u00e9s laptopj\u00e1val val\u00f3 kompatibilit\u00e1s\u00e1ban.<\/p>\n<\/div>\n<\/div>\n<\/div>\n<div class=\"flex justify-between lg:block\">\n<div class=\"text-xs flex items-center justify-center gap-1 self-center pt-2 !invisible\"><\/div>\n<div class=\"text-gray-400 flex self-end lg:self-center justify-center mt-2 gap-2 md:gap-3 lg:gap-1 lg:absolute lg:top-0 lg:translate-x-full lg:right-0 lg:mt-0\">lg:pl-2 l\u00e1that\u00f3<\/p>\n<p>&nbsp;<\/p>\n<div class=\"flex gap-1\"><\/div>\n<\/div>\n<\/div>\n<\/div>\n<\/div>\n<\/div>\n","protected":false},"excerpt":{"rendered":"<p>A 0VX90N SATA merevlemez-meghajt\u00f3 keret egy eredeti Dell cserealkatr\u00e9sz, amelyet kifejezetten a Dell Latitude E5570 laptophoz terveztek. Lehet\u0151v\u00e9 teszi, hogy biztons\u00e1gosan telep\u00edtsen \u00e9s csatlakoztasson SATA merevlemezt vagy SSD-t a laptopj\u00e1hoz, b\u0151v\u00edtve a t\u00e1rol\u00f3kapacit\u00e1st \u00e9s jav\u00edtva az \u00e1ltal\u00e1nos teljes\u00edtm\u00e9nyt.<\/p>\n","protected":false},"featured_media":1801,"template":"","meta":[],"product_brand":[],"product_cat":[16],"product_tag":[17],"class_list":{"0":"post-1762","1":"product","2":"type-product","3":"status-publish","4":"has-post-thumbnail","6":"product_cat-laptop-housing","7":"product_tag-dell","9":"first","10":"instock","11":"taxable","12":"shipping-taxable","13":"purchasable","14":"product-type-simple"},"_links":{"self":[{"href":"https:\/\/boreait.com\/hu\/wp-json\/wp\/v2\/product\/1762","targetHints":{"allow":["GET"]}}],"collection":[{"href":"https:\/\/boreait.com\/hu\/wp-json\/wp\/v2\/product"}],"about":[{"href":"https:\/\/boreait.com\/hu\/wp-json\/wp\/v2\/types\/product"}],"wp:featuredmedia":[{"embeddable":true,"href":"https:\/\/boreait.com\/hu\/wp-json\/wp\/v2\/media\/1801"}],"wp:attachment":[{"href":"https:\/\/boreait.com\/hu\/wp-json\/wp\/v2\/media?parent=1762"}],"wp:term":[{"taxonomy":"product_brand","embeddable":true,"href":"https:\/\/boreait.com\/hu\/wp-json\/wp\/v2\/product_brand?post=1762"},{"taxonomy":"product_cat","embeddable":true,"href":"https:\/\/boreait.com\/hu\/wp-json\/wp\/v2\/product_cat?post=1762"},{"taxonomy":"product_tag","embeddable":true,"href":"https:\/\/boreait.com\/hu\/wp-json\/wp\/v2\/product_tag?post=1762"}],"curies":[{"name":"wp","href":"https:\/\/api.w.org\/{rel}","templated":true}]}}