{"id":1758,"date":"2025-09-17T10:18:20","date_gmt":"2025-09-17T08:18:20","guid":{"rendered":"https:\/\/boreait.com\/hu\/?post_type=product&#038;p=1758"},"modified":"2025-09-17T10:18:21","modified_gmt":"2025-09-17T08:18:21","slug":"lenovo-thinkpad-x1-carbon-3-generacio-alaptok-boritasa-00hn987-00ht364","status":"publish","type":"product","link":"https:\/\/boreait.com\/hu\/termek\/lenovo-thinkpad-x1-carbon-3-generacio-alaptok-boritasa-00hn987-00ht364\/","title":{"rendered":"Lenovo Thinkpad X1 Carbon 3. gener\u00e1ci\u00f3 &#8211; alaptok bor\u00edt\u00e1sa &#8211; 00HN987 00HT364"},"content":{"rendered":"<p><strong>UGYANAZ, MINT A ADATLAP FOT\u00d3IN!<\/strong><\/p>\n<p>A Lenovo 00HN987 00HT364 alaptok bor\u00edt\u00e1sa kifejezetten a Lenovo Thinkpad X1 Carbon 3rd Gen laptophoz k\u00e9sz\u00fclt. Ez egy eredeti Lenovo term\u00e9k, amely t\u00f6k\u00e9letes illeszked\u00e9st \u00e9s kompatibilit\u00e1st biztos\u00edt az eszk\u00f6zzel. Mindegy, hogy friss\u00edtenie kell megl\u00e9v\u0151 alapburkolat\u00e1t, vagy ki kell cser\u00e9lnie egy s\u00e9r\u00fcltet, ez az eredeti alkatr\u00e9sz megfelel az \u00d6n ig\u00e9nyeinek.<\/p>\n<p>Az alaph\u00e1z burkolata v\u00e9d\u0151burkolatk\u00e9nt szolg\u00e1l a laptop als\u00f3 r\u00e9sz\u00e9nek, meg\u00f3vva a karcol\u00e1sokt\u00f3l, szennyez\u0151d\u00e9sekt\u0151l \u00e9s egy\u00e9b k\u00fcls\u0151 elemekt\u0151l. Ezenk\u00edv\u00fcl tov\u00e1bbi t\u00e1mogat\u00e1ssal seg\u00edt meg\u0151rizni a laptop szerkezeti integrit\u00e1s\u00e1t. A Lenovo 00HN987 00HT364 alaptok bor\u00edt\u00f3j\u00e1val biztons\u00e1gban \u00e9s kifog\u00e1stalan \u00e1llapotban tarthatja Lenovo Thinkpad X1 Carbon 3rd Gen.<\/p>\n<p>Az alaptok bor\u00edt\u00e1sa nemcsak v\u00e9delmet ny\u00fajt, hanem hozz\u00e1j\u00e1rul laptopja \u00e1ltal\u00e1nos eszt\u00e9tik\u00e1j\u00e1hoz is. A Lenovo 00HN987 00HT364 Base Case Cover karcs\u00fa \u00e9s professzion\u00e1lis kialak\u00edt\u00e1sa kieg\u00e9sz\u00edti a Thinkpad X1 Carbon 3rd Gen st\u00edlus\u00e1t, pol\u00edrozott \u00e9s modern megjelen\u00e9st k\u00f6lcs\u00f6n\u00f6zve neki.<\/p>\n<p>A Lenovo 00HN987 00HT364 alaph\u00e1zburkolat felszerel\u00e9se egyszer\u0171 folyamat, amely alapvet\u0151 eszk\u00f6z\u00f6kkel is elv\u00e9gezhet\u0151. Egyszer\u0171en t\u00e1vol\u00edtsa el a r\u00e9gi alapburkolat fedel\u00e9t, \u00e9s cser\u00e9lje ki az \u00fajra. Ha nem j\u00e1rtas a laptopok jav\u00edt\u00e1s\u00e1ban, javasoljuk, hogy k\u00f6vesse az \u00fatmutat\u00f3t, vagy k\u00e9rjen szakembert a megfelel\u0151 telep\u00edt\u00e9s \u00e9rdek\u00e9ben.<\/p>\n<p>Friss\u00edtse Lenovo Thinkpad X1 Carbon 3rd Gen v\u00e9delm\u00e9t \u00e9s megjelen\u00e9s\u00e9t az eredeti Lenovo 00HN987 00HT364 alaptok bor\u00edt\u00e1s\u00e1val. Ez a kiv\u00e1l\u00f3 min\u0151s\u00e9g\u0171 kieg\u00e9sz\u00edt\u0151 t\u00f6k\u00e9letes illeszked\u00e9st, megb\u00edzhat\u00f3 v\u00e9delmet k\u00edn\u00e1l, \u00e9s jav\u00edtja laptopja \u00e1ltal\u00e1nos megjelen\u00e9s\u00e9t. \u00c9lvezze a nyugalmat, tudva, hogy k\u00e9sz\u00fcl\u00e9ke j\u00f3l v\u00e9dett \u00e9s j\u00f3l n\u00e9z ki ezzel az eredeti Lenovo alaptok bor\u00edt\u00e1s\u00e1val.<\/p>\n","protected":false},"excerpt":{"rendered":"<p>Friss\u00edtse vagy cser\u00e9lje ki a Lenovo Thinkpad X1 Carbon 3rd Gen alaph\u00e1z\u00e1nak fedel\u00e9t az eredeti Lenovo 00HN987 00HT364 alaph\u00e1zburkolatra. \u00dagy tervezt\u00e9k, hogy t\u00f6k\u00e9letesen illeszkedjen \u00e9s illeszkedjen a laptop eszt\u00e9tik\u00e1j\u00e1hoz, ez az alaptok bor\u00edt\u00e1sa v\u00e9delmet ny\u00fajt, \u00e9s jav\u00edtja k\u00e9sz\u00fcl\u00e9ke \u00e1ltal\u00e1nos megjelen\u00e9s\u00e9t.<\/p>\n","protected":false},"featured_media":1798,"template":"","meta":[],"product_brand":[],"product_cat":[16],"product_tag":[26],"class_list":{"0":"post-1758","1":"product","2":"type-product","3":"status-publish","4":"has-post-thumbnail","6":"product_cat-laptop-housing","7":"product_tag-lenovo","9":"first","10":"instock","11":"taxable","12":"shipping-taxable","13":"purchasable","14":"product-type-simple"},"_links":{"self":[{"href":"https:\/\/boreait.com\/hu\/wp-json\/wp\/v2\/product\/1758","targetHints":{"allow":["GET"]}}],"collection":[{"href":"https:\/\/boreait.com\/hu\/wp-json\/wp\/v2\/product"}],"about":[{"href":"https:\/\/boreait.com\/hu\/wp-json\/wp\/v2\/types\/product"}],"wp:featuredmedia":[{"embeddable":true,"href":"https:\/\/boreait.com\/hu\/wp-json\/wp\/v2\/media\/1798"}],"wp:attachment":[{"href":"https:\/\/boreait.com\/hu\/wp-json\/wp\/v2\/media?parent=1758"}],"wp:term":[{"taxonomy":"product_brand","embeddable":true,"href":"https:\/\/boreait.com\/hu\/wp-json\/wp\/v2\/product_brand?post=1758"},{"taxonomy":"product_cat","embeddable":true,"href":"https:\/\/boreait.com\/hu\/wp-json\/wp\/v2\/product_cat?post=1758"},{"taxonomy":"product_tag","embeddable":true,"href":"https:\/\/boreait.com\/hu\/wp-json\/wp\/v2\/product_tag?post=1758"}],"curies":[{"name":"wp","href":"https:\/\/api.w.org\/{rel}","templated":true}]}}