{"id":1725,"date":"2025-09-17T10:18:20","date_gmt":"2025-09-17T08:18:20","guid":{"rendered":"https:\/\/boreait.com\/hu\/?post_type=product&#038;p=1725"},"modified":"2025-09-17T10:18:20","modified_gmt":"2025-09-17T08:18:20","slug":"laptop-billentyuzet-es-lenovo-sm20g18615","status":"publish","type":"product","link":"https:\/\/boreait.com\/hu\/termek\/laptop-billentyuzet-es-lenovo-sm20g18615\/","title":{"rendered":"Laptop billenty\u0171zet ES Lenovo &#8211; SM20G18615"},"content":{"rendered":"<p><strong>UGYANAZ, MINT A ADATLAP FOT\u00d3J\u00c1N!<\/strong><\/p>\n<p>Az ES Lenovo \u2013 SM20G18615 laptopbillenty\u0171zet a t\u00f6k\u00e9letes megold\u00e1s a g\u00e9pel\u00e9si \u00e9lm\u00e9ny fokoz\u00e1s\u00e1ra Lenovo laptopokon. Ak\u00e1r egy elhaszn\u00e1l\u00f3dott billenty\u0171zetet kell cser\u00e9lnie, ak\u00e1r egy m\u00e1sik nyelvi elrendez\u00e9sre szeretne friss\u00edteni, ezt a billenty\u0171zetet \u00fagy tervezt\u00e9k, hogy megfeleljen az \u00d6n ig\u00e9nyeinek.<\/p>\n<p>A kifejezetten Lenovo laptopokhoz tervezett billenty\u0171zet pontos illeszked\u00e9st \u00e9s kompatibilit\u00e1st k\u00edn\u00e1l az eszk\u00f6zzel. Szabv\u00e1nyos elrendez\u00e9ssel rendelkezik az \u00f6sszes l\u00e9nyeges billenty\u0171vel, \u00edgy k\u00f6nny\u0171 alkalmazkodni \u00e9s haszn\u00e1lni. A billenty\u0171k \u00e9rz\u00e9kenyek \u00e9s k\u00e9nyelmes g\u00e9pel\u00e9si \u00e9lm\u00e9nyt k\u00edn\u00e1lnak, lehet\u0151v\u00e9 t\u00e9ve a pontos \u00e9s hat\u00e9kony g\u00e9pel\u00e9st.<\/p>\n<p>A tart\u00f3ss\u00e1g szem el\u0151tt tart\u00e1s\u00e1val k\u00e9sz\u00fclt ES Lenovo &#8211; SM20G18615 laptopbillenty\u0171zet \u00fagy k\u00e9sz\u00fclt, hogy ellen\u00e1lljon a napi haszn\u00e1latnak. Kiv\u00e1l\u00f3 min\u0151s\u00e9g\u0171 anyagokb\u00f3l k\u00e9sz\u00fclt, amelyek ellen\u00e1llnak a kop\u00e1snak, \u00edgy biztos\u00edtva a hossz\u00fa \u00e9lettartamot. A billenty\u0171ket \u00fagy tervezt\u00e9k, hogy ellen\u00e1lljanak a fakul\u00e1snak, \u00e9s tart\u00f3s haszn\u00e1lat ut\u00e1n is meg\u0151rizz\u00e9k l\u00e1that\u00f3s\u00e1gukat.<\/p>\n<p>Az ES Lenovo \u2013 SM20G18615 laptop billenty\u0171zet telep\u00edt\u00e9se egyszer\u0171, \u00e9s alapvet\u0151 eszk\u00f6z\u00f6kkel is elv\u00e9gezhet\u0151. Ha azonban nem ismeri a laptopok jav\u00edt\u00e1s\u00e1t, javasoljuk, hogy k\u00e9rjen szak\u00e9rt\u0151i seg\u00edts\u00e9get, vagy k\u00f6vesse az \u00fatmutat\u00f3t a megfelel\u0151 telep\u00edt\u00e9s \u00e9rdek\u00e9ben.<\/p>\n<p>Friss\u00edtse Lenovo laptopj\u00e1t az ES Lenovo \u2013 SM20G18615 laptop billenty\u0171zettel, \u00e9s \u00e9lvezze a k\u00e9nyelmes \u00e9s hat\u00e9kony g\u00e9pel\u00e9st. Mindegy, hogy munk\u00e1hoz, iskol\u00e1hoz vagy szem\u00e9lyes haszn\u00e1latra van sz\u00fcks\u00e9ge, ez a billenty\u0171zet megb\u00edzhat\u00f3 megold\u00e1st ny\u00fajt a g\u00e9pel\u00e9si ig\u00e9nyeire. Mondjon b\u00facs\u00fat egy elhaszn\u00e1l\u00f3dott vagy k\u00e9nyelmetlen billenty\u0171zetnek, \u00e9s \u00e9lvezze a kiv\u00e1l\u00f3 min\u0151s\u00e9g\u0171 cserebillenty\u0171zet el\u0151nyeit.<\/p>\n<p>V\u00e1lassza az ES Lenovo \u2013 SM20G18615 laptopbillenty\u0171zetet, \u00e9s fokozza a g\u00e9pel\u00e9si \u00e9lm\u00e9nyt Lenovo laptopj\u00e1n. Strapab\u00edr\u00f3 fel\u00e9p\u00edt\u00e9s\u00e9nek, kompatibilit\u00e1s\u00e1nak \u00e9s egyszer\u0171 telep\u00edt\u00e9s\u00e9nek k\u00f6sz\u00f6nhet\u0151en ez a billenty\u0171zet kiv\u00e1l\u00f3 v\u00e1laszt\u00e1s megl\u00e9v\u0151 billenty\u0171zete cser\u00e9j\u00e9hez. \u00c9lvezze a k\u00e9nyelmes \u00e9s hat\u00e9kony g\u00e9pel\u00e9st ezzel a megb\u00edzhat\u00f3 \u00e9s kiv\u00e1l\u00f3 min\u0151s\u00e9g\u0171 billenty\u0171zettel.<\/p>\n","protected":false},"excerpt":{"rendered":"<p>Fokozza a g\u00e9pel\u00e9si \u00e9lm\u00e9nyt az ES Lenovo &#8211; SM20G18615 laptop billenty\u0171zettel. Ezt a kiv\u00e1l\u00f3 min\u0151s\u00e9g\u0171 billenty\u0171zetet kifejezetten Lenovo laptopokhoz tervezt\u00e9k, \u00e9s k\u00e9nyelmes \u00e9s hat\u00e9kony g\u00e9pel\u00e9st biztos\u00edt. Strapab\u00edr\u00f3 fel\u00e9p\u00edt\u00e9s\u00e9nek \u00e9s egyszer\u0171 szerelhet\u0151s\u00e9g\u00e9nek k\u00f6sz\u00f6nhet\u0151en megb\u00edzhat\u00f3 v\u00e1laszt\u00e1s megl\u00e9v\u0151 billenty\u0171zete cser\u00e9j\u00e9hez.<\/p>\n","protected":false},"featured_media":1796,"template":"","meta":[],"product_brand":[],"product_cat":[35],"product_tag":[26],"class_list":{"0":"post-1725","1":"product","2":"type-product","3":"status-publish","4":"has-post-thumbnail","6":"product_cat-laptop-keyboard","7":"product_tag-lenovo","9":"first","10":"instock","11":"taxable","12":"shipping-taxable","13":"purchasable","14":"product-type-simple"},"_links":{"self":[{"href":"https:\/\/boreait.com\/hu\/wp-json\/wp\/v2\/product\/1725","targetHints":{"allow":["GET"]}}],"collection":[{"href":"https:\/\/boreait.com\/hu\/wp-json\/wp\/v2\/product"}],"about":[{"href":"https:\/\/boreait.com\/hu\/wp-json\/wp\/v2\/types\/product"}],"wp:featuredmedia":[{"embeddable":true,"href":"https:\/\/boreait.com\/hu\/wp-json\/wp\/v2\/media\/1796"}],"wp:attachment":[{"href":"https:\/\/boreait.com\/hu\/wp-json\/wp\/v2\/media?parent=1725"}],"wp:term":[{"taxonomy":"product_brand","embeddable":true,"href":"https:\/\/boreait.com\/hu\/wp-json\/wp\/v2\/product_brand?post=1725"},{"taxonomy":"product_cat","embeddable":true,"href":"https:\/\/boreait.com\/hu\/wp-json\/wp\/v2\/product_cat?post=1725"},{"taxonomy":"product_tag","embeddable":true,"href":"https:\/\/boreait.com\/hu\/wp-json\/wp\/v2\/product_tag?post=1725"}],"curies":[{"name":"wp","href":"https:\/\/api.w.org\/{rel}","templated":true}]}}