{"id":1565,"date":"2025-09-17T10:04:31","date_gmt":"2025-09-17T08:04:31","guid":{"rendered":"https:\/\/boreait.com\/hu\/?post_type=product&#038;p=1565"},"modified":"2026-01-07T09:03:38","modified_gmt":"2026-01-07T08:03:38","slug":"lenovo-thinkpad-t450-20bu-20bv-20dj-sorozatu-laptop-usb-i-o-kartya-00hn553-kabellel","status":"publish","type":"product","link":"https:\/\/boreait.com\/hu\/termek\/lenovo-thinkpad-t450-20bu-20bv-20dj-sorozatu-laptop-usb-i-o-kartya-00hn553-kabellel\/","title":{"rendered":"LENOVO THINKPAD T450 20BU 20BV 20DJ SOROZAT\u00da LAPTOP USB I\/O k\u00e1rtya 00HN553 k\u00e1bellel"},"content":{"rendered":"<p>B\u0151v\u00edtse Lenovo ThinkPad T450 20BU, 20BV vagy 20DJ sorozat\u00fa laptopja csatlakoztathat\u00f3s\u00e1g\u00e1t \u00e9s haszn\u00e1lhat\u00f3s\u00e1g\u00e1t a LENOVO THINKPAD T450 20BU 20BV 20DJ SOROZAT\u00da LAPTOP USB I\/O k\u00e1rtya 00HN553 K\u00c1BEL seg\u00edts\u00e9g\u00e9vel. A tov\u00e1bbi USB-portok biztos\u00edt\u00e1s\u00e1ra \u00e9s a laptop k\u00e9pess\u00e9geinek b\u0151v\u00edt\u00e9s\u00e9re tervezett, k\u00e1bellel ell\u00e1tott USB I\/O-k\u00e1rtya megb\u00edzhat\u00f3 \u00e9s hiteles megold\u00e1st k\u00edn\u00e1l a fokozott csatlakoztathat\u00f3s\u00e1g \u00e9s k\u00e9nyelem \u00e9rdek\u00e9ben.<\/p>\n<p>A Lenovo, a sz\u00e1m\u00edt\u00e1stechnika elismert vezet\u0151 gy\u00e1rt\u00f3ja \u00e1ltal gy\u00e1rtott LENOVO THINKPAD T450 20BU 20BV 20DJ SOROZAT\u00da LAPTOP USB I\/O BOARD 00HN553 K\u00c1BELEVAL, apr\u00f3l\u00e9kosan megtervezve, hogy z\u00f6kken\u0151mentesen integr\u00e1l\u00f3djon laptopja kialak\u00edt\u00e1s\u00e1ba. A b\u0151v\u00edtett csatlakoztathat\u00f3s\u00e1g elengedhetetlen elemek\u00e9nt ez a k\u00e1rtya gyakorlati el\u0151ny\u00f6ket \u00e9s fokozott sokoldal\u00fas\u00e1got k\u00edn\u00e1l.<\/p>\n<p>Ak\u00e1r k\u00fcls\u0151 eszk\u00f6z\u00f6ket, perif\u00e9ri\u00e1kat vagy tartoz\u00e9kokat csatlakoztat, ez az USB I\/O k\u00e1rtya k\u00f6nny\u0171 hozz\u00e1f\u00e9r\u00e9st biztos\u00edt tov\u00e1bbi USB-portokhoz. Ez lehet\u0151v\u00e9 teszi laptopja k\u00e9pess\u00e9geinek b\u0151v\u00edt\u00e9s\u00e9t, \u00e9s leegyszer\u0171s\u00edti a t\u00f6bb eszk\u00f6z, p\u00e9ld\u00e1ul flash meghajt\u00f3k, k\u00fcls\u0151 merevlemezek \u00e9s egyebek csatlakoztat\u00e1s\u00e1nak folyamat\u00e1t.<\/p>\n<p>A telep\u00edt\u00e9s egyszer\u0171, mivel ezt a k\u00e1beles USB I\/O k\u00e1rty\u00e1t arra tervezt\u00e9k, hogy gond n\u00e9lk\u00fcl lecser\u00e9lje laptopja megl\u00e9v\u0151 k\u00e1rty\u00e1j\u00e1t. Ha autentikus Lenovo alkatr\u00e9szeket v\u00e1laszt, akkor laptopja min\u0151s\u00e9g\u00e9be, megb\u00edzhat\u00f3s\u00e1g\u00e1ba \u00e9s jobb csatlakoztathat\u00f3s\u00e1g\u00e1ba fektet be.<\/p>\n<p>B\u0151v\u00edtse laptopja csatlakoz\u00e1si lehet\u0151s\u00e9geit a LENOVO THINKPAD T450 20BU 20BV 20DJ SOROZAT\u00da LAPTOP USB I\/O k\u00e1rty\u00e1val, 00HN553 K\u00c1BELEVAL. \u00c9lvezze a tov\u00e1bbfejlesztett sokoldal\u00fas\u00e1got \u00e9s az USB-portokhoz val\u00f3 jobb hozz\u00e1f\u00e9r\u00e9st a magasabb szint\u0171 sz\u00e1m\u00edt\u00e1stechnikai \u00e9lm\u00e9ny \u00e9rdek\u00e9ben.<\/p>\n<p>V\u00e1s\u00e1rl\u00e1s el\u0151tt ellen\u0151rizze, hogy kompatibilis-e az adott laptopmodellj\u00e9vel.<\/p>\n","protected":false},"excerpt":{"rendered":"<p>N\u00f6velje Lenovo ThinkPad T450 20BU, 20BV vagy 20DJ sorozat\u00fa laptopja csatlakoztathat\u00f3s\u00e1g\u00e1t a LENOVO THINKPAD T450 20BU 20BV 20DJ SOROZAT\u00da LAPTOP USB I\/O k\u00e1rty\u00e1val, 00HN553 K\u00c1BELLAL. \u00c9lvezze a tov\u00e1bbi USB-portokat \u00e9s a tov\u00e1bbfejlesztett sokoldal\u00fas\u00e1got a magasabb szint\u0171 sz\u00e1m\u00edt\u00e1stechnikai \u00e9lm\u00e9ny \u00e9rdek\u00e9ben.<\/p>\n","protected":false},"featured_media":1627,"template":"","meta":[],"product_brand":[],"product_cat":[27],"product_tag":[26],"class_list":{"0":"post-1565","1":"product","2":"type-product","3":"status-publish","4":"has-post-thumbnail","6":"product_cat-motherboards-board-parts","7":"product_tag-lenovo","9":"first","10":"instock","11":"taxable","12":"shipping-taxable","13":"purchasable","14":"product-type-simple"},"_links":{"self":[{"href":"https:\/\/boreait.com\/hu\/wp-json\/wp\/v2\/product\/1565","targetHints":{"allow":["GET"]}}],"collection":[{"href":"https:\/\/boreait.com\/hu\/wp-json\/wp\/v2\/product"}],"about":[{"href":"https:\/\/boreait.com\/hu\/wp-json\/wp\/v2\/types\/product"}],"wp:featuredmedia":[{"embeddable":true,"href":"https:\/\/boreait.com\/hu\/wp-json\/wp\/v2\/media\/1627"}],"wp:attachment":[{"href":"https:\/\/boreait.com\/hu\/wp-json\/wp\/v2\/media?parent=1565"}],"wp:term":[{"taxonomy":"product_brand","embeddable":true,"href":"https:\/\/boreait.com\/hu\/wp-json\/wp\/v2\/product_brand?post=1565"},{"taxonomy":"product_cat","embeddable":true,"href":"https:\/\/boreait.com\/hu\/wp-json\/wp\/v2\/product_cat?post=1565"},{"taxonomy":"product_tag","embeddable":true,"href":"https:\/\/boreait.com\/hu\/wp-json\/wp\/v2\/product_tag?post=1565"}],"curies":[{"name":"wp","href":"https:\/\/api.w.org\/{rel}","templated":true}]}}