{"id":1564,"date":"2025-09-17T10:04:31","date_gmt":"2025-09-17T08:04:31","guid":{"rendered":"https:\/\/boreait.com\/hu\/?post_type=product&#038;p=1564"},"modified":"2026-01-07T09:03:22","modified_gmt":"2026-01-07T08:03:22","slug":"dell-latitude-e5570-led-kartya-ls-c641p-kabellel","status":"publish","type":"product","link":"https:\/\/boreait.com\/hu\/termek\/dell-latitude-e5570-led-kartya-ls-c641p-kabellel\/","title":{"rendered":"Dell Latitude E5570 LED k\u00e1rtya LS-C641P k\u00e1bellel"},"content":{"rendered":"<p>B\u0151v\u00edtse Dell Latitude E5570 laptopja vizu\u00e1lis \u00e9lm\u00e9ny\u00e9t a Dell Latitude E5570 LED k\u00e1rty\u00e1val LS-C641P k\u00e1bellel. A laptop kijelz\u0151j\u00e9nek jav\u00edt\u00e1s\u00e1ra \u00e9s megb\u00edzhat\u00f3 h\u00e1tt\u00e9rvil\u00e1g\u00edt\u00e1sra tervezett LED-es t\u00e1bla hiteles \u00e9s megb\u00edzhat\u00f3 megold\u00e1st k\u00edn\u00e1l a jobb vizu\u00e1lis tisztas\u00e1g \u00e9s f\u00e9nyer\u0151 \u00e9rdek\u00e9ben.<\/p>\n<p>A Dell, a sz\u00e1m\u00edt\u00e1stechnika tekint\u00e9lyes vezet\u0151 gy\u00e1rt\u00f3ja \u00e1ltal gy\u00e1rtott Dell Latitude E5570 LED k\u00e1rtya LS-C641P k\u00e1bellel \u00fagy lett megtervezve, hogy z\u00f6kken\u0151mentesen illeszkedjen a laptop diz\u00e1jnj\u00e1ba. A kijelz\u0151 megvil\u00e1g\u00edt\u00e1s\u00e1nak alapvet\u0151 elemek\u00e9nt ez a t\u00e1bla gyakorlati el\u0151ny\u00f6ket \u00e9s fokozott vizu\u00e1lis teljes\u00edtm\u00e9nyt k\u00edn\u00e1l.<\/p>\n<p>Ak\u00e1r gyenge megvil\u00e1g\u00edt\u00e1s\u00fa k\u00f6rnyezetben dolgozik, filmeket n\u00e9z vagy b\u00f6ng\u00e9szik az interneten, ez a LED-t\u00e1bla biztos\u00edtja, hogy laptopja kijelz\u0151je tiszta \u00e9s j\u00f3l megvil\u00e1g\u00edtott maradjon. Kiv\u00e1l\u00f3 min\u0151s\u00e9g\u0171 fel\u00e9p\u00edt\u00e9se egyenletes h\u00e1tt\u00e9rf\u00e9nyeloszl\u00e1st \u00e9s jobb f\u00e9nyer\u0151t garant\u00e1l, ami hozz\u00e1j\u00e1rul a k\u00e9nyelmes \u00e9s mag\u00e1val ragad\u00f3 vizu\u00e1lis \u00e9lm\u00e9nyhez.<\/p>\n<p>A telep\u00edt\u00e9s egyszer\u0171, mivel ezt a LED-es k\u00e1rty\u00e1t arra tervezt\u00e9k, hogy gond n\u00e9lk\u00fcl lecser\u00e9lje laptopja megl\u00e9v\u0151 k\u00e1rty\u00e1j\u00e1t. Az eredeti Dell alkatr\u00e9szek v\u00e1laszt\u00e1s\u00e1val \u00d6n laptopja min\u0151s\u00e9g\u00e9be, megb\u00edzhat\u00f3s\u00e1g\u00e1ba \u00e9s jobb vizu\u00e1lis teljes\u00edtm\u00e9ny\u00e9be fektet be.<\/p>\n<p>Friss\u00edtse laptopja kijelz\u0151j\u00e9nek megvil\u00e1g\u00edt\u00e1s\u00e1t a Dell Latitude E5570 LED k\u00e1rty\u00e1val LS-C641P k\u00e1bellel. \u00c9lvezze a tov\u00e1bbfejlesztett f\u00e9nyer\u0151t \u00e9s a fokozott vizu\u00e1lis tisztas\u00e1got a magasabb multim\u00e9di\u00e1s \u00e9s termel\u00e9kenys\u00e9gi \u00e9lm\u00e9ny \u00e9rdek\u00e9ben.<\/p>\n<p>V\u00e1s\u00e1rl\u00e1s el\u0151tt ellen\u0151rizze, hogy kompatibilis-e az adott laptopmodellj\u00e9vel.<\/p>\n","protected":false},"excerpt":{"rendered":"<p>Fokozza Dell Latitude E5570 laptopja kijelz\u0151j\u00e9nek megvil\u00e1g\u00edt\u00e1s\u00e1t a Dell Latitude E5570 LED k\u00e1rty\u00e1val LS-C641P k\u00e1bellel. \u00c9lvezze a tov\u00e1bbfejlesztett f\u00e9nyer\u0151t \u00e9s a fokozott vizu\u00e1lis tisztas\u00e1got a magasabb multim\u00e9di\u00e1s \u00e9s termel\u00e9kenys\u00e9gi \u00e9lm\u00e9ny \u00e9rdek\u00e9ben.<\/p>\n","protected":false},"featured_media":1626,"template":"","meta":[],"product_brand":[],"product_cat":[27],"product_tag":[17],"class_list":{"0":"post-1564","1":"product","2":"type-product","3":"status-publish","4":"has-post-thumbnail","6":"product_cat-motherboards-board-parts","7":"product_tag-dell","9":"first","10":"instock","11":"taxable","12":"shipping-taxable","13":"purchasable","14":"product-type-simple"},"_links":{"self":[{"href":"https:\/\/boreait.com\/hu\/wp-json\/wp\/v2\/product\/1564","targetHints":{"allow":["GET"]}}],"collection":[{"href":"https:\/\/boreait.com\/hu\/wp-json\/wp\/v2\/product"}],"about":[{"href":"https:\/\/boreait.com\/hu\/wp-json\/wp\/v2\/types\/product"}],"wp:featuredmedia":[{"embeddable":true,"href":"https:\/\/boreait.com\/hu\/wp-json\/wp\/v2\/media\/1626"}],"wp:attachment":[{"href":"https:\/\/boreait.com\/hu\/wp-json\/wp\/v2\/media?parent=1564"}],"wp:term":[{"taxonomy":"product_brand","embeddable":true,"href":"https:\/\/boreait.com\/hu\/wp-json\/wp\/v2\/product_brand?post=1564"},{"taxonomy":"product_cat","embeddable":true,"href":"https:\/\/boreait.com\/hu\/wp-json\/wp\/v2\/product_cat?post=1564"},{"taxonomy":"product_tag","embeddable":true,"href":"https:\/\/boreait.com\/hu\/wp-json\/wp\/v2\/product_tag?post=1564"}],"curies":[{"name":"wp","href":"https:\/\/api.w.org\/{rel}","templated":true}]}}