{"id":1551,"date":"2025-09-17T10:04:09","date_gmt":"2025-09-17T08:04:09","guid":{"rendered":"https:\/\/boreait.com\/hu\/?post_type=product&#038;p=1551"},"modified":"2026-01-07T09:03:02","modified_gmt":"2026-01-07T08:03:02","slug":"lenovo-ideapad-z50-70-156-eredeti-laptop-wifi-vezetek-nelkuli-kartya-rtl8723be","status":"publish","type":"product","link":"https:\/\/boreait.com\/hu\/termek\/lenovo-ideapad-z50-70-156-eredeti-laptop-wifi-vezetek-nelkuli-kartya-rtl8723be\/","title":{"rendered":"Lenovo Ideapad Z50-70 15,6&#8243; eredeti laptop WiFi vezet\u00e9k n\u00e9lk\u00fcli k\u00e1rtya RTL8723BE"},"content":{"rendered":"<p>Fokozza vezet\u00e9k n\u00e9lk\u00fcli kapcsolat\u00e1t a Lenovo Ideapad Z50-70 laptopon a Lenovo Ideapad Z50-70 15,6&#8243;-es eredeti laptop WiFi vezet\u00e9k n\u00e9lk\u00fcli RTL8723BE k\u00e1rty\u00e1val. Ez a megb\u00edzhat\u00f3 \u00e9s z\u00f6kken\u0151mentes vezet\u00e9k n\u00e9lk\u00fcli h\u00e1l\u00f3zatot biztos\u00edt\u00f3 eredeti vezet\u00e9k n\u00e9lk\u00fcli k\u00e1rtya megb\u00edzhat\u00f3 megold\u00e1st k\u00edn\u00e1l a jobb internet-hozz\u00e1f\u00e9r\u00e9shez \u00e9s csatlakoz\u00e1shoz.<\/p>\n<p>A Lenovo, a sz\u00e1m\u00edt\u00e1stechnika megb\u00edzhat\u00f3 vezet\u0151j\u00e9nek sz\u00e1m\u00edt\u00f3 Lenovo Ideapad Z50-70 15,6 h\u00fcvelykes, eredeti laptop WiFi vezet\u00e9k n\u00e9lk\u00fcli RTL8723BE k\u00e1rty\u00e1t apr\u00f3l\u00e9kosan \u00fagy tervezt\u00e9k, hogy z\u00f6kken\u0151mentesen integr\u00e1l\u00f3djon a laptop kialak\u00edt\u00e1s\u00e1ba. A vezet\u00e9k n\u00e9lk\u00fcli h\u00e1l\u00f3zat\u00e9p\u00edt\u00e9s kulcsfontoss\u00e1g\u00fa \u00f6sszetev\u0151jek\u00e9nt ez a k\u00e1rtya a praktikus csatlakoz\u00e1si el\u0151ny\u00f6ket is k\u00edn\u00e1lja.<\/p>\n<p>Ak\u00e1r az interneten b\u00f6ng\u00e9szik, tartalmat streamel, ak\u00e1r koll\u00e9g\u00e1ival \u00e9s bar\u00e1taival kommunik\u00e1l, ez a vezet\u00e9k n\u00e9lk\u00fcli k\u00e1rtya stabil \u00e9s \u00e1lland\u00f3 internet-hozz\u00e1f\u00e9r\u00e9st biztos\u00edt. Kiv\u00e1l\u00f3 min\u0151s\u00e9g\u0171 fel\u00e9p\u00edt\u00e9se megb\u00edzhat\u00f3 jeler\u0151ss\u00e9get \u00e9s hat\u00e9kony adat\u00e1tvitelt garant\u00e1l m\u00e9g kih\u00edv\u00e1sokkal teli vezet\u00e9k n\u00e9lk\u00fcli k\u00f6rnyezetben is.<\/p>\n<p>A telep\u00edt\u00e9s egyszer\u0171, mivel ezt a vezet\u00e9k n\u00e9lk\u00fcli k\u00e1rty\u00e1t \u00fagy tervezt\u00e9k, hogy gond n\u00e9lk\u00fcl lecser\u00e9lje a laptop megl\u00e9v\u0151 k\u00e1rty\u00e1j\u00e1t. Ha autentikus Lenovo alkatr\u00e9szeket v\u00e1laszt, akkor laptopja min\u0151s\u00e9g\u00e9be, megb\u00edzhat\u00f3s\u00e1g\u00e1ba \u00e9s tov\u00e1bbfejlesztett vezet\u00e9k n\u00e9lk\u00fcli kapcsolat\u00e1ba fektet be.<\/p>\n<p>Friss\u00edtse laptopja vezet\u00e9k n\u00e9lk\u00fcli h\u00e1l\u00f3zat\u00e1t a Lenovo Ideapad Z50-70 15,6&#8243;-es eredeti laptop WiFi vezet\u00e9k n\u00e9lk\u00fcli RTL8723BE k\u00e1rty\u00e1val. \u00c9lvezze a stabil \u00e9s hat\u00e9kony internet-hozz\u00e1f\u00e9r\u00e9st a jobb online \u00e9lm\u00e9ny \u00e9rdek\u00e9ben.<\/p>\n<p>V\u00e1s\u00e1rl\u00e1s el\u0151tt ellen\u0151rizze, hogy kompatibilis-e az adott laptopmodellj\u00e9vel.<\/p>\n","protected":false},"excerpt":{"rendered":"<p>Fokozza Lenovo Ideapad Z50-70 laptopja vezet\u00e9k n\u00e9lk\u00fcli h\u00e1l\u00f3zat\u00e1t a Lenovo Ideapad Z50-70 15,6&#8243;-es eredeti laptop WiFi vezet\u00e9k n\u00e9lk\u00fcli RTL8723BE k\u00e1rty\u00e1val. \u00c9lvezze a stabil \u00e9s hat\u00e9kony internet-hozz\u00e1f\u00e9r\u00e9st a jobb online \u00e9lm\u00e9ny \u00e9rdek\u00e9ben.<\/p>\n","protected":false},"featured_media":1616,"template":"","meta":[],"product_brand":[],"product_cat":[27],"product_tag":[26],"class_list":{"0":"post-1551","1":"product","2":"type-product","3":"status-publish","4":"has-post-thumbnail","6":"product_cat-motherboards-board-parts","7":"product_tag-lenovo","9":"first","10":"instock","11":"taxable","12":"shipping-taxable","13":"purchasable","14":"product-type-simple"},"_links":{"self":[{"href":"https:\/\/boreait.com\/hu\/wp-json\/wp\/v2\/product\/1551","targetHints":{"allow":["GET"]}}],"collection":[{"href":"https:\/\/boreait.com\/hu\/wp-json\/wp\/v2\/product"}],"about":[{"href":"https:\/\/boreait.com\/hu\/wp-json\/wp\/v2\/types\/product"}],"wp:featuredmedia":[{"embeddable":true,"href":"https:\/\/boreait.com\/hu\/wp-json\/wp\/v2\/media\/1616"}],"wp:attachment":[{"href":"https:\/\/boreait.com\/hu\/wp-json\/wp\/v2\/media?parent=1551"}],"wp:term":[{"taxonomy":"product_brand","embeddable":true,"href":"https:\/\/boreait.com\/hu\/wp-json\/wp\/v2\/product_brand?post=1551"},{"taxonomy":"product_cat","embeddable":true,"href":"https:\/\/boreait.com\/hu\/wp-json\/wp\/v2\/product_cat?post=1551"},{"taxonomy":"product_tag","embeddable":true,"href":"https:\/\/boreait.com\/hu\/wp-json\/wp\/v2\/product_tag?post=1551"}],"curies":[{"name":"wp","href":"https:\/\/api.w.org\/{rel}","templated":true}]}}