{"id":1550,"date":"2025-09-17T10:04:08","date_gmt":"2025-09-17T08:04:08","guid":{"rendered":"https:\/\/boreait.com\/hu\/?post_type=product&#038;p=1550"},"modified":"2026-01-07T09:02:42","modified_gmt":"2026-01-07T08:02:42","slug":"dell-latitude-e7470-csatlakozo-panel-ls-c462p-kabellel","status":"publish","type":"product","link":"https:\/\/boreait.com\/hu\/termek\/dell-latitude-e7470-csatlakozo-panel-ls-c462p-kabellel\/","title":{"rendered":"Dell Latitude E7470 csatlakoz\u00f3 panel LS-C462P k\u00e1bellel"},"content":{"rendered":"<p>B\u0151v\u00edtse Dell Latitude E7470 laptopja csatlakoztathat\u00f3s\u00e1g\u00e1t \u00e9s funkcionalit\u00e1s\u00e1t a Dell Latitude E7470 csatlakoz\u00f3panel k\u00e1rty\u00e1val, LS-C462P k\u00e1bellel. Ez a kieg\u00e9sz\u00edt\u0151 portok \u00e9s csatlakoz\u00e1si lehet\u0151s\u00e9gek biztos\u00edt\u00e1s\u00e1ra tervezett csatlakoz\u00f3panel hiteles \u00e9s megb\u00edzhat\u00f3 megold\u00e1s laptopja k\u00e9pess\u00e9geinek b\u0151v\u00edt\u00e9s\u00e9re.<\/p>\n<p>A Dell, a sz\u00e1m\u00edt\u00e1stechnika megb\u00edzhat\u00f3 vezet\u0151 gy\u00e1rt\u00f3ja \u00e1ltal gy\u00e1rtott Dell Latitude E7470 csatlakoz\u00f3panel LS-C462P k\u00e1bellel, gondosan megtervezve, hogy z\u00f6kken\u0151mentesen illeszkedjen a laptop kialak\u00edt\u00e1s\u00e1ba. A b\u0151v\u00edtett csatlakoztathat\u00f3s\u00e1g elengedhetetlen elemek\u00e9nt ez a k\u00e1rtya praktikus el\u0151ny\u00f6ket \u00e9s tov\u00e1bbfejlesztett sokoldal\u00fas\u00e1got k\u00edn\u00e1l.<\/p>\n<p>Ak\u00e1r k\u00fcls\u0151 eszk\u00f6z\u00f6ket, perif\u00e9ri\u00e1kat vagy tartoz\u00e9kokat csatlakoztat, ez az eloszt\u00f3panel egyszer\u0171 hozz\u00e1f\u00e9r\u00e9st biztos\u00edt tov\u00e1bbi portokhoz, p\u00e9ld\u00e1ul USB-, audio- vagy egy\u00e9b interf\u00e9szekhez. Ezzel b\u0151v\u00edtheti laptopja k\u00e9pess\u00e9geit, \u00e9s leegyszer\u0171s\u00edtheti a t\u00f6bb eszk\u00f6z csatlakoztat\u00e1s\u00e1nak folyamat\u00e1t.<\/p>\n<p>A telep\u00edt\u00e9s egyszer\u0171, mivel ezt az eloszt\u00f3panelt arra tervezt\u00e9k, hogy gond n\u00e9lk\u00fcl lecser\u00e9lje a laptop megl\u00e9v\u0151 k\u00e1rty\u00e1j\u00e1t. Az eredeti Dell alkatr\u00e9szek kiv\u00e1laszt\u00e1s\u00e1val laptopja min\u0151s\u00e9g\u00e9be, megb\u00edzhat\u00f3s\u00e1g\u00e1ba \u00e9s jobb csatlakoztathat\u00f3s\u00e1g\u00e1ba fektet be.<\/p>\n<p>B\u0151v\u00edtse laptopja csatlakoz\u00e1si lehet\u0151s\u00e9geit a Dell Latitude E7470 csatlakoz\u00f3panel k\u00e1rty\u00e1val, LS-C462P k\u00e1bellel. \u00c9lvezze a tov\u00e1bbfejlesztett sokoldal\u00fas\u00e1got \u00e9s a sz\u00e1mos porthoz val\u00f3 jobb hozz\u00e1f\u00e9r\u00e9st a magasabb szint\u0171 sz\u00e1m\u00edt\u00e1stechnikai \u00e9lm\u00e9ny \u00e9rdek\u00e9ben.<\/p>\n<p>V\u00e1s\u00e1rl\u00e1s el\u0151tt ellen\u0151rizze, hogy kompatibilis-e az adott laptopmodellj\u00e9vel.<\/p>\n","protected":false},"excerpt":{"rendered":"<p>B\u0151v\u00edtse Dell Latitude E7470 laptopja csatlakoz\u00e1si lehet\u0151s\u00e9geit az LS-C462P k\u00e1bellel ell\u00e1tott Dell Latitude E7470 csatlakoz\u00f3 panellel. \u00c9lvezze a tov\u00e1bbi portokhoz val\u00f3 k\u00f6nny\u0171 hozz\u00e1f\u00e9r\u00e9st \u00e9s a tov\u00e1bbfejlesztett sokoldal\u00fas\u00e1got a jobb sz\u00e1m\u00edt\u00e1stechnikai \u00e9lm\u00e9ny \u00e9rdek\u00e9ben.<\/p>\n","protected":false},"featured_media":1615,"template":"","meta":[],"product_brand":[],"product_cat":[27],"product_tag":[17],"class_list":{"0":"post-1550","1":"product","2":"type-product","3":"status-publish","4":"has-post-thumbnail","6":"product_cat-motherboards-board-parts","7":"product_tag-dell","9":"first","10":"instock","11":"taxable","12":"shipping-taxable","13":"purchasable","14":"product-type-simple"},"_links":{"self":[{"href":"https:\/\/boreait.com\/hu\/wp-json\/wp\/v2\/product\/1550","targetHints":{"allow":["GET"]}}],"collection":[{"href":"https:\/\/boreait.com\/hu\/wp-json\/wp\/v2\/product"}],"about":[{"href":"https:\/\/boreait.com\/hu\/wp-json\/wp\/v2\/types\/product"}],"wp:featuredmedia":[{"embeddable":true,"href":"https:\/\/boreait.com\/hu\/wp-json\/wp\/v2\/media\/1615"}],"wp:attachment":[{"href":"https:\/\/boreait.com\/hu\/wp-json\/wp\/v2\/media?parent=1550"}],"wp:term":[{"taxonomy":"product_brand","embeddable":true,"href":"https:\/\/boreait.com\/hu\/wp-json\/wp\/v2\/product_brand?post=1550"},{"taxonomy":"product_cat","embeddable":true,"href":"https:\/\/boreait.com\/hu\/wp-json\/wp\/v2\/product_cat?post=1550"},{"taxonomy":"product_tag","embeddable":true,"href":"https:\/\/boreait.com\/hu\/wp-json\/wp\/v2\/product_tag?post=1550"}],"curies":[{"name":"wp","href":"https:\/\/api.w.org\/{rel}","templated":true}]}}