{"id":1548,"date":"2025-09-17T10:04:08","date_gmt":"2025-09-17T08:04:08","guid":{"rendered":"https:\/\/boreait.com\/hu\/?post_type=product&#038;p=1548"},"modified":"2026-01-07T09:02:25","modified_gmt":"2026-01-07T08:02:25","slug":"compaq-armed-sub-board-pcb-53p6403transb-stick","status":"publish","type":"product","link":"https:\/\/boreait.com\/hu\/termek\/compaq-armed-sub-board-pcb-53p6403transb-stick\/","title":{"rendered":"COMPAQ ARMED SUB BOARD PCB-53P6403TRANSB\/STICK"},"content":{"rendered":"<p>N\u00f6velje Compaq laptopja funkcionalit\u00e1s\u00e1t \u00e9s sokoldal\u00fas\u00e1g\u00e1t a Compaq Armed Sub Board PCB-53P6403TRANSB\/STICK seg\u00edts\u00e9g\u00e9vel. A tov\u00e1bbi beviteli lehet\u0151s\u00e9gek biztos\u00edt\u00e1s\u00e1ra \u00e9s a laptop k\u00e9pess\u00e9geinek b\u0151v\u00edt\u00e9s\u00e9re tervezett alk\u00e1rtya megb\u00edzhat\u00f3 \u00e9s hiteles kieg\u00e9sz\u00edt\u0151je laptopj\u00e1nak.<\/p>\n<p>A Compaq, a sz\u00e1m\u00edt\u00e1stechnika tekint\u00e9lyes vezet\u0151 gy\u00e1rt\u00f3ja \u00e1ltal gy\u00e1rtott Compaq Armed Sub Board PCB-53P6403TRANSB\/STICK apr\u00f3l\u00e9kosan \u00fagy lett megtervezve, hogy z\u00f6kken\u0151mentesen illeszkedjen a laptop diz\u00e1jnj\u00e1ba. A bemeneti funkci\u00f3k hozz\u00e1ad\u00e1s\u00e1nak alapvet\u0151 \u00f6sszetev\u0151jek\u00e9nt ez az alk\u00e1rtya gyakorlati el\u0151ny\u00f6ket \u00e9s kib\u0151v\u00edtett funkcionalit\u00e1st k\u00edn\u00e1l.<\/p>\n<p>Legyen sz\u00f3 kreat\u00edv szakemberr\u0151l, j\u00e1t\u00e9kosr\u00f3l vagy gyakorlott felhaszn\u00e1l\u00f3r\u00f3l, ez az alk\u00e1rtya lehet\u0151v\u00e9 teszi k\u00fcls\u0151 eszk\u00f6z\u00f6k, p\u00e9ld\u00e1ul joystickok, j\u00e1t\u00e9kvez\u00e9rl\u0151k vagy speci\u00e1lis beviteli eszk\u00f6z\u00f6k csatlakoztat\u00e1s\u00e1t. Ez lehet\u0151v\u00e9 teszi az alkalmaz\u00e1sok sz\u00e9lesebb sk\u00e1l\u00e1j\u00e1nak \u00e9lvezet\u00e9t \u00e9s a laptop funkci\u00f3inak jobb vez\u00e9rl\u00e9s\u00e9t.<\/p>\n<p>A telep\u00edt\u00e9s egyszer\u0171, mivel ezt az alk\u00e1rty\u00e1t \u00fagy tervezt\u00e9k, hogy k\u00f6zvetlen\u00fcl a laptop sz\u00e1m\u00e1ra kijel\u00f6lt ny\u00edl\u00e1sba illeszkedjen. Az eredeti Compaq alkatr\u00e9szek kiv\u00e1laszt\u00e1s\u00e1val laptopja min\u0151s\u00e9g\u00e9be, megb\u00edzhat\u00f3s\u00e1g\u00e1ba \u00e9s b\u0151v\u00edtett funkcionalit\u00e1s\u00e1ba fektet be.<\/p>\n<p>Friss\u00edtse laptopja k\u00e9pess\u00e9geit a Compaq Armed Sub Board PCB-53P6403TRANSB\/STICK k\u00e1rty\u00e1val. \u00c9lvezze a kiterjesztett beviteli lehet\u0151s\u00e9geket \u00e9s a tov\u00e1bbfejlesztett vez\u00e9rl\u00e9st a jobb sz\u00e1m\u00edt\u00e1stechnikai \u00e9lm\u00e9ny \u00e9rdek\u00e9ben.<\/p>\n<p>V\u00e1s\u00e1rl\u00e1s el\u0151tt ellen\u0151rizze, hogy kompatibilis-e az adott laptopmodellj\u00e9vel.<\/p>\n","protected":false},"excerpt":{"rendered":"<p>B\u0151v\u00edtse Compaq laptopja k\u00e9pess\u00e9geit a Compaq Armed Sub Board PCB-53P6403TRANSB\/STICK k\u00e1rty\u00e1val. \u00c9lvezze a tov\u00e1bbi beviteli lehet\u0151s\u00e9geket \u00e9s a tov\u00e1bbfejlesztett vez\u00e9rl\u00e9st a jobb sz\u00e1m\u00edt\u00e1stechnikai \u00e9lm\u00e9ny \u00e9rdek\u00e9ben.<\/p>\n","protected":false},"featured_media":1612,"template":"","meta":[],"product_brand":[],"product_cat":[27],"product_tag":[25],"class_list":{"0":"post-1548","1":"product","2":"type-product","3":"status-publish","4":"has-post-thumbnail","6":"product_cat-motherboards-board-parts","7":"product_tag-hp","9":"first","10":"instock","11":"taxable","12":"shipping-taxable","13":"purchasable","14":"product-type-simple"},"_links":{"self":[{"href":"https:\/\/boreait.com\/hu\/wp-json\/wp\/v2\/product\/1548","targetHints":{"allow":["GET"]}}],"collection":[{"href":"https:\/\/boreait.com\/hu\/wp-json\/wp\/v2\/product"}],"about":[{"href":"https:\/\/boreait.com\/hu\/wp-json\/wp\/v2\/types\/product"}],"wp:featuredmedia":[{"embeddable":true,"href":"https:\/\/boreait.com\/hu\/wp-json\/wp\/v2\/media\/1612"}],"wp:attachment":[{"href":"https:\/\/boreait.com\/hu\/wp-json\/wp\/v2\/media?parent=1548"}],"wp:term":[{"taxonomy":"product_brand","embeddable":true,"href":"https:\/\/boreait.com\/hu\/wp-json\/wp\/v2\/product_brand?post=1548"},{"taxonomy":"product_cat","embeddable":true,"href":"https:\/\/boreait.com\/hu\/wp-json\/wp\/v2\/product_cat?post=1548"},{"taxonomy":"product_tag","embeddable":true,"href":"https:\/\/boreait.com\/hu\/wp-json\/wp\/v2\/product_tag?post=1548"}],"curies":[{"name":"wp","href":"https:\/\/api.w.org\/{rel}","templated":true}]}}