{"id":1547,"date":"2025-09-17T10:04:08","date_gmt":"2025-09-17T08:04:08","guid":{"rendered":"https:\/\/boreait.com\/hu\/?post_type=product&#038;p=1547"},"modified":"2026-01-07T09:02:07","modified_gmt":"2026-01-07T08:02:07","slug":"lenovo-z50-70-kijelzokabel-videokabel-dc02001mc00","status":"publish","type":"product","link":"https:\/\/boreait.com\/hu\/termek\/lenovo-z50-70-kijelzokabel-videokabel-dc02001mc00\/","title":{"rendered":"Lenovo Z50-70 kijelz\u0151k\u00e1bel videok\u00e1bel DC02001MC00"},"content":{"rendered":"<p>N\u00f6velje vizu\u00e1lis \u00e9lm\u00e9ny\u00e9t a Lenovo Z50-70 laptopon a Lenovo Z50-70 kijelz\u0151k\u00e1bel DC02001MC00 videok\u00e1bellel. Ezt a videok\u00e1belt arra tervezt\u00e9k, hogy kiv\u00e1l\u00f3 min\u0151s\u00e9g\u0171 videojeleket tov\u00e1bb\u00edtson a laptop kijelz\u0151je \u00e9s az alaplap k\u00f6z\u00f6tt, \u00e9s z\u00f6kken\u0151mentes \u00e9s \u00e9l\u00e9nk l\u00e1tv\u00e1nyt biztos\u00edt a tov\u00e1bbfejlesztett sz\u00e1m\u00edt\u00e1stechnikai \u00e9lm\u00e9ny \u00e9rdek\u00e9ben.<\/p>\n<p>A Lenovo, a sz\u00e1m\u00edt\u00e1stechnika egyik vezet\u0151 v\u00e1llalata \u00e1ltal gy\u00e1rtott Lenovo Z50-70 kijelz\u0151k\u00e1bel DC02001MC00 videok\u00e1belt apr\u00f3l\u00e9kosan \u00fagy tervezt\u00e9k, hogy z\u00f6kken\u0151mentesen illeszkedjen a laptop kialak\u00edt\u00e1s\u00e1ba. A video\u00e1tvitel alapvet\u0151 elemek\u00e9nt ez a k\u00e1bel praktikus el\u0151ny\u00f6ket \u00e9s jobb megjelen\u00edt\u00e9si teljes\u00edtm\u00e9nyt k\u00edn\u00e1l.<\/p>\n<p>Ak\u00e1r vide\u00f3kat streamel, tervez\u00e9si projekteken dolgozik vagy j\u00e1tszik, ez a videok\u00e1bel egyenletes \u00e9s \u00e9l\u00e9nk l\u00e1tv\u00e1nyt biztos\u00edt. Kiv\u00e1l\u00f3 min\u0151s\u00e9g\u0171 fel\u00e9p\u00edt\u00e9se biztos\u00edtja, hogy laptopja kijelz\u0151je pontosan adja vissza a sz\u00edneket \u00e9s a r\u00e9szleteket, hozz\u00e1j\u00e1rulva a mag\u00e1val ragad\u00f3 \u00e9s \u00e9lvezetes megtekint\u00e9si \u00e9lm\u00e9nyhez.<\/p>\n<p>A telep\u00edt\u00e9s egyszer\u0171, mivel ezt a videok\u00e1belt \u00fagy tervezt\u00e9k, hogy k\u00f6zvetlen\u00fcl csatlakozzon a laptop kijelz\u0151j\u00e9hez \u00e9s az alaplap csatlakoz\u00f3ihoz. Ha autentikus Lenovo alkatr\u00e9szeket v\u00e1laszt, akkor laptopja min\u0151s\u00e9g\u00e9be, megb\u00edzhat\u00f3s\u00e1g\u00e1ba \u00e9s jobb megjelen\u00edt\u00e9si teljes\u00edtm\u00e9ny\u00e9be fektet be.<\/p>\n<p>Friss\u00edtse vizu\u00e1lis \u00e9lm\u00e9ny\u00e9t a Lenovo Z50-70 kijelz\u0151k\u00e1bel DC02001MC00 videok\u00e1bellel. \u00c9lvezze a z\u00f6kken\u0151mentes \u00e9s \u00e9l\u00e9nk l\u00e1tv\u00e1nyvil\u00e1got a tov\u00e1bbfejlesztett multim\u00e9di\u00e1s \u00e9s termel\u00e9kenys\u00e9gi \u00e9lm\u00e9ny \u00e9rdek\u00e9ben.<\/p>\n<p>V\u00e1s\u00e1rl\u00e1s el\u0151tt ellen\u0151rizze, hogy kompatibilis-e az adott laptopmodellj\u00e9vel.<\/p>\n","protected":false},"excerpt":{"rendered":"<p>Fokozza vizu\u00e1lis \u00e9lm\u00e9ny\u00e9t a Lenovo Z50-70 laptopon a Lenovo Z50-70 kijelz\u0151k\u00e1bel DC02001MC00 videok\u00e1bellel. \u00c9lvezze a sima \u00e9s \u00e9l\u00e9nk l\u00e1tv\u00e1nyt a jobb multim\u00e9di\u00e1s \u00e9s termel\u00e9kenys\u00e9gi \u00e9lm\u00e9ny \u00e9rdek\u00e9ben.<\/p>\n","protected":false},"featured_media":1611,"template":"","meta":[],"product_brand":[],"product_cat":[20],"product_tag":[26],"class_list":{"0":"post-1547","1":"product","2":"type-product","3":"status-publish","4":"has-post-thumbnail","6":"product_cat-cables","7":"product_tag-lenovo","9":"first","10":"instock","11":"taxable","12":"shipping-taxable","13":"purchasable","14":"product-type-simple"},"_links":{"self":[{"href":"https:\/\/boreait.com\/hu\/wp-json\/wp\/v2\/product\/1547","targetHints":{"allow":["GET"]}}],"collection":[{"href":"https:\/\/boreait.com\/hu\/wp-json\/wp\/v2\/product"}],"about":[{"href":"https:\/\/boreait.com\/hu\/wp-json\/wp\/v2\/types\/product"}],"wp:featuredmedia":[{"embeddable":true,"href":"https:\/\/boreait.com\/hu\/wp-json\/wp\/v2\/media\/1611"}],"wp:attachment":[{"href":"https:\/\/boreait.com\/hu\/wp-json\/wp\/v2\/media?parent=1547"}],"wp:term":[{"taxonomy":"product_brand","embeddable":true,"href":"https:\/\/boreait.com\/hu\/wp-json\/wp\/v2\/product_brand?post=1547"},{"taxonomy":"product_cat","embeddable":true,"href":"https:\/\/boreait.com\/hu\/wp-json\/wp\/v2\/product_cat?post=1547"},{"taxonomy":"product_tag","embeddable":true,"href":"https:\/\/boreait.com\/hu\/wp-json\/wp\/v2\/product_tag?post=1547"}],"curies":[{"name":"wp","href":"https:\/\/api.w.org\/{rel}","templated":true}]}}