{"id":1532,"date":"2025-09-17T10:03:42","date_gmt":"2025-09-17T08:03:42","guid":{"rendered":"https:\/\/boreait.com\/hu\/?post_type=product&#038;p=1532"},"modified":"2025-09-17T10:05:27","modified_gmt":"2025-09-17T08:05:27","slug":"eredeti-lenovo-g50-80-hangszorok-pk23000jz00","status":"publish","type":"product","link":"https:\/\/boreait.com\/hu\/termek\/eredeti-lenovo-g50-80-hangszorok-pk23000jz00\/","title":{"rendered":"Eredeti Lenovo G50-80 hangsz\u00f3r\u00f3k PK23000JZ00"},"content":{"rendered":"<p>Fokozza hang\u00e9lm\u00e9ny\u00e9t az Eredeti Lenovo G50-80 laptopon az Eredeti Lenovo G50-80 PK23000JZ00 hangsz\u00f3r\u00f3kkal. A tiszta \u00e9s mag\u00e1val ragad\u00f3 hangz\u00e1sra tervezett hangsz\u00f3r\u00f3k megb\u00edzhat\u00f3 \u00e9s hiteles cser\u00e9t vagy friss\u00edt\u00e9st jelentenek laptopja audiorendszer\u00e9hez.<\/p>\n<p>A Lenovo \u2013 a sz\u00e1m\u00edt\u00e1stechnika egyik megb\u00edzhat\u00f3 neve \u2013 \u00e1ltal gy\u00e1rtott eredeti Lenovo G50-80 PK23000JZ00 hangsz\u00f3r\u00f3k prec\u00edz kialak\u00edt\u00e1s\u00faak, hogy z\u00f6kken\u0151mentesen illeszkedjenek a laptop diz\u00e1jnj\u00e1ba. A hangkimenet alapvet\u0151 alkot\u00f3elemeik\u00e9nt ezek a hangsz\u00f3r\u00f3k praktikus el\u0151ny\u00f6ket \u00e9s jobb hangmin\u0151s\u00e9get k\u00edn\u00e1lnak.<\/p>\n<p>Ak\u00e1r filmeket n\u00e9z, zen\u00e9t hallgat, ak\u00e1r videoh\u00edv\u00e1st folytat, ezek a hangsz\u00f3r\u00f3k gondoskodnak arr\u00f3l, hogy gazdag \u00e9s r\u00e9szletgazdag hangz\u00e1sban r\u00e9szes\u00fclj\u00f6n. Kiv\u00e1l\u00f3 min\u0151s\u00e9g\u0171 fel\u00e9p\u00edt\u00e9s\u00fckkel a frekvencia sz\u00e9les sk\u00e1l\u00e1j\u00e1t reproduk\u00e1lj\u00e1k, \u00edgy j\u00f3l lekerek\u00edtett \u00e9s kiegyens\u00falyozott hangprofilt biztos\u00edtanak.<\/p>\n<p>A telep\u00edt\u00e9s probl\u00e9mamentes, mivel ezeket a hangsz\u00f3r\u00f3kat \u00fagy tervezt\u00e9k, hogy k\u00f6zvetlen\u00fcl a laptop hangsz\u00f3r\u00f3ny\u00edl\u00e1saiba illeszkedjenek. Az eredeti Lenovo alkatr\u00e9szek kiv\u00e1laszt\u00e1s\u00e1val laptopja min\u0151s\u00e9g\u00e9be, megb\u00edzhat\u00f3s\u00e1g\u00e1ba \u00e9s fokozott hangteljes\u00edtm\u00e9ny\u00e9be fektet be.<\/p>\n<p>Friss\u00edtse hang\u00e9lm\u00e9ny\u00e9t az eredeti Lenovo G50-80 PK23000JZ00 hangsz\u00f3r\u00f3kkal. \u00c9lvezze a tiszta \u00e9s mag\u00e1val ragad\u00f3 hangz\u00e1st a tov\u00e1bbfejlesztett multim\u00e9di\u00e1s \u00e9s kommunik\u00e1ci\u00f3s \u00e9lm\u00e9ny \u00e9rdek\u00e9ben.<\/p>\n<p>V\u00e1s\u00e1rl\u00e1s el\u0151tt ellen\u0151rizze, hogy kompatibilis-e az adott laptopmodellj\u00e9vel.<\/p>\n","protected":false},"excerpt":{"rendered":"<p>Friss\u00edtse hang\u00e9lm\u00e9ny\u00e9t az Eredeti Lenovo G50-80 laptopon az Eredeti Lenovo G50-80 PK23000JZ00 hangsz\u00f3r\u00f3kkal. \u00c9lvezze a tiszta \u00e9s mag\u00e1val ragad\u00f3 hangz\u00e1st a tov\u00e1bbfejlesztett multim\u00e9di\u00e1s \u00e9s kommunik\u00e1ci\u00f3s \u00e9lm\u00e9ny \u00e9rdek\u00e9ben.<\/p>\n","protected":false},"featured_media":1610,"template":"","meta":[],"product_brand":[],"product_cat":[18],"product_tag":[26],"class_list":{"0":"post-1532","1":"product","2":"type-product","3":"status-publish","4":"has-post-thumbnail","6":"product_cat-laptop-speakers","7":"product_tag-lenovo","9":"first","10":"instock","11":"taxable","12":"shipping-taxable","13":"purchasable","14":"product-type-simple"},"_links":{"self":[{"href":"https:\/\/boreait.com\/hu\/wp-json\/wp\/v2\/product\/1532","targetHints":{"allow":["GET"]}}],"collection":[{"href":"https:\/\/boreait.com\/hu\/wp-json\/wp\/v2\/product"}],"about":[{"href":"https:\/\/boreait.com\/hu\/wp-json\/wp\/v2\/types\/product"}],"wp:featuredmedia":[{"embeddable":true,"href":"https:\/\/boreait.com\/hu\/wp-json\/wp\/v2\/media\/1610"}],"wp:attachment":[{"href":"https:\/\/boreait.com\/hu\/wp-json\/wp\/v2\/media?parent=1532"}],"wp:term":[{"taxonomy":"product_brand","embeddable":true,"href":"https:\/\/boreait.com\/hu\/wp-json\/wp\/v2\/product_brand?post=1532"},{"taxonomy":"product_cat","embeddable":true,"href":"https:\/\/boreait.com\/hu\/wp-json\/wp\/v2\/product_cat?post=1532"},{"taxonomy":"product_tag","embeddable":true,"href":"https:\/\/boreait.com\/hu\/wp-json\/wp\/v2\/product_tag?post=1532"}],"curies":[{"name":"wp","href":"https:\/\/api.w.org\/{rel}","templated":true}]}}