{"id":1531,"date":"2025-09-17T10:03:41","date_gmt":"2025-09-17T08:03:41","guid":{"rendered":"https:\/\/boreait.com\/hu\/?post_type=product&#038;p=1531"},"modified":"2025-09-17T10:05:25","modified_gmt":"2025-09-17T08:05:25","slug":"laptop-cserepantok-lenovo-g50-g50-30-g50-45-g50-70-g50-75-g50-80-z50-z50-45-z50-70","status":"publish","type":"product","link":"https:\/\/boreait.com\/hu\/termek\/laptop-cserepantok-lenovo-g50-g50-30-g50-45-g50-70-g50-75-g50-80-z50-z50-45-z50-70\/","title":{"rendered":"Laptop cserep\u00e1ntok Lenovo G50 G50 30 G50 45 G50 70 G50 75 G50-80 Z50 Z50 45 Z50 70"},"content":{"rendered":"<p>N\u00f6velje laptopja stabilit\u00e1s\u00e1t \u00e9s funkcionalit\u00e1s\u00e1t ezekkel a Lenovo G50, G50-30, G50-45, G50-70, G50-75, G50-80, Z50, Z50-45 \u00e9s Z50-70 modellekhez tervezett Laptop cserep\u00e1ntokkal. Ezeket a zsan\u00e9rokat \u00fagy alak\u00edtott\u00e1k ki, hogy biztons\u00e1gos \u00e9s megb\u00edzhat\u00f3 kapcsolatot biztos\u00edtsanak a laptop k\u00e9perny\u0151je \u00e9s a test k\u00f6z\u00f6tt, biztos\u00edtva a z\u00f6kken\u0151mentes nyit\u00e1si \u00e9s z\u00e1r\u00e1si mozg\u00e1sokat, mik\u00f6zben jav\u00edtj\u00e1k laptopja \u00e1ltal\u00e1nos szerkezeti integrit\u00e1s\u00e1t.<\/p>\n<p>A szigor\u00fa min\u0151s\u00e9gi el\u0151\u00edr\u00e1soknak megfelel\u0151en gy\u00e1rtva ezek a Laptop-cserep\u00e1ntok megb\u00edzhat\u00f3 megold\u00e1st k\u00edn\u00e1lnak azok sz\u00e1m\u00e1ra, akik nagyobb tart\u00f3ss\u00e1got \u00e9s teljes\u00edtm\u00e9nyt keresnek. \u00dagy tervezt\u00e9k, hogy k\u00f6zvetlen\u00fcl helyettes\u00edts\u00e9k laptopja megl\u00e9v\u0151 csukl\u00f3p\u00e1ntjait, \u00e9s probl\u00e9mamentes telep\u00edt\u00e9si folyamatot biztos\u00edtanak, amely z\u00f6kken\u0151mentesen illeszkedik a laptop eredeti alkatr\u00e9szeihez.<\/p>\n<p>Ak\u00e1r munk\u00e1hoz, ak\u00e1r sz\u00f3rakoz\u00e1shoz vagy kreat\u00edv projektekhez haszn\u00e1lja laptopj\u00e1t, a megb\u00edzhat\u00f3 zsan\u00e9rok elengedhetetlenek a k\u00e9perny\u0151 ingadoz\u00e1s\u00e1nak, eltol\u00f3d\u00e1s\u00e1nak vagy k\u00e1rosod\u00e1s\u00e1nak megel\u0151z\u00e9s\u00e9hez a rendszeres haszn\u00e1lat sor\u00e1n. Ezek a cserep\u00e1ntok seg\u00edtenek meg\u0151rizni a megfelel\u0151 be\u00e1ll\u00edt\u00e1st \u00e9s stabilit\u00e1st, \u00edgy magabiztosan \u00e9s k\u00f6nnyed\u00e9n haszn\u00e1lhatja laptopj\u00e1t.<\/p>\n<p>Ezekkel a cserelaptop csukl\u00f3p\u00e1ntokkal \u00d6n laptopja hossz\u00fa t\u00e1v\u00fa funkcionalit\u00e1s\u00e1ba \u00e9s szerkezeti integrit\u00e1s\u00e1hoz fektet be. N\u00f6velje laptopja \u00e9lm\u00e9ny\u00e9t a sim\u00e1bb nyit\u00e1si \u00e9s z\u00e1r\u00e1si mozg\u00e1sok, a jobb stabilit\u00e1s \u00e9s az eszk\u00f6z hosszabb haszn\u00e1lat\u00e1nak \u00e9lvezet\u00e9vel.<\/p>\n<p>V\u00e1s\u00e1rl\u00e1s el\u0151tt gy\u0151z\u0151dj\u00f6n meg arr\u00f3l, hogy kompatibilis az adott laptopmodellj\u00e9vel.<\/p>\n","protected":false},"excerpt":{"rendered":"<p>N\u00f6velje Lenovo G50, G50-30, G50-45, G50-70, G50-75, G50-80, Z50, Z50-45 vagy Z50-70 laptop stabilit\u00e1s\u00e1t \u00e9s funkcionalit\u00e1s\u00e1t ezekkel a cserelaptop csukl\u00f3p\u00e1ntokkal. \u00c9lvezze a sim\u00e1bb k\u00e9perny\u0151mozg\u00e1sokat \u00e9s a fokozott szerkezeti integrit\u00e1st a jobb laptop \u00e9lm\u00e9ny \u00e9rdek\u00e9ben.<\/p>\n","protected":false},"featured_media":1609,"template":"","meta":[],"product_brand":[],"product_cat":[19],"product_tag":[26],"class_list":{"0":"post-1531","1":"product","2":"type-product","3":"status-publish","4":"has-post-thumbnail","6":"product_cat-screen-hinge","7":"product_tag-lenovo","9":"first","10":"instock","11":"taxable","12":"shipping-taxable","13":"purchasable","14":"product-type-simple"},"_links":{"self":[{"href":"https:\/\/boreait.com\/hu\/wp-json\/wp\/v2\/product\/1531","targetHints":{"allow":["GET"]}}],"collection":[{"href":"https:\/\/boreait.com\/hu\/wp-json\/wp\/v2\/product"}],"about":[{"href":"https:\/\/boreait.com\/hu\/wp-json\/wp\/v2\/types\/product"}],"wp:featuredmedia":[{"embeddable":true,"href":"https:\/\/boreait.com\/hu\/wp-json\/wp\/v2\/media\/1609"}],"wp:attachment":[{"href":"https:\/\/boreait.com\/hu\/wp-json\/wp\/v2\/media?parent=1531"}],"wp:term":[{"taxonomy":"product_brand","embeddable":true,"href":"https:\/\/boreait.com\/hu\/wp-json\/wp\/v2\/product_brand?post=1531"},{"taxonomy":"product_cat","embeddable":true,"href":"https:\/\/boreait.com\/hu\/wp-json\/wp\/v2\/product_cat?post=1531"},{"taxonomy":"product_tag","embeddable":true,"href":"https:\/\/boreait.com\/hu\/wp-json\/wp\/v2\/product_tag?post=1531"}],"curies":[{"name":"wp","href":"https:\/\/api.w.org\/{rel}","templated":true}]}}