{"id":1530,"date":"2025-09-17T10:03:41","date_gmt":"2025-09-17T08:03:41","guid":{"rendered":"https:\/\/boreait.com\/hu\/?post_type=product&#038;p=1530"},"modified":"2026-01-07T14:45:10","modified_gmt":"2026-01-07T13:45:10","slug":"dell-precision-7710-laptop-szamitogep-elolap-cn-09fn93-09fn93","status":"publish","type":"product","link":"https:\/\/boreait.com\/hu\/termek\/dell-precision-7710-laptop-szamitogep-elolap-cn-09fn93-09fn93\/","title":{"rendered":"Dell Precision 7710 laptop sz\u00e1m\u00edt\u00f3g\u00e9p el\u0151lap CN-09FN93 09FN93"},"content":{"rendered":"<p>N\u00f6velje Dell Precision 7710 laptop sz\u00e1m\u00edt\u00f3g\u00e9pe vizu\u00e1lis vonzerej\u00e9t \u00e9s v\u00e9delm\u00e9t a Dell Precision 7710 laptop sz\u00e1m\u00edt\u00f3g\u00e9p el\u0151lappal CN-09FN93 09FN93. \u00dagy tervezt\u00e9k, hogy st\u00edlusos \u00e9s v\u00e9d\u0151keretet biztos\u00edtson laptopja kijelz\u0151j\u00e9nek, ez az el\u0151lap a laptop eszt\u00e9tikai \u00e9s funkcion\u00e1lis szempontjait egyar\u00e1nt kiemeli a jobb sz\u00e1m\u00edt\u00e1stechnikai \u00e9lm\u00e9ny \u00e9rdek\u00e9ben.<\/p>\n<p>A Dell, a sz\u00e1m\u00edt\u00e1stechnika tekint\u00e9lyes vezet\u0151 gy\u00e1rt\u00f3ja \u00e1ltal gy\u00e1rtott Dell Precision 7710 CN-09FN93 09FN93 laptop sz\u00e1m\u00edt\u00f3g\u00e9p-el\u0151lap apr\u00f3l\u00e9kosan kidolgozott, hogy z\u00f6kken\u0151mentesen illeszkedjen a laptop diz\u00e1jnj\u00e1ba. A kijelz\u0151 v\u00e9delm\u00e9nek \u00e9s a vizu\u00e1lis eszt\u00e9tik\u00e1nak elengedhetetlen elemek\u00e9nt ez a keret praktikus el\u0151ny\u00f6ket \u00e9s eleg\u00e1ns megjelen\u00e9st k\u00edn\u00e1l.<\/p>\n<p>Ak\u00e1r munk\u00e1hoz, ak\u00e1r tervez\u00e9shez vagy multim\u00e9di\u00e1hoz haszn\u00e1lja laptopj\u00e1t, ez az el\u0151lap megv\u00e9di laptopja kijelz\u0151j\u00e9t az esetleges port\u00f3l, karcol\u00e1sokt\u00f3l \u00e9s kisebb \u00fct\u00e9sekt\u0151l. Prec\u00edzi\u00f3s tervez\u00e9se garant\u00e1lja a biztons\u00e1gos illeszked\u00e9st, \u00edgy a kijelz\u0151 megfelel\u0151en v\u00e9dett marad, mik\u00f6zben meg\u0151rzi az optim\u00e1lis tisztas\u00e1got \u00e9s funkcionalit\u00e1st.<\/p>\n<p>Tov\u00e1bb\u00e1 az el\u0151lap kialak\u00edt\u00e1sa hozz\u00e1j\u00e1rul a laptop \u00e1ltal\u00e1nos eszt\u00e9tik\u00e1j\u00e1hoz, fokozza annak vizu\u00e1lis vonzerej\u00e9t, \u00e9s modern \u00e9s kifinomult megjelen\u00e9st k\u00f6lcs\u00f6n\u00f6z neki. Ez pozit\u00edvan befoly\u00e1solhatja az \u00e1ltal\u00e1nos sz\u00e1m\u00edt\u00e1stechnikai \u00e9lm\u00e9nyt.<\/p>\n<p>A telep\u00edt\u00e9s egyszer\u0171 a laptop eredeti alkatr\u00e9szeihez igazod\u00f3 kialak\u00edt\u00e1snak k\u00f6sz\u00f6nhet\u0151en. Ha eredeti Dell alkatr\u00e9szeket v\u00e1laszt, akkor laptopja min\u0151s\u00e9g\u00e9be, megb\u00edzhat\u00f3s\u00e1g\u00e1ba, jobb kijelz\u0151v\u00e9delm\u00e9be \u00e9s eszt\u00e9tik\u00e1j\u00e1ba fektet be.<\/p>\n<p>Friss\u00edtse laptopja kijelz\u0151v\u00e9delm\u00e9t \u00e9s vizu\u00e1lis eszt\u00e9tik\u00e1j\u00e1t a Dell Precision 7710 laptop sz\u00e1m\u00edt\u00f3g\u00e9p-el\u0151lappal CN-09FN93 09FN93. \u00c9lvezze a megn\u00f6velt k\u00e9perny\u0151biztons\u00e1got, a st\u00edlusos megjelen\u00e9st \u00e9s az \u00e1ltal\u00e1nosan kimagasl\u00f3 sz\u00e1m\u00edt\u00e1stechnikai \u00e9lm\u00e9nyt.<\/p>\n<p>V\u00e1s\u00e1rl\u00e1s el\u0151tt ellen\u0151rizze, hogy kompatibilis-e az adott laptopmodellj\u00e9vel.<\/p>\n","protected":false},"excerpt":{"rendered":"<p>N\u00f6velje Dell Precision 7710 laptop sz\u00e1m\u00edt\u00f3g\u00e9pe kijelz\u0151v\u00e9delm\u00e9t \u00e9s vizu\u00e1lis eszt\u00e9tik\u00e1j\u00e1t a Dell Precision 7710 laptop sz\u00e1m\u00edt\u00f3g\u00e9p el\u0151lapj\u00e1val CN-09FN93 09FN93. Friss\u00edtse a kijelz\u0151 biztons\u00e1g\u00e1t \u00e9s st\u00edlus\u00e1t a jobb vizu\u00e1lis \u00e9lm\u00e9ny \u00e9rdek\u00e9ben.<\/p>\n","protected":false},"featured_media":1607,"template":"","meta":[],"product_brand":[],"product_cat":[16],"product_tag":[17],"class_list":{"0":"post-1530","1":"product","2":"type-product","3":"status-publish","4":"has-post-thumbnail","6":"product_cat-laptop-housing","7":"product_tag-dell","9":"first","10":"instock","11":"taxable","12":"shipping-taxable","13":"purchasable","14":"product-type-simple"},"_links":{"self":[{"href":"https:\/\/boreait.com\/hu\/wp-json\/wp\/v2\/product\/1530","targetHints":{"allow":["GET"]}}],"collection":[{"href":"https:\/\/boreait.com\/hu\/wp-json\/wp\/v2\/product"}],"about":[{"href":"https:\/\/boreait.com\/hu\/wp-json\/wp\/v2\/types\/product"}],"wp:featuredmedia":[{"embeddable":true,"href":"https:\/\/boreait.com\/hu\/wp-json\/wp\/v2\/media\/1607"}],"wp:attachment":[{"href":"https:\/\/boreait.com\/hu\/wp-json\/wp\/v2\/media?parent=1530"}],"wp:term":[{"taxonomy":"product_brand","embeddable":true,"href":"https:\/\/boreait.com\/hu\/wp-json\/wp\/v2\/product_brand?post=1530"},{"taxonomy":"product_cat","embeddable":true,"href":"https:\/\/boreait.com\/hu\/wp-json\/wp\/v2\/product_cat?post=1530"},{"taxonomy":"product_tag","embeddable":true,"href":"https:\/\/boreait.com\/hu\/wp-json\/wp\/v2\/product_tag?post=1530"}],"curies":[{"name":"wp","href":"https:\/\/api.w.org\/{rel}","templated":true}]}}