{"id":1529,"date":"2025-09-17T10:03:41","date_gmt":"2025-09-17T08:03:41","guid":{"rendered":"https:\/\/boreait.com\/hu\/?post_type=product&#038;p=1529"},"modified":"2025-09-17T10:05:20","modified_gmt":"2025-09-17T08:05:20","slug":"eredeti-hp-elitebook-folio-9470m-14-laptop-also-tok-vaz-keret-702863-001","status":"publish","type":"product","link":"https:\/\/boreait.com\/hu\/termek\/eredeti-hp-elitebook-folio-9470m-14-laptop-also-tok-vaz-keret-702863-001\/","title":{"rendered":"EREDETI HP ELITEBOOK FOLIO 9470M 14&#8243; LAPTOP ALS\u00d3 TOK V\u00c1Z KERET 702863-001"},"content":{"rendered":"<p>N\u00f6velje eredeti HP EliteBook Folio 9470M 14&#8243;-es laptopja v\u00e9delm\u00e9t \u00e9s \u00e1ltal\u00e1nos integrit\u00e1s\u00e1t az Eredeti HP EliteBook Folio 9470M 14&#8243;-es, 702863-001 sz\u00e1m\u00fa laptoph\u00e1z alv\u00e1zkerettel. \u00dagy tervezt\u00e9k, hogy biztons\u00e1gos burkolatot biztos\u00edtson laptopja bels\u0151 alkatr\u00e9szeinek, \u00e9s jav\u00edtsa szerkezeti integrit\u00e1s\u00e1t, ez az als\u00f3 h\u00e1z kerete mind a fizikai v\u00e9delm\u00e9t, mind pedig a laptop \u00e1ltal\u00e1nos funkcionalit\u00e1s\u00e1t jav\u00edtja a jobb sz\u00e1m\u00edt\u00e1si \u00e9lm\u00e9ny \u00e9rdek\u00e9ben.<\/p>\n<p>A HP, a sz\u00e1m\u00edt\u00e1stechnika elismert vezet\u0151 gy\u00e1rt\u00f3ja \u00e1ltal gy\u00e1rtott Eredeti HP EliteBook Folio 9470M 14&#8243;-es, 702863-001 laptoph\u00e1z-v\u00e1zkeret apr\u00f3l\u00e9kosan kidolgozott, hogy z\u00f6kken\u0151mentesen integr\u00e1l\u00f3djon a laptop kialak\u00edt\u00e1s\u00e1ba. Ez a meger\u0151s\u00edtett aljzat v\u00e9delmet \u00e9s stabilit\u00e1st biztos\u00edt a laptop h\u00e1z\u00e1nak n\u00e9lk\u00fcl\u00f6zhetetlen elemek\u00e9nt. szerkezeti t\u00e1mogat\u00e1s.<\/p>\n<p>Ak\u00e1r munk\u00e1hoz, ak\u00e1r utaz\u00e1shoz vagy napi feladatokhoz haszn\u00e1lja laptopj\u00e1t, ez az als\u00f3 h\u00e1zkeret megv\u00e9di laptopja bels\u0151 alkatr\u00e9szeit az esetleges port\u00f3l, t\u00f6rmel\u00e9kt\u0151l \u00e9s kisebb behat\u00e1sokt\u00f3l. Prec\u00edzi\u00f3s tervez\u00e9se garant\u00e1lja a biztons\u00e1gos illeszked\u00e9st, megakad\u00e1lyozza a nemk\u00edv\u00e1natos mozg\u00e1st \u00e9s v\u00e9di a laptop bels\u0151 szerkezet\u00e9t.<\/p>\n<p>A telep\u00edt\u00e9s egyszer\u0171 a laptop eredeti alkatr\u00e9szeihez igazod\u00f3 kialak\u00edt\u00e1snak k\u00f6sz\u00f6nhet\u0151en. Ha eredeti HP alkatr\u00e9szeket v\u00e1laszt, akkor laptopja min\u0151s\u00e9g\u00e9be, megb\u00edzhat\u00f3s\u00e1g\u00e1ba \u00e9s jobb szerkezeti integrit\u00e1s\u00e1hoz fektet be.<\/p>\n<p>Fokozza laptopja fizikai v\u00e9delm\u00e9t \u00e9s stabilit\u00e1s\u00e1t az Eredeti HP EliteBook Folio 9470M 14 h\u00fcvelykes laptoph\u00e1z alv\u00e1zkerettel, 702863-001. \u00c9lvezze a tov\u00e1bbfejlesztett laptopv\u00e9delmet, a szerkezeti integrit\u00e1st \u00e9s az \u00e1ltal\u00e1nosan kimagasl\u00f3 sz\u00e1m\u00edt\u00e1stechnikai \u00e9lm\u00e9nyt.<\/p>\n<p>V\u00e1s\u00e1rl\u00e1s el\u0151tt ellen\u0151rizze, hogy kompatibilis-e az adott laptopmodellj\u00e9vel.<\/p>\n","protected":false},"excerpt":{"rendered":"<p>B\u0151v\u00edtse Eredeti HP EliteBook Folio 9470M 14&#8243;-es laptopja v\u00e9delm\u00e9t \u00e9s stabilit\u00e1s\u00e1t az Eredeti HP EliteBook Folio 9470M 14&#8243;-es, 702863-001 sz\u00e1m\u00fa laptop als\u00f3 h\u00e1z kerettel. N\u00f6velje a szerkezeti integrit\u00e1st a jobb sz\u00e1m\u00edt\u00e1stechnikai \u00e9lm\u00e9ny \u00e9rdek\u00e9ben.<\/p>\n","protected":false},"featured_media":1606,"template":"","meta":[],"product_brand":[],"product_cat":[16],"product_tag":[25],"class_list":{"0":"post-1529","1":"product","2":"type-product","3":"status-publish","4":"has-post-thumbnail","6":"product_cat-laptop-housing","7":"product_tag-hp","9":"first","10":"instock","11":"taxable","12":"shipping-taxable","13":"purchasable","14":"product-type-simple"},"_links":{"self":[{"href":"https:\/\/boreait.com\/hu\/wp-json\/wp\/v2\/product\/1529","targetHints":{"allow":["GET"]}}],"collection":[{"href":"https:\/\/boreait.com\/hu\/wp-json\/wp\/v2\/product"}],"about":[{"href":"https:\/\/boreait.com\/hu\/wp-json\/wp\/v2\/types\/product"}],"wp:featuredmedia":[{"embeddable":true,"href":"https:\/\/boreait.com\/hu\/wp-json\/wp\/v2\/media\/1606"}],"wp:attachment":[{"href":"https:\/\/boreait.com\/hu\/wp-json\/wp\/v2\/media?parent=1529"}],"wp:term":[{"taxonomy":"product_brand","embeddable":true,"href":"https:\/\/boreait.com\/hu\/wp-json\/wp\/v2\/product_brand?post=1529"},{"taxonomy":"product_cat","embeddable":true,"href":"https:\/\/boreait.com\/hu\/wp-json\/wp\/v2\/product_cat?post=1529"},{"taxonomy":"product_tag","embeddable":true,"href":"https:\/\/boreait.com\/hu\/wp-json\/wp\/v2\/product_tag?post=1529"}],"curies":[{"name":"wp","href":"https:\/\/api.w.org\/{rel}","templated":true}]}}