{"id":1528,"date":"2025-09-17T10:03:41","date_gmt":"2025-09-17T08:03:41","guid":{"rendered":"https:\/\/boreait.com\/hu\/?post_type=product&#038;p=1528"},"modified":"2025-09-17T10:05:16","modified_gmt":"2025-09-17T08:05:16","slug":"asus-q504ua-q504u-q504-q534-lcd-hatlap-hatso-fedel-13nb0bz2am0111","status":"publish","type":"product","link":"https:\/\/boreait.com\/hu\/termek\/asus-q504ua-q504u-q504-q534-lcd-hatlap-hatso-fedel-13nb0bz2am0111\/","title":{"rendered":"ASUS Q504UA Q504U Q504 Q534 LCD h\u00e1tlap H\u00e1ts\u00f3 fed\u00e9l 13NB0BZ2AM0111"},"content":{"rendered":"<p>N\u00f6velje ASUS Q504UA, Q504U, Q504 vagy Q534 laptopja v\u00e9delm\u00e9t \u00e9s vizu\u00e1lis eszt\u00e9tik\u00e1j\u00e1t az ASUS Q504UA Q504U Q504 Q534 LCD h\u00e1tlap h\u00e1ts\u00f3 fed\u00e9llel 13NB0BZ2AM0111. \u00dagy tervezt\u00e9k, hogy biztons\u00e1gos burkolatot biztos\u00edtson laptopja kijelz\u0151j\u00e9nek, \u00e9s jav\u00edtsa annak \u00e1ltal\u00e1nos megjelen\u00e9s\u00e9t. Ez az LCD-h\u00e1tlappal ell\u00e1tott h\u00e1ts\u00f3 fed\u00e9l jav\u00edtja laptopja fizikai integrit\u00e1s\u00e1t \u00e9s vizu\u00e1lis \u00e9lm\u00e9ny\u00e9t egy magasabb sz\u00e1m\u00edt\u00e1stechnikai utaz\u00e1shoz.<\/p>\n<p>A sz\u00e1m\u00edt\u00e1stechnika egyik vezet\u0151 v\u00e1llalata, az ASUS \u00e1ltal gy\u00e1rtott ASUS Q504UA Q504U Q504 Q534 LCD h\u00e1tlap h\u00e1ts\u00f3 fed\u00e9l 13NB0BZ2AM0111 apr\u00f3l\u00e9kosan kidolgozott, hogy z\u00f6kken\u0151mentesen illeszkedjen a laptop diz\u00e1jnj\u00e1ba. A kijelz\u0151v\u00e9delem \u00e9s a laptop eszt\u00e9tika elengedhetetlen elemek\u00e9nt ez a h\u00e1ts\u00f3 fed\u00e9l praktikus el\u0151ny\u00f6ket \u00e9s st\u00edlusos megjelen\u00e9st k\u00edn\u00e1l.<\/p>\n<p>Ak\u00e1r munk\u00e1ra, kreativit\u00e1sra vagy sz\u00f3rakoz\u00e1sra haszn\u00e1lja laptopj\u00e1t, ez a h\u00e1ts\u00f3 fed\u00e9l megv\u00e9di laptopja kijelz\u0151j\u00e9t a port\u00f3l, karcol\u00e1sokt\u00f3l \u00e9s kisebb \u00fct\u00e9sekt\u0151l. Prec\u00edzi\u00f3s tervez\u00e9se garant\u00e1lja a biztons\u00e1gos illeszked\u00e9st, \u00edgy a kijelz\u0151 megfelel\u0151en v\u00e9dett marad, mik\u00f6zben meg\u0151rzi az optim\u00e1lis tisztas\u00e1got \u00e9s funkcionalit\u00e1st.<\/p>\n<p>S\u0151t, a h\u00e1ts\u00f3 fed\u00e9l kialak\u00edt\u00e1sa hozz\u00e1j\u00e1rul a laptop \u00e1ltal\u00e1nos eszt\u00e9tik\u00e1j\u00e1hoz, n\u00f6veli annak vizu\u00e1lis vonzerej\u00e9t, \u00e9s friss\u00edtett \u00e9s csiszolt megjelen\u00e9st k\u00f6lcs\u00f6n\u00f6z neki. Ez pozit\u00edvan befoly\u00e1solhatja az \u00e1ltal\u00e1nos sz\u00e1m\u00edt\u00e1stechnikai \u00e9lm\u00e9nyt.<\/p>\n<p>A telep\u00edt\u00e9s probl\u00e9mamentes a laptop eredeti alkatr\u00e9szeihez igazod\u00f3 kialak\u00edt\u00e1snak k\u00f6sz\u00f6nhet\u0151en. Az eredeti ASUS alkatr\u00e9szek kiv\u00e1laszt\u00e1s\u00e1val laptopja min\u0151s\u00e9g\u00e9be, megb\u00edzhat\u00f3s\u00e1g\u00e1ba, valamint jobb kijelz\u0151v\u00e9delm\u00e9be \u00e9s eszt\u00e9tik\u00e1j\u00e1ba fektet be.<\/p>\n<p>Friss\u00edtse laptopja kijelz\u0151v\u00e9delm\u00e9t \u00e9s l\u00e1tv\u00e1nyosabb\u00e1 t\u00e9tel\u00e9t az ASUS Q504UA Q504U Q504 Q534 LCD h\u00e1tlap h\u00e1ts\u00f3 fed\u00e9llel 13NB0BZ2AM0111. Tapasztalja meg a fokozott kijelz\u0151biztons\u00e1got, a kifinomult megjelen\u00e9st \u00e9s az \u00e1ltal\u00e1nosan kimagasl\u00f3 sz\u00e1m\u00edt\u00e1stechnikai \u00e9lm\u00e9nyt.<\/p>\n<p>V\u00e1s\u00e1rl\u00e1s el\u0151tt ellen\u0151rizze, hogy kompatibilis-e az adott laptopmodellj\u00e9vel.<\/p>\n","protected":false},"excerpt":{"rendered":"<p>Fokozza ASUS Q504UA, Q504U, Q504 vagy Q534 laptopja kijelz\u0151v\u00e9delm\u00e9t \u00e9s vizu\u00e1lis eszt\u00e9tik\u00e1j\u00e1t az ASUS Q504UA Q504U Q504 Q534 LCD h\u00e1tlap h\u00e1ts\u00f3 fed\u00e9l 13NB0BZ2AM0111 seg\u00edts\u00e9g\u00e9vel. Friss\u00edtse a kijelz\u0151 biztons\u00e1g\u00e1t \u00e9s st\u00edlus\u00e1t a jobb vizu\u00e1lis \u00e9lm\u00e9ny \u00e9rdek\u00e9ben.<\/p>\n","protected":false},"featured_media":1598,"template":"","meta":[],"product_brand":[],"product_cat":[16],"product_tag":[30],"class_list":{"0":"post-1528","1":"product","2":"type-product","3":"status-publish","4":"has-post-thumbnail","6":"product_cat-laptop-housing","7":"product_tag-asus","9":"first","10":"instock","11":"taxable","12":"shipping-taxable","13":"purchasable","14":"product-type-simple"},"_links":{"self":[{"href":"https:\/\/boreait.com\/hu\/wp-json\/wp\/v2\/product\/1528","targetHints":{"allow":["GET"]}}],"collection":[{"href":"https:\/\/boreait.com\/hu\/wp-json\/wp\/v2\/product"}],"about":[{"href":"https:\/\/boreait.com\/hu\/wp-json\/wp\/v2\/types\/product"}],"wp:featuredmedia":[{"embeddable":true,"href":"https:\/\/boreait.com\/hu\/wp-json\/wp\/v2\/media\/1598"}],"wp:attachment":[{"href":"https:\/\/boreait.com\/hu\/wp-json\/wp\/v2\/media?parent=1528"}],"wp:term":[{"taxonomy":"product_brand","embeddable":true,"href":"https:\/\/boreait.com\/hu\/wp-json\/wp\/v2\/product_brand?post=1528"},{"taxonomy":"product_cat","embeddable":true,"href":"https:\/\/boreait.com\/hu\/wp-json\/wp\/v2\/product_cat?post=1528"},{"taxonomy":"product_tag","embeddable":true,"href":"https:\/\/boreait.com\/hu\/wp-json\/wp\/v2\/product_tag?post=1528"}],"curies":[{"name":"wp","href":"https:\/\/api.w.org\/{rel}","templated":true}]}}