{"id":1512,"date":"2025-09-17T10:03:17","date_gmt":"2025-09-17T08:03:17","guid":{"rendered":"https:\/\/boreait.com\/hu\/?post_type=product&#038;p=1512"},"modified":"2025-09-17T10:05:08","modified_gmt":"2025-09-17T08:05:08","slug":"lenovo-g50-45-lcd-kepernyo-fedel-felso-fedel-ap0th000100","status":"publish","type":"product","link":"https:\/\/boreait.com\/hu\/termek\/lenovo-g50-45-lcd-kepernyo-fedel-felso-fedel-ap0th000100\/","title":{"rendered":"Lenovo G50-45 LCD k\u00e9perny\u0151 fed\u00e9l fels\u0151 fed\u00e9l AP0TH000100"},"content":{"rendered":"<p>N\u00f6velje Lenovo G50-45 laptopja kijelz\u0151v\u00e9delm\u00e9t \u00e9s vizu\u00e1lis vonzerej\u00e9t a Lenovo G50-45 LCD-k\u00e9perny\u0151 fels\u0151 fedel\u00e9vel AP0TH000100. Ezt a fels\u0151 burkolatot \u00fagy tervezt\u00e9k, hogy biztons\u00e1gos burkolatot biztos\u00edtson a laptop kijelz\u0151j\u00e9nek, \u00e9s n\u00f6velje annak \u00e1ltal\u00e1nos eszt\u00e9tik\u00e1j\u00e1t. Ez a fels\u0151 bor\u00edt\u00e1s jav\u00edtja laptopja fizikai integrit\u00e1s\u00e1t \u00e9s vizu\u00e1lis \u00e9lm\u00e9ny\u00e9t a jobb sz\u00e1m\u00edt\u00e1stechnikai utaz\u00e1s \u00e9rdek\u00e9ben.<\/p>\n<p>A Lenovo, a sz\u00e1m\u00edt\u00e1stechnika tekint\u00e9lyes vezet\u0151 gy\u00e1rt\u00f3ja \u00e1ltal gy\u00e1rtott Lenovo G50-45 LCD-k\u00e9perny\u0151 fedel\u00e9nek fels\u0151 burkolata AP0TH000100 apr\u00f3l\u00e9kosan kidolgozott, hogy z\u00f6kken\u0151mentesen illeszkedjen a laptop diz\u00e1jnj\u00e1ba. A kijelz\u0151v\u00e9delem \u00e9s a laptop eszt\u00e9tika elengedhetetlen elemek\u00e9nt ez a fels\u0151 burkolat praktikus el\u0151ny\u00f6ket \u00e9s st\u00edlusos megjelen\u00e9st k\u00edn\u00e1l.<\/p>\n<p>Ak\u00e1r munk\u00e1hoz, ak\u00e1r sz\u00f3rakoz\u00e1shoz vagy multim\u00e9di\u00e1hoz haszn\u00e1lja laptopj\u00e1t, ez a fels\u0151 bor\u00edt\u00e1s megv\u00e9di laptopja kijelz\u0151j\u00e9t a port\u00f3l, a karcol\u00e1sokt\u00f3l \u00e9s a kisebb \u00fct\u00e9sekt\u0151l. Prec\u00edzi\u00f3s tervez\u00e9se garant\u00e1lja a biztons\u00e1gos illeszked\u00e9st, \u00edgy a kijelz\u0151 mindig j\u00f3l v\u00e9dett marad.<\/p>\n<p>Tov\u00e1bb\u00e1 a fels\u0151 burkolat kialak\u00edt\u00e1sa hozz\u00e1j\u00e1rul a laptop \u00e1ltal\u00e1nos eszt\u00e9tik\u00e1j\u00e1hoz, fokozza annak vizu\u00e1lis vonzerej\u00e9t, \u00e9s felfriss\u00edti a megjelen\u00e9st. Ez pozit\u00edv hat\u00e1ssal lehet az \u00e1ltal\u00e1nos sz\u00e1m\u00edt\u00e1stechnikai \u00e9lm\u00e9nyre.<\/p>\n<p>A telep\u00edt\u00e9s egyszer\u0171 a laptop eredeti alkatr\u00e9szeihez igazod\u00f3 kialak\u00edt\u00e1snak k\u00f6sz\u00f6nhet\u0151en. Ha eredeti Lenovo alkatr\u00e9szeket v\u00e1laszt, akkor laptopja min\u0151s\u00e9g\u00e9be, megb\u00edzhat\u00f3s\u00e1g\u00e1ba, jobb kijelz\u0151v\u00e9delm\u00e9be \u00e9s eszt\u00e9tik\u00e1j\u00e1ba fektet be.<\/p>\n<p>Friss\u00edtse laptopja kijelz\u0151v\u00e9delm\u00e9t \u00e9s l\u00e1tv\u00e1nyoss\u00e1g\u00e1t a Lenovo G50-45 LCD-k\u00e9perny\u0151 fels\u0151 fedel\u00e9vel AP0TH000100. \u00c9lvezze a megn\u00f6velt k\u00e9perny\u0151biztons\u00e1got, a st\u00edlusos megjelen\u00e9st \u00e9s az \u00e1ltal\u00e1nosan kimagasl\u00f3 sz\u00e1m\u00edt\u00e1stechnikai \u00e9lm\u00e9nyt.<\/p>\n<p>V\u00e1s\u00e1rl\u00e1s el\u0151tt ellen\u0151rizze, hogy kompatibilis-e az adott laptopmodellj\u00e9vel.<\/p>\n","protected":false},"excerpt":{"rendered":"<p>N\u00f6velje Lenovo G50-45 laptopja kijelz\u0151v\u00e9delm\u00e9t \u00e9s vizu\u00e1lis vonzerej\u00e9t a Lenovo G50-45 LCD-k\u00e9perny\u0151 fels\u0151 fedel\u00e9vel AP0TH000100. A jobb vizu\u00e1lis \u00e9lm\u00e9ny \u00e9rdek\u00e9ben friss\u00edtse a kijelz\u0151 biztons\u00e1g\u00e1t \u00e9s eszt\u00e9tik\u00e1j\u00e1t.<\/p>\n","protected":false},"featured_media":1593,"template":"","meta":[],"product_brand":[],"product_cat":[16],"product_tag":[26],"class_list":{"0":"post-1512","1":"product","2":"type-product","3":"status-publish","4":"has-post-thumbnail","6":"product_cat-laptop-housing","7":"product_tag-lenovo","9":"first","10":"instock","11":"taxable","12":"shipping-taxable","13":"purchasable","14":"product-type-simple"},"_links":{"self":[{"href":"https:\/\/boreait.com\/hu\/wp-json\/wp\/v2\/product\/1512","targetHints":{"allow":["GET"]}}],"collection":[{"href":"https:\/\/boreait.com\/hu\/wp-json\/wp\/v2\/product"}],"about":[{"href":"https:\/\/boreait.com\/hu\/wp-json\/wp\/v2\/types\/product"}],"wp:featuredmedia":[{"embeddable":true,"href":"https:\/\/boreait.com\/hu\/wp-json\/wp\/v2\/media\/1593"}],"wp:attachment":[{"href":"https:\/\/boreait.com\/hu\/wp-json\/wp\/v2\/media?parent=1512"}],"wp:term":[{"taxonomy":"product_brand","embeddable":true,"href":"https:\/\/boreait.com\/hu\/wp-json\/wp\/v2\/product_brand?post=1512"},{"taxonomy":"product_cat","embeddable":true,"href":"https:\/\/boreait.com\/hu\/wp-json\/wp\/v2\/product_cat?post=1512"},{"taxonomy":"product_tag","embeddable":true,"href":"https:\/\/boreait.com\/hu\/wp-json\/wp\/v2\/product_tag?post=1512"}],"curies":[{"name":"wp","href":"https:\/\/api.w.org\/{rel}","templated":true}]}}