{"id":1511,"date":"2025-09-17T10:03:16","date_gmt":"2025-09-17T08:03:16","guid":{"rendered":"https:\/\/boreait.com\/hu\/?post_type=product&#038;p=1511"},"modified":"2026-01-07T14:44:48","modified_gmt":"2026-01-07T13:44:48","slug":"sk-hynix-hmt425s6afr6a-pb-2gb-pc3l-12800-1600mhz-ddr3l-204tus-so-dimm","status":"publish","type":"product","link":"https:\/\/boreait.com\/hu\/termek\/sk-hynix-hmt425s6afr6a-pb-2gb-pc3l-12800-1600mhz-ddr3l-204tus-so-dimm\/","title":{"rendered":"SK hynix HMT425S6AFR6A-PB 2GB PC3L-12800 1600Mhz DDR3L 204t\u0171s SO-DIMM"},"content":{"rendered":"<p>B\u0151v\u00edtse laptopja mem\u00f3riateljes\u00edtm\u00e9ny\u00e9t \u00e9s t\u00f6bbfeladatos k\u00e9pess\u00e9geit az SK hynix HMT425S6AFR6A-PB 2 GB PC3L-12800 1600 MHz-es DDR3L 204 t\u0171s SO-DIMM modullal. A hat\u00e9kony \u00e9s megb\u00edzhat\u00f3 mem\u00f3riam\u0171veletek biztos\u00edt\u00e1s\u00e1ra tervezett RAM-modul jav\u00edtja a laptop reakci\u00f3k\u00e9szs\u00e9g\u00e9t \u00e9s az \u00e1ltal\u00e1nos sz\u00e1m\u00edt\u00e1si \u00e9lm\u00e9nyt a jobb termel\u00e9kenys\u00e9g \u00e9s teljes\u00edtm\u00e9ny \u00e9rdek\u00e9ben.<\/p>\n<p>Az SK hynix, a mem\u00f3riatechnol\u00f3gia elismert vezet\u0151 gy\u00e1rt\u00f3ja \u00e1ltal gy\u00e1rtott HMT425S6AFR6A-PB 2 GB PC3L-12800 1600 MHz-es DDR3L 204 t\u0171s SO-DIMM apr\u00f3l\u00e9kosan kidolgozott, hogy z\u00f6kken\u0151mentesen illeszkedjen a laptop diz\u00e1jnj\u00e1ba. A mem\u00f3riakezel\u00e9s alapvet\u0151 elemek\u00e9nt ez a RAM-modul gyakorlati el\u0151ny\u00f6ket \u00e9s fejlett mem\u00f3riatechnol\u00f3gi\u00e1t k\u00edn\u00e1l.<\/p>\n<p>Ak\u00e1r t\u00f6bbfeladatos munkav\u00e9gz\u00e9sre, tartalomk\u00e9sz\u00edt\u00e9sre vagy j\u00e1t\u00e9kra haszn\u00e1lja laptopj\u00e1t, ez a RAM-modul z\u00f6kken\u0151mentes \u00e9s gyors mem\u00f3riam\u0171veleteket biztos\u00edt az alkalmaz\u00e1sok z\u00f6kken\u0151mentes m\u0171k\u00f6d\u00e9s\u00e9hez. Nagy sebess\u00e9g\u0171 k\u00e9pess\u00e9gei \u00e9s hat\u00e9kony adat\u00e1tviteli sebess\u00e9ge hozz\u00e1j\u00e1rul a jobb sz\u00e1m\u00edt\u00e1stechnikai \u00e9lm\u00e9nyhez.<\/p>\n<p>A telep\u00edt\u00e9s egyszer\u0171 a laptop eredeti alkatr\u00e9szeihez igazod\u00f3 kialak\u00edt\u00e1snak k\u00f6sz\u00f6nhet\u0151en. Az eredeti SK hynix mem\u00f3ria v\u00e1laszt\u00e1s\u00e1val laptopja min\u0151s\u00e9g\u00e9be, megb\u00edzhat\u00f3s\u00e1g\u00e1ba \u00e9s jobb mem\u00f3riateljes\u00edtm\u00e9ny\u00e9be fektet be.<\/p>\n<p>N\u00f6velje laptopja mem\u00f3riateljes\u00edtm\u00e9ny\u00e9t \u00e9s t\u00f6bbfeladatos k\u00e9pess\u00e9geit az SK hynix HMT425S6AFR6A-PB 2 GB PC3L-12800 1600 MHz-es DDR3L 204 t\u0171s SO-DIMM modullal. \u00c9lvezze a gyorsabb mem\u00f3riam\u0171veleteket, a tov\u00e1bbfejlesztett t\u00f6bbfeladatos munkav\u00e9gz\u00e9st \u00e9s az \u00e1ltal\u00e1nosan kimagasl\u00f3 sz\u00e1m\u00edt\u00e1stechnikai \u00e9lm\u00e9nyt.<\/p>\n<p>V\u00e1s\u00e1rl\u00e1s el\u0151tt ellen\u0151rizze, hogy kompatibilis-e az adott laptopmodellj\u00e9vel.<\/p>\n","protected":false},"excerpt":{"rendered":"<p>N\u00f6velje laptopja mem\u00f3riateljes\u00edtm\u00e9ny\u00e9t az SK hynix HMT425S6AFR6A-PB 2GB PC3L-12800 1600MHz DDR3L 204Pin SO-DIMM modullal. Friss\u00edtse a t\u00f6bbfeladatos k\u00e9pess\u00e9geket a jobb termel\u00e9kenys\u00e9g \u00e9s teljes\u00edtm\u00e9ny \u00e9rdek\u00e9ben.<\/p>\n","protected":false},"featured_media":1592,"template":"","meta":[],"product_brand":[],"product_cat":[37,36],"product_tag":[],"class_list":{"0":"post-1511","1":"product","2":"type-product","3":"status-publish","4":"has-post-thumbnail","6":"product_cat-ddr3-ddr3l","7":"product_cat-ram-memory","9":"first","10":"instock","11":"taxable","12":"shipping-taxable","13":"purchasable","14":"product-type-simple"},"_links":{"self":[{"href":"https:\/\/boreait.com\/hu\/wp-json\/wp\/v2\/product\/1511","targetHints":{"allow":["GET"]}}],"collection":[{"href":"https:\/\/boreait.com\/hu\/wp-json\/wp\/v2\/product"}],"about":[{"href":"https:\/\/boreait.com\/hu\/wp-json\/wp\/v2\/types\/product"}],"wp:featuredmedia":[{"embeddable":true,"href":"https:\/\/boreait.com\/hu\/wp-json\/wp\/v2\/media\/1592"}],"wp:attachment":[{"href":"https:\/\/boreait.com\/hu\/wp-json\/wp\/v2\/media?parent=1511"}],"wp:term":[{"taxonomy":"product_brand","embeddable":true,"href":"https:\/\/boreait.com\/hu\/wp-json\/wp\/v2\/product_brand?post=1511"},{"taxonomy":"product_cat","embeddable":true,"href":"https:\/\/boreait.com\/hu\/wp-json\/wp\/v2\/product_cat?post=1511"},{"taxonomy":"product_tag","embeddable":true,"href":"https:\/\/boreait.com\/hu\/wp-json\/wp\/v2\/product_tag?post=1511"}],"curies":[{"name":"wp","href":"https:\/\/api.w.org\/{rel}","templated":true}]}}