{"id":1510,"date":"2025-09-17T10:03:16","date_gmt":"2025-09-17T08:03:16","guid":{"rendered":"https:\/\/boreait.com\/hu\/?post_type=product&#038;p=1510"},"modified":"2026-01-07T09:01:47","modified_gmt":"2026-01-07T08:01:47","slug":"laptop-dc-tapcsatlakozoval-es-kabellel-a-dell-precision-3510-wp4yf-dc30100vm00-hoz","status":"publish","type":"product","link":"https:\/\/boreait.com\/hu\/termek\/laptop-dc-tapcsatlakozoval-es-kabellel-a-dell-precision-3510-wp4yf-dc30100vm00-hoz\/","title":{"rendered":"Laptop DC t\u00e1pcsatlakoz\u00f3val \u00e9s k\u00e1bellel a Dell Precision 3510 WP4YF DC30100VM00-hoz"},"content":{"rendered":"<p>N\u00f6velje Dell Precision 3510 laptopja t\u00e1pell\u00e1t\u00e1s\u00e1t \u00e9s megb\u00edzhat\u00f3s\u00e1g\u00e1t a laptop egyen\u00e1ram\u00fa t\u00e1pcsatlakoz\u00f3j\u00e1val a Dell Precision 3510 WP4YF DC30100VM00 k\u00e9sz\u00fcl\u00e9khez k\u00e9sz\u00fclt k\u00e1bellel. A stabil \u00e9s biztons\u00e1gos t\u00e1pcsatlakoz\u00e1st biztos\u00edt\u00f3 DC t\u00e1pcsatlakoz\u00f3 k\u00e1bellel jav\u00edtja a laptop energiaeloszt\u00e1s\u00e1t \u00e9s \u00e1ltal\u00e1nos funkcionalit\u00e1s\u00e1t a jobb sz\u00e1m\u00edt\u00e1si \u00e9lm\u00e9ny \u00e9rdek\u00e9ben.<\/p>\n<p>A Dell, a sz\u00e1m\u00edt\u00e1stechnika egyik megb\u00edzhat\u00f3 vezet\u0151 gy\u00e1rt\u00f3ja, a Dell Precision 3510 WP4YF DC30100VM00 k\u00e9sz\u00fcl\u00e9khez k\u00e9sz\u00fclt t\u00e1pcsatlakoz\u00f3s laptop egyen\u00e1ram\u00fa DC30100VM00 prec\u00edzen kidolgozott, hogy z\u00f6kken\u0151mentesen illeszkedjen a laptop kialak\u00edt\u00e1s\u00e1ba. Az energiagazd\u00e1lkod\u00e1s alapvet\u0151 elemek\u00e9nt ez a k\u00e1beles t\u00e1pcsatlakoz\u00f3 praktikus el\u0151ny\u00f6ket \u00e9s fejlett technol\u00f3gi\u00e1t k\u00edn\u00e1l.<\/p>\n<p>Ak\u00e1r munk\u00e1ra, ak\u00e1r termel\u00e9kenys\u00e9gre vagy multim\u00e9di\u00e1ra haszn\u00e1lja laptopj\u00e1t, ez a k\u00e1beles t\u00e1pcsatlakoz\u00f3 megb\u00edzhat\u00f3 \u00e9s hat\u00e9kony t\u00e1pell\u00e1t\u00e1st biztos\u00edt laptopj\u00e1nak. Prec\u00edzi\u00f3s tervez\u00e9se garant\u00e1lja a biztons\u00e1gos kapcsolatot, megakad\u00e1lyozza az \u00e1ramkimarad\u00e1sokat, \u00e9s hozz\u00e1j\u00e1rul a laptop teljes\u00edtm\u00e9ny\u00e9nek \u00e1ltal\u00e1nos stabilit\u00e1s\u00e1hoz.<\/p>\n<p>A telep\u00edt\u00e9s egyszer\u0171 a laptop eredeti alkatr\u00e9szeihez igazod\u00f3 kialak\u00edt\u00e1snak k\u00f6sz\u00f6nhet\u0151en. Az eredeti Dell alkatr\u00e9szek kiv\u00e1laszt\u00e1s\u00e1val laptopja min\u0151s\u00e9g\u00e9be, megb\u00edzhat\u00f3s\u00e1g\u00e1ba \u00e9s jobb energiagazd\u00e1lkod\u00e1s\u00e1ba fektet be.<\/p>\n<p>Friss\u00edtse laptopja t\u00e1pell\u00e1t\u00e1s\u00e1t \u00e9s megb\u00edzhat\u00f3s\u00e1g\u00e1t a laptop egyen\u00e1ram\u00fa t\u00e1pcsatlakoz\u00f3val \u00e9s k\u00e1bellel a Dell Precision 3510 WP4YF DC30100VM00 k\u00e9sz\u00fcl\u00e9khez. \u00c9lvezze a tov\u00e1bbfejlesztett energiaeloszt\u00e1st, a biztons\u00e1gos csatlakoz\u00e1st \u00e9s az \u00e1ltal\u00e1nosan kimagasl\u00f3 sz\u00e1m\u00edt\u00e1stechnikai \u00e9lm\u00e9nyt.<\/p>\n<p>V\u00e1s\u00e1rl\u00e1s el\u0151tt ellen\u0151rizze, hogy kompatibilis-e az adott laptopmodellj\u00e9vel.<\/p>\n","protected":false},"excerpt":{"rendered":"<p>Fejlessze Dell Precision 3510 laptopj\u00e1t a laptop egyen\u00e1ram\u00fa t\u00e1pcsatlakoz\u00f3val \u00e9s a Dell Precision 3510 WP4YF DC30100VM00 k\u00e1bellel. B\u0151v\u00edtse a t\u00e1pcsatlakoz\u00e1st a nagyobb megb\u00edzhat\u00f3s\u00e1g \u00e9s teljes\u00edtm\u00e9ny \u00e9rdek\u00e9ben.<\/p>\n","protected":false},"featured_media":1591,"template":"","meta":[],"product_brand":[],"product_cat":[20],"product_tag":[17],"class_list":{"0":"post-1510","1":"product","2":"type-product","3":"status-publish","4":"has-post-thumbnail","6":"product_cat-cables","7":"product_tag-dell","9":"first","10":"instock","11":"taxable","12":"shipping-taxable","13":"purchasable","14":"product-type-simple"},"_links":{"self":[{"href":"https:\/\/boreait.com\/hu\/wp-json\/wp\/v2\/product\/1510","targetHints":{"allow":["GET"]}}],"collection":[{"href":"https:\/\/boreait.com\/hu\/wp-json\/wp\/v2\/product"}],"about":[{"href":"https:\/\/boreait.com\/hu\/wp-json\/wp\/v2\/types\/product"}],"wp:featuredmedia":[{"embeddable":true,"href":"https:\/\/boreait.com\/hu\/wp-json\/wp\/v2\/media\/1591"}],"wp:attachment":[{"href":"https:\/\/boreait.com\/hu\/wp-json\/wp\/v2\/media?parent=1510"}],"wp:term":[{"taxonomy":"product_brand","embeddable":true,"href":"https:\/\/boreait.com\/hu\/wp-json\/wp\/v2\/product_brand?post=1510"},{"taxonomy":"product_cat","embeddable":true,"href":"https:\/\/boreait.com\/hu\/wp-json\/wp\/v2\/product_cat?post=1510"},{"taxonomy":"product_tag","embeddable":true,"href":"https:\/\/boreait.com\/hu\/wp-json\/wp\/v2\/product_tag?post=1510"}],"curies":[{"name":"wp","href":"https:\/\/api.w.org\/{rel}","templated":true}]}}