{"id":151,"date":"2025-09-17T09:22:20","date_gmt":"2025-09-17T07:22:20","guid":{"rendered":"https:\/\/boreait.com\/hu\/?post_type=product&#038;p=151"},"modified":"2025-09-17T09:22:49","modified_gmt":"2025-09-17T07:22:49","slug":"kamera-webkamera-cn-0cj3p2-cj3p2-dell-e5420-e6420-e5520-e6520-m6600-m4600-szamara","status":"publish","type":"product","link":"https:\/\/boreait.com\/hu\/termek\/kamera-webkamera-cn-0cj3p2-cj3p2-dell-e5420-e6420-e5520-e6520-m6600-m4600-szamara\/","title":{"rendered":"Kamera \u2013 Webkamera CN-0CJ3P2 CJ3P2 Dell E5420 E6420 E5520 E6520 M6600 M4600 sz\u00e1m\u00e1ra"},"content":{"rendered":"<p>Kamera \u2013 Webkamera CN-0CJ3P2 CJ3P2 Dell E5420 E6420 E5520 E6520 M6600 M4600-hoz.<\/p>\n","protected":false},"excerpt":{"rendered":"<p>A CN-0CJ3P2 vagy CJ3P2 a Dell cikksz\u00e1ma a k\u00fcl\u00f6nb\u00f6z\u0151 Dell laptopmodellekben haszn\u00e1lt alaplapokhoz, bele\u00e9rtve az E5420, E6420, E5520, E6520, M6600 \u00e9s M4600 t\u00edpusokat. Ez egy alapvet\u0151 alkatr\u00e9sz, amely a laptop k\u00fcl\u00f6nf\u00e9le fontos r\u00e9szeit tartalmazza, p\u00e9ld\u00e1ul a CPU-t, a RAM-ot \u00e9s m\u00e1s csatlakoz\u00f3kat. Ez a r\u00e9sz kifejezetten Dell laptopokhoz k\u00e9sz\u00fclt, \u00e9s nem biztos, hogy kompatibilis m\u00e1s modellekkel vagy m\u00e1rk\u00e1kkal.<\/p>\n","protected":false},"featured_media":223,"template":"","meta":[],"product_brand":[],"product_cat":[23],"product_tag":[17],"class_list":{"0":"post-151","1":"product","2":"type-product","3":"status-publish","4":"has-post-thumbnail","6":"product_cat-laptop-camera","7":"product_tag-dell","9":"first","10":"instock","11":"taxable","12":"shipping-taxable","13":"purchasable","14":"product-type-simple"},"_links":{"self":[{"href":"https:\/\/boreait.com\/hu\/wp-json\/wp\/v2\/product\/151","targetHints":{"allow":["GET"]}}],"collection":[{"href":"https:\/\/boreait.com\/hu\/wp-json\/wp\/v2\/product"}],"about":[{"href":"https:\/\/boreait.com\/hu\/wp-json\/wp\/v2\/types\/product"}],"wp:featuredmedia":[{"embeddable":true,"href":"https:\/\/boreait.com\/hu\/wp-json\/wp\/v2\/media\/223"}],"wp:attachment":[{"href":"https:\/\/boreait.com\/hu\/wp-json\/wp\/v2\/media?parent=151"}],"wp:term":[{"taxonomy":"product_brand","embeddable":true,"href":"https:\/\/boreait.com\/hu\/wp-json\/wp\/v2\/product_brand?post=151"},{"taxonomy":"product_cat","embeddable":true,"href":"https:\/\/boreait.com\/hu\/wp-json\/wp\/v2\/product_cat?post=151"},{"taxonomy":"product_tag","embeddable":true,"href":"https:\/\/boreait.com\/hu\/wp-json\/wp\/v2\/product_tag?post=151"}],"curies":[{"name":"wp","href":"https:\/\/api.w.org\/{rel}","templated":true}]}}