{"id":1509,"date":"2025-09-17T10:03:16","date_gmt":"2025-09-17T08:03:16","guid":{"rendered":"https:\/\/boreait.com\/hu\/?post_type=product&#038;p=1509"},"modified":"2026-01-07T09:01:31","modified_gmt":"2026-01-07T08:01:31","slug":"intel-dual-band-wireless-ac-7265ngw-wifi-bluetooth-kartya","status":"publish","type":"product","link":"https:\/\/boreait.com\/hu\/termek\/intel-dual-band-wireless-ac-7265ngw-wifi-bluetooth-kartya\/","title":{"rendered":"Intel Dual Band Wireless-AC 7265NGW WiFi + Bluetooth k\u00e1rtya"},"content":{"rendered":"<p>B\u0151v\u00edtse laptopja vezet\u00e9k n\u00e9lk\u00fcli kapcsolat\u00e1t \u00e9s kommunik\u00e1ci\u00f3s k\u00e9pess\u00e9geit az Intel Dual Band Wireless-AC 7265NGW WiFi + Bluetooth k\u00e1rty\u00e1val. A gyors \u00e9s megb\u00edzhat\u00f3 vezet\u00e9k n\u00e9lk\u00fcli kapcsolatok \u00e9s a z\u00f6kken\u0151mentes Bluetooth-funkci\u00f3k biztos\u00edt\u00e1s\u00e1ra tervezett k\u00e1rtya jav\u00edtja laptopja h\u00e1l\u00f3zati teljes\u00edtm\u00e9ny\u00e9t \u00e9s \u00e1ltal\u00e1nos csatlakoztathat\u00f3s\u00e1g\u00e1t a jobb sz\u00e1m\u00edt\u00e1stechnikai \u00e9lm\u00e9ny \u00e9rdek\u00e9ben.<\/p>\n<p>Az Intel, a sz\u00e1m\u00edt\u00e1stechnika egyik vezet\u0151 v\u00e1llalata \u00e1ltal gy\u00e1rtott Intel Dual Band Wireless-AC 7265NGW WiFi + Bluetooth k\u00e1rtya apr\u00f3l\u00e9kosan kidolgozott, hogy z\u00f6kken\u0151mentesen illeszkedjen a laptop diz\u00e1jnj\u00e1ba. A vezet\u00e9k n\u00e9lk\u00fcli kommunik\u00e1ci\u00f3 alapvet\u0151 elemek\u00e9nt ez a k\u00e1rtya gyakorlati el\u0151ny\u00f6ket \u00e9s fejlett h\u00e1l\u00f3zati technol\u00f3gi\u00e1t is k\u00edn\u00e1l.<\/p>\n<p>Ak\u00e1r streamel\u00e9sre, ak\u00e1r online j\u00e1t\u00e9kra vagy termel\u00e9kenys\u00e9gre haszn\u00e1lja laptopj\u00e1t, ez a WiFi \u00e9s Bluetooth k\u00e1rtya sima \u00e9s stabil vezet\u00e9k n\u00e9lk\u00fcli kapcsolatot biztos\u00edt a z\u00f6kken\u0151mentes b\u00f6ng\u00e9sz\u00e9s \u00e9s adat\u00e1tvitel \u00e9rdek\u00e9ben. K\u00e9ts\u00e1vos k\u00e9pess\u00e9gei nagyobb h\u00e1l\u00f3zati rugalmass\u00e1got \u00e9s cs\u00f6kkentett interferenci\u00e1t k\u00edn\u00e1lnak, hozz\u00e1j\u00e1rulva a jobb h\u00e1l\u00f3zati \u00e9lm\u00e9nyhez.<\/p>\n<p>Emellett az integr\u00e1lt Bluetooth funkci\u00f3 lehet\u0151v\u00e9 teszi a k\u00fcl\u00f6nf\u00e9le perif\u00e9ri\u00e1k \u00e9s eszk\u00f6z\u00f6k vezet\u00e9k n\u00e9lk\u00fcli csatlakoztat\u00e1s\u00e1t, ezzel b\u0151v\u00edtve laptopja sokoldal\u00fas\u00e1g\u00e1t \u00e9s k\u00e9nyelm\u00e9t.<\/p>\n<p>A telep\u00edt\u00e9s egyszer\u0171 a laptop eredeti alkatr\u00e9szeihez igazod\u00f3 kialak\u00edt\u00e1snak k\u00f6sz\u00f6nhet\u0151en. Az eredeti Intel alkatr\u00e9szek kiv\u00e1laszt\u00e1s\u00e1val laptopja min\u0151s\u00e9g\u00e9be, megb\u00edzhat\u00f3s\u00e1g\u00e1ba \u00e9s jobb h\u00e1l\u00f3zati teljes\u00edtm\u00e9ny\u00e9be fektet be.<\/p>\n<p>Friss\u00edtse laptopja vezet\u00e9k n\u00e9lk\u00fcli kapcsolat\u00e1t \u00e9s kommunik\u00e1ci\u00f3s k\u00e9pess\u00e9geit az Intel Dual Band Wireless-AC 7265NGW WiFi + Bluetooth k\u00e1rty\u00e1val. \u00c9lvezze a gyors vezet\u00e9k n\u00e9lk\u00fcli kapcsolatokat, a z\u00f6kken\u0151mentes Bluetooth funkci\u00f3t \u00e9s az \u00e1ltal\u00e1nosan kimagasl\u00f3 sz\u00e1m\u00edt\u00e1stechnikai \u00e9lm\u00e9nyt.<\/p>\n<p>V\u00e1s\u00e1rl\u00e1s el\u0151tt ellen\u0151rizze, hogy kompatibilis-e az adott laptopmodellj\u00e9vel.<\/p>\n","protected":false},"excerpt":{"rendered":"<p>Fokozza laptopja csatlakoztathat\u00f3s\u00e1g\u00e1t az Intel Dual Band Wireless-AC 7265NGW WiFi + Bluetooth k\u00e1rty\u00e1val. N\u00f6velje a h\u00e1l\u00f3zati teljes\u00edtm\u00e9nyt, \u00e9s \u00e9lvezze a gyors vezet\u00e9k n\u00e9lk\u00fcli kapcsolatokat \u00e9s a z\u00f6kken\u0151mentes Bluetooth funkci\u00f3t.<\/p>\n","protected":false},"featured_media":1590,"template":"","meta":[],"product_brand":[],"product_cat":[27],"product_tag":[],"class_list":{"0":"post-1509","1":"product","2":"type-product","3":"status-publish","4":"has-post-thumbnail","6":"product_cat-motherboards-board-parts","8":"first","9":"instock","10":"taxable","11":"shipping-taxable","12":"purchasable","13":"product-type-simple"},"_links":{"self":[{"href":"https:\/\/boreait.com\/hu\/wp-json\/wp\/v2\/product\/1509","targetHints":{"allow":["GET"]}}],"collection":[{"href":"https:\/\/boreait.com\/hu\/wp-json\/wp\/v2\/product"}],"about":[{"href":"https:\/\/boreait.com\/hu\/wp-json\/wp\/v2\/types\/product"}],"wp:featuredmedia":[{"embeddable":true,"href":"https:\/\/boreait.com\/hu\/wp-json\/wp\/v2\/media\/1590"}],"wp:attachment":[{"href":"https:\/\/boreait.com\/hu\/wp-json\/wp\/v2\/media?parent=1509"}],"wp:term":[{"taxonomy":"product_brand","embeddable":true,"href":"https:\/\/boreait.com\/hu\/wp-json\/wp\/v2\/product_brand?post=1509"},{"taxonomy":"product_cat","embeddable":true,"href":"https:\/\/boreait.com\/hu\/wp-json\/wp\/v2\/product_cat?post=1509"},{"taxonomy":"product_tag","embeddable":true,"href":"https:\/\/boreait.com\/hu\/wp-json\/wp\/v2\/product_tag?post=1509"}],"curies":[{"name":"wp","href":"https:\/\/api.w.org\/{rel}","templated":true}]}}