{"id":1508,"date":"2025-09-17T10:03:16","date_gmt":"2025-09-17T08:03:16","guid":{"rendered":"https:\/\/boreait.com\/hu\/?post_type=product&#038;p=1508"},"modified":"2025-09-17T10:04:52","modified_gmt":"2025-09-17T08:04:52","slug":"hangszorok-lenovo-thinkpad-t440-t450-04x5442-ssb0e50234","status":"publish","type":"product","link":"https:\/\/boreait.com\/hu\/termek\/hangszorok-lenovo-thinkpad-t440-t450-04x5442-ssb0e50234\/","title":{"rendered":"Hangsz\u00f3r\u00f3k Lenovo ThinkPad T440 T450 &#8211; 04X5442 &#8211; SSB0E50234"},"content":{"rendered":"<p>N\u00f6velje Lenovo ThinkPad T440 vagy T450 laptopja hangteljes\u00edtm\u00e9ny\u00e9t \u00e9s multim\u00e9di\u00e1s \u00e9lm\u00e9ny\u00e9t a Lenovo ThinkPad T440 T450 &#8211; 04X5442 &#8211; SSB0E50234 hangsz\u00f3r\u00f3 hangsz\u00f3r\u00f3val. A tiszta \u00e9s mag\u00e1val ragad\u00f3 hangz\u00e1sra tervezett hangsz\u00f3r\u00f3k jav\u00edtj\u00e1k laptopja hangmin\u0151s\u00e9g\u00e9t \u00e9s \u00e1ltal\u00e1nos sz\u00f3rakoz\u00e1si \u00e9rt\u00e9k\u00e9t a jobb sz\u00e1m\u00edt\u00e1stechnikai \u00e9lm\u00e9ny \u00e9rdek\u00e9ben.<\/p>\n<p>A Lenovo, a sz\u00e1m\u00edt\u00e1stechnika tekint\u00e9lyes vezet\u0151 gy\u00e1rt\u00f3ja \u00e1ltal gy\u00e1rtott Lenovo ThinkPad T440 T450 &#8211; 04X5442 &#8211; SSB0E50234 hangsz\u00f3r\u00f3 apr\u00f3l\u00e9kosan kidolgozott, hogy z\u00f6kken\u0151mentesen illeszkedjen a laptop diz\u00e1jnj\u00e1ba. A hangvisszaad\u00e1s alapvet\u0151 \u00f6sszetev\u0151ik\u00e9nt ezek a hangsz\u00f3r\u00f3k praktikus el\u0151ny\u00f6ket \u00e9s fejlett hangtechnol\u00f3gi\u00e1t k\u00edn\u00e1lnak.<\/p>\n<p>Ak\u00e1r multim\u00e9di\u00e1ra, streamel\u00e9sre vagy sz\u00f3rakoztat\u00e1sra haszn\u00e1lja laptopj\u00e1t, ezek a hangsz\u00f3r\u00f3k kiv\u00e1l\u00f3 min\u0151s\u00e9g\u0171 hangkimenetet biztos\u00edtanak a leny\u0171g\u00f6z\u0151 hall\u00e1si \u00e9lm\u00e9ny \u00e9rdek\u00e9ben. Prec\u00edzi\u00f3s tervez\u00e9se garant\u00e1lja az \u00e9les hangvisszaad\u00e1st, megakad\u00e1lyozza a torz\u00edt\u00e1st, \u00e9s hozz\u00e1j\u00e1rul a laptop hangkimenet\u00e9nek \u00e1ltal\u00e1nos tisztas\u00e1g\u00e1hoz.<\/p>\n<p>A telep\u00edt\u00e9s egyszer\u0171 a laptop eredeti alkatr\u00e9szeihez igazod\u00f3 kialak\u00edt\u00e1snak k\u00f6sz\u00f6nhet\u0151en. Az eredeti Lenovo alkatr\u00e9szek kiv\u00e1laszt\u00e1s\u00e1val laptopja min\u0151s\u00e9g\u00e9be, megb\u00edzhat\u00f3s\u00e1g\u00e1ba \u00e9s jobb hangteljes\u00edtm\u00e9ny\u00e9be fektet be.<\/p>\n<p>Friss\u00edtse laptopja hangmin\u0151s\u00e9g\u00e9t \u00e9s sz\u00f3rakoz\u00e1si \u00e9rt\u00e9k\u00e9t a Lenovo ThinkPad T440 T450 &#8211; 04X5442 &#8211; SSB0E50234 hangsz\u00f3r\u00f3 hangsz\u00f3r\u00f3val. \u00c9lvezze a tov\u00e1bbfejlesztett hangvisszaad\u00e1st, a mag\u00e1val ragad\u00f3 hang\u00e9lm\u00e9nyt \u00e9s az \u00e1ltal\u00e1nosan kimagasl\u00f3 sz\u00e1m\u00edt\u00e1stechnikai \u00e9lm\u00e9nyt.<\/p>\n<p>V\u00e1s\u00e1rl\u00e1s el\u0151tt ellen\u0151rizze, hogy kompatibilis-e az adott laptopmodellj\u00e9vel.<\/p>\n","protected":false},"excerpt":{"rendered":"<p>Fejtse fel Lenovo ThinkPad T440 vagy T450 laptopj\u00e1t a Lenovo ThinkPad T440 T450 &#8211; 04X5442 &#8211; SSB0E50234 hangsz\u00f3r\u00f3 hangsz\u00f3r\u00f3val. Jav\u00edtsa a hangmin\u0151s\u00e9get a tov\u00e1bbfejlesztett multim\u00e9di\u00e1s \u00e9lm\u00e9ny \u00e9rdek\u00e9ben.<\/p>\n","protected":false},"featured_media":1581,"template":"","meta":[],"product_brand":[],"product_cat":[18],"product_tag":[26],"class_list":{"0":"post-1508","1":"product","2":"type-product","3":"status-publish","4":"has-post-thumbnail","6":"product_cat-laptop-speakers","7":"product_tag-lenovo","9":"first","10":"instock","11":"taxable","12":"shipping-taxable","13":"purchasable","14":"product-type-simple"},"_links":{"self":[{"href":"https:\/\/boreait.com\/hu\/wp-json\/wp\/v2\/product\/1508","targetHints":{"allow":["GET"]}}],"collection":[{"href":"https:\/\/boreait.com\/hu\/wp-json\/wp\/v2\/product"}],"about":[{"href":"https:\/\/boreait.com\/hu\/wp-json\/wp\/v2\/types\/product"}],"wp:featuredmedia":[{"embeddable":true,"href":"https:\/\/boreait.com\/hu\/wp-json\/wp\/v2\/media\/1581"}],"wp:attachment":[{"href":"https:\/\/boreait.com\/hu\/wp-json\/wp\/v2\/media?parent=1508"}],"wp:term":[{"taxonomy":"product_brand","embeddable":true,"href":"https:\/\/boreait.com\/hu\/wp-json\/wp\/v2\/product_brand?post=1508"},{"taxonomy":"product_cat","embeddable":true,"href":"https:\/\/boreait.com\/hu\/wp-json\/wp\/v2\/product_cat?post=1508"},{"taxonomy":"product_tag","embeddable":true,"href":"https:\/\/boreait.com\/hu\/wp-json\/wp\/v2\/product_tag?post=1508"}],"curies":[{"name":"wp","href":"https:\/\/api.w.org\/{rel}","templated":true}]}}