{"id":1507,"date":"2025-09-17T10:03:16","date_gmt":"2025-09-17T08:03:16","guid":{"rendered":"https:\/\/boreait.com\/hu\/?post_type=product&#038;p=1507"},"modified":"2026-01-07T14:44:33","modified_gmt":"2026-01-07T13:44:33","slug":"csere-kijelzokabel-a-dell-inspiron-n7010-p-n-gym9f-cn-0gym9f-keszulekhez","status":"publish","type":"product","link":"https:\/\/boreait.com\/hu\/termek\/csere-kijelzokabel-a-dell-inspiron-n7010-p-n-gym9f-cn-0gym9f-keszulekhez\/","title":{"rendered":"Csere kijelz\u0151k\u00e1bel a Dell Inspiron N7010 P\/N GYM9F CN-0GYM9F k\u00e9sz\u00fcl\u00e9khez"},"content":{"rendered":"<p>N\u00f6velje Dell Inspiron N7010 laptopja kijelz\u0151funkci\u00f3it \u00e9s vizu\u00e1lis \u00e9lm\u00e9ny\u00e9t a Dell Inspiron N7010 P\/N GYM9F CN-0GYM9F kijelz\u0151h\u00f6z k\u00e9sz\u00fclt cserek\u00e1bellel. A laptop kijelz\u0151je \u00e9s a bels\u0151 alkatr\u00e9szek k\u00f6z\u00f6tti z\u00f6kken\u0151mentes kommunik\u00e1ci\u00f3 biztos\u00edt\u00e1s\u00e1ra tervezett kijelz\u0151k\u00e1bel jav\u00edtja a kijelz\u0151 min\u0151s\u00e9g\u00e9t \u00e9s \u00e1ltal\u00e1nos funkcionalit\u00e1s\u00e1t a jobb sz\u00e1m\u00edt\u00e1stechnikai \u00e9lm\u00e9ny \u00e9rdek\u00e9ben.<\/p>\n<p>A Dell, a sz\u00e1m\u00edt\u00e1stechnika egyik megb\u00edzhat\u00f3 vezet\u0151 gy\u00e1rt\u00f3ja, a Dell Inspiron N7010 P\/N GYM9F CN-0GYM9F kijelz\u0151h\u00f6z k\u00e9sz\u00fclt cserek\u00e1belt apr\u00f3l\u00e9kosan megtervezt\u00e9k, hogy z\u00f6kken\u0151mentesen illeszkedjen a laptop kialak\u00edt\u00e1s\u00e1ba. A kijelz\u0151 kommunik\u00e1ci\u00f3 alapvet\u0151 elemek\u00e9nt ez a kijelz\u0151k\u00e1bel gyakorlati el\u0151ny\u00f6ket \u00e9s fejlett technol\u00f3gi\u00e1t is k\u00edn\u00e1l.<\/p>\n<p>Ak\u00e1r munk\u00e1hoz, ak\u00e1r multim\u00e9di\u00e1hoz vagy sz\u00f3rakoz\u00e1shoz haszn\u00e1lja laptopj\u00e1t, ez a kijelz\u0151k\u00e1bel z\u00f6kken\u0151mentes \u00e9s megb\u00edzhat\u00f3 adat\u00e1tvitelt biztos\u00edt a kijelz\u0151 \u00e9s a bels\u0151 alkatr\u00e9szek k\u00f6z\u00f6tt. Prec\u00edzi\u00f3s tervez\u00e9se \u00e9l\u00e9nk megjelen\u00edt\u00e9si min\u0151s\u00e9get garant\u00e1l, megakad\u00e1lyozza a vizu\u00e1lis hib\u00e1kat, \u00e9s hozz\u00e1j\u00e1rul a laptop k\u00e9perny\u0151j\u00e9nek \u00e1ltal\u00e1nos tisztas\u00e1g\u00e1hoz.<\/p>\n<p>A telep\u00edt\u00e9s egyszer\u0171 a laptop eredeti alkatr\u00e9szeihez igazod\u00f3 kialak\u00edt\u00e1snak k\u00f6sz\u00f6nhet\u0151en. Az eredeti Dell alkatr\u00e9szek kiv\u00e1laszt\u00e1s\u00e1val laptopja min\u0151s\u00e9g\u00e9be, megb\u00edzhat\u00f3s\u00e1g\u00e1ba \u00e9s jobb megjelen\u00edt\u00e9si teljes\u00edtm\u00e9ny\u00e9be fektet be.<\/p>\n<p>Friss\u00edtse laptopja kijelz\u0151j\u00e9nek min\u0151s\u00e9g\u00e9t \u00e9s kommunik\u00e1ci\u00f3j\u00e1t a Dell Inspiron N7010 P\/N GYM9F CN-0GYM9F kijelz\u0151h\u00f6z k\u00e9sz\u00fclt cserek\u00e1bellel. \u00c9lvezze a jobb k\u00e9ptisztas\u00e1got, a megb\u00edzhat\u00f3 kommunik\u00e1ci\u00f3t \u00e9s az \u00e1ltal\u00e1nosan kimagasl\u00f3 sz\u00e1m\u00edt\u00e1stechnikai \u00e9lm\u00e9nyt.<\/p>\n<p>V\u00e1s\u00e1rl\u00e1s el\u0151tt ellen\u0151rizze, hogy kompatibilis-e az adott laptopmodellj\u00e9vel.<\/p>\n","protected":false},"excerpt":{"rendered":"<p>Fejlessze Dell Inspiron N7010 laptopj\u00e1t a Dell Inspiron N7010 P\/N GYM9F CN-0GYM9F kijelz\u0151h\u00f6z val\u00f3 cserek\u00e1bellel. Jav\u00edtsa a kijelz\u0151 min\u0151s\u00e9g\u00e9t \u00e9s a kommunik\u00e1ci\u00f3t a jobb vizu\u00e1lis \u00e9lm\u00e9ny \u00e9rdek\u00e9ben.<\/p>\n","protected":false},"featured_media":1580,"template":"","meta":[],"product_brand":[],"product_cat":[20],"product_tag":[17],"class_list":{"0":"post-1507","1":"product","2":"type-product","3":"status-publish","4":"has-post-thumbnail","6":"product_cat-cables","7":"product_tag-dell","9":"first","10":"instock","11":"taxable","12":"shipping-taxable","13":"purchasable","14":"product-type-simple"},"_links":{"self":[{"href":"https:\/\/boreait.com\/hu\/wp-json\/wp\/v2\/product\/1507","targetHints":{"allow":["GET"]}}],"collection":[{"href":"https:\/\/boreait.com\/hu\/wp-json\/wp\/v2\/product"}],"about":[{"href":"https:\/\/boreait.com\/hu\/wp-json\/wp\/v2\/types\/product"}],"wp:featuredmedia":[{"embeddable":true,"href":"https:\/\/boreait.com\/hu\/wp-json\/wp\/v2\/media\/1580"}],"wp:attachment":[{"href":"https:\/\/boreait.com\/hu\/wp-json\/wp\/v2\/media?parent=1507"}],"wp:term":[{"taxonomy":"product_brand","embeddable":true,"href":"https:\/\/boreait.com\/hu\/wp-json\/wp\/v2\/product_brand?post=1507"},{"taxonomy":"product_cat","embeddable":true,"href":"https:\/\/boreait.com\/hu\/wp-json\/wp\/v2\/product_cat?post=1507"},{"taxonomy":"product_tag","embeddable":true,"href":"https:\/\/boreait.com\/hu\/wp-json\/wp\/v2\/product_tag?post=1507"}],"curies":[{"name":"wp","href":"https:\/\/api.w.org\/{rel}","templated":true}]}}