{"id":1506,"date":"2025-09-17T10:03:16","date_gmt":"2025-09-17T08:03:16","guid":{"rendered":"https:\/\/boreait.com\/hu\/?post_type=product&#038;p=1506"},"modified":"2026-01-07T09:01:14","modified_gmt":"2026-01-07T08:01:14","slug":"dell-latitude-e5570-intelligenskartya-olvaso-kartya-w-szalag-r38x1-0r38x1-cn-0r38x1","status":"publish","type":"product","link":"https:\/\/boreait.com\/hu\/termek\/dell-latitude-e5570-intelligenskartya-olvaso-kartya-w-szalag-r38x1-0r38x1-cn-0r38x1\/","title":{"rendered":"Dell Latitude E5570 intelligensk\u00e1rtya-olvas\u00f3 k\u00e1rtya W szalag R38X1 0R38X1 CN- 0R38X1"},"content":{"rendered":"<p>B\u0151v\u00edtse Dell Latitude E5570 laptopja biztons\u00e1g\u00e1t \u00e9s funkcionalit\u00e1s\u00e1t a Dell Latitude E5570 Smart Card Reader Board W Ribbon R38X1 0R38X1 CN-0R38X1 seg\u00edts\u00e9g\u00e9vel. A biztons\u00e1gos hiteles\u00edt\u00e9sre \u00e9s adatv\u00e9delemre tervezett szalagos intelligensk\u00e1rtya-olvas\u00f3 k\u00e1rtya fokozza laptopja biztons\u00e1gi int\u00e9zked\u00e9seit \u00e9s \u00e1ltal\u00e1nos funkcionalit\u00e1s\u00e1t a jobb sz\u00e1m\u00edt\u00e1stechnikai \u00e9lm\u00e9ny \u00e9rdek\u00e9ben.<\/p>\n<p>A Dell, a sz\u00e1m\u00edt\u00e1stechnika megb\u00edzhat\u00f3 vezet\u0151 gy\u00e1rt\u00f3ja \u00e1ltal gy\u00e1rtott Dell Latitude E5570 Smart Card Reader Board W Ribbon R38X1 0R38X1 CN-0R38X1 apr\u00f3l\u00e9kosan kidolgozott, hogy z\u00f6kken\u0151mentesen illeszkedjen a laptop kialak\u00edt\u00e1s\u00e1ba. A fokozott biztons\u00e1g alapvet\u0151 elemek\u00e9nt ez az intelligens k\u00e1rtyaolvas\u00f3 k\u00e1rtya gyakorlati el\u0151ny\u00f6ket \u00e9s fejlett technol\u00f3gi\u00e1t is k\u00edn\u00e1l.<\/p>\n<p>Ak\u00e1r munk\u00e1ra, ak\u00e1r termel\u00e9kenys\u00e9gre vagy \u00e9rz\u00e9keny adatok kezel\u00e9s\u00e9re haszn\u00e1lja laptopj\u00e1t, ez az intelligensk\u00e1rtya-olvas\u00f3 k\u00e1rtya biztons\u00e1gos hiteles\u00edt\u00e9st \u00e9s adatv\u00e9delmet biztos\u00edt. Prec\u00edzi\u00f3s tervez\u00e9se megb\u00edzhat\u00f3 teljes\u00edtm\u00e9nyt garant\u00e1l, hozz\u00e1j\u00e1rulva laptopja m\u0171k\u00f6d\u00e9s\u00e9nek \u00e1ltal\u00e1nos biztons\u00e1g\u00e1hoz \u00e9s hat\u00e9konys\u00e1g\u00e1hoz.<\/p>\n<p>A telep\u00edt\u00e9s egyszer\u0171 a laptop eredeti alkatr\u00e9szeihez igazod\u00f3 kialak\u00edt\u00e1snak k\u00f6sz\u00f6nhet\u0151en. Az eredeti Dell alkatr\u00e9szek kiv\u00e1laszt\u00e1s\u00e1val laptopja min\u0151s\u00e9g\u00e9be, megb\u00edzhat\u00f3s\u00e1g\u00e1ba \u00e9s fokozott biztons\u00e1g\u00e1ba fektet be.<\/p>\n<p>Friss\u00edtse laptopja biztons\u00e1gi int\u00e9zked\u00e9seit \u00e9s funkcionalit\u00e1s\u00e1t a Dell Latitude E5570 Smart Card Reader Board W Ribbon R38X1 0R38X1 CN-0R38X1 seg\u00edts\u00e9g\u00e9vel. \u00c9lvezze a tov\u00e1bbfejlesztett hiteles\u00edt\u00e9st, az adatv\u00e9delmet \u00e9s a magasabb szint\u0171 sz\u00e1m\u00edt\u00e1stechnikai \u00e9lm\u00e9nyt.<\/p>\n<p>V\u00e1s\u00e1rl\u00e1s el\u0151tt ellen\u0151rizze, hogy kompatibilis-e az adott laptopmodellj\u00e9vel.<\/p>\n","protected":false},"excerpt":{"rendered":"<p>Fejtse fel Dell Latitude E5570 laptopj\u00e1t a Dell Latitude E5570 Smart Card Reader Board W Ribbon R38X1 0R38X1 CN-0R38X1 seg\u00edts\u00e9g\u00e9vel. Friss\u00edtse a biztons\u00e1gi int\u00e9zked\u00e9seket a jobb hiteles\u00edt\u00e9s \u00e9s adatv\u00e9delem \u00e9rdek\u00e9ben.<\/p>\n","protected":false},"featured_media":1579,"template":"","meta":[],"product_brand":[],"product_cat":[27],"product_tag":[17],"class_list":{"0":"post-1506","1":"product","2":"type-product","3":"status-publish","4":"has-post-thumbnail","6":"product_cat-motherboards-board-parts","7":"product_tag-dell","9":"first","10":"instock","11":"taxable","12":"shipping-taxable","13":"purchasable","14":"product-type-simple"},"_links":{"self":[{"href":"https:\/\/boreait.com\/hu\/wp-json\/wp\/v2\/product\/1506","targetHints":{"allow":["GET"]}}],"collection":[{"href":"https:\/\/boreait.com\/hu\/wp-json\/wp\/v2\/product"}],"about":[{"href":"https:\/\/boreait.com\/hu\/wp-json\/wp\/v2\/types\/product"}],"wp:featuredmedia":[{"embeddable":true,"href":"https:\/\/boreait.com\/hu\/wp-json\/wp\/v2\/media\/1579"}],"wp:attachment":[{"href":"https:\/\/boreait.com\/hu\/wp-json\/wp\/v2\/media?parent=1506"}],"wp:term":[{"taxonomy":"product_brand","embeddable":true,"href":"https:\/\/boreait.com\/hu\/wp-json\/wp\/v2\/product_brand?post=1506"},{"taxonomy":"product_cat","embeddable":true,"href":"https:\/\/boreait.com\/hu\/wp-json\/wp\/v2\/product_cat?post=1506"},{"taxonomy":"product_tag","embeddable":true,"href":"https:\/\/boreait.com\/hu\/wp-json\/wp\/v2\/product_tag?post=1506"}],"curies":[{"name":"wp","href":"https:\/\/api.w.org\/{rel}","templated":true}]}}