{"id":1495,"date":"2025-09-17T10:02:54","date_gmt":"2025-09-17T08:02:54","guid":{"rendered":"https:\/\/boreait.com\/hu\/?post_type=product&#038;p=1495"},"modified":"2026-01-07T09:00:55","modified_gmt":"2026-01-07T08:00:55","slug":"lenovo-g50-sorozat-dc30100lg00-dc-tapcsatlakozo-aljzat-kabel-csatlakozo-port","status":"publish","type":"product","link":"https:\/\/boreait.com\/hu\/termek\/lenovo-g50-sorozat-dc30100lg00-dc-tapcsatlakozo-aljzat-kabel-csatlakozo-port\/","title":{"rendered":"Lenovo G50 sorozat DC30100LG00 DC t\u00e1pcsatlakoz\u00f3 aljzat k\u00e1bel csatlakoz\u00f3 port"},"content":{"rendered":"<p>B\u0151v\u00edtse Lenovo G50 sorozat\u00fa laptopja t\u00e1pell\u00e1t\u00e1s\u00e1t \u00e9s megb\u00edzhat\u00f3s\u00e1g\u00e1t a Lenovo G50 Series DC30100LG00 DC t\u00e1pcsatlakoz\u00f3 aljzat k\u00e1belcsatlakoz\u00f3 portj\u00e1val. A stabil \u00e9s biztons\u00e1gos t\u00e1pcsatlakoz\u00e1st biztos\u00edt\u00f3 ez az egyen\u00e1ram\u00fa t\u00e1pcsatlakoz\u00f3 aljzat \u00e9s a k\u00e1belcsatlakoz\u00f3-port jav\u00edtja a laptop energiaeloszt\u00e1s\u00e1t \u00e9s \u00e1ltal\u00e1nos funkcionalit\u00e1s\u00e1t a jobb sz\u00e1m\u00edt\u00e1stechnikai \u00e9lm\u00e9ny \u00e9rdek\u00e9ben.<\/p>\n<p>A Lenovo, a sz\u00e1m\u00edt\u00e1stechnika tekint\u00e9lyes vezet\u0151 gy\u00e1rt\u00f3ja, a Lenovo G50 sorozat\u00fa DC30100LG00 DC t\u00e1pcsatlakoz\u00f3 aljzatk\u00e1bel csatlakoz\u00f3portja apr\u00f3l\u00e9kosan kidolgozott, hogy z\u00f6kken\u0151mentesen illeszkedjen a laptop diz\u00e1jnj\u00e1ba. Az energiagazd\u00e1lkod\u00e1s alapvet\u0151 elemek\u00e9nt ez a t\u00e1pcsatlakoz\u00f3 \u00e9s k\u00e1belcsatlakoz\u00f3-port praktikus el\u0151ny\u00f6ket \u00e9s tov\u00e1bbfejlesztett \u00e1ramell\u00e1t\u00e1st k\u00edn\u00e1l.<\/p>\n<p>Ak\u00e1r munk\u00e1ra, ak\u00e1r termel\u00e9kenys\u00e9gre vagy multim\u00e9di\u00e1ra haszn\u00e1lja laptopj\u00e1t, ez a t\u00e1pcsatlakoz\u00f3 \u00e9s k\u00e1belcsatlakoz\u00f3-port megb\u00edzhat\u00f3 \u00e9s hat\u00e9kony t\u00e1pell\u00e1t\u00e1st biztos\u00edt laptopja sz\u00e1m\u00e1ra. Prec\u00edzi\u00f3s tervez\u00e9se garant\u00e1lja a biztons\u00e1gos kapcsolatot, megakad\u00e1lyozza az \u00e1ramkimarad\u00e1sokat, \u00e9s hozz\u00e1j\u00e1rul a laptop teljes\u00edtm\u00e9ny\u00e9nek \u00e1ltal\u00e1nos stabilit\u00e1s\u00e1hoz.<\/p>\n<p>A telep\u00edt\u00e9s egyszer\u0171 a laptop eredeti alkatr\u00e9szeihez igazod\u00f3 kialak\u00edt\u00e1snak k\u00f6sz\u00f6nhet\u0151en. Az eredeti Lenovo alkatr\u00e9szek kiv\u00e1laszt\u00e1s\u00e1val laptopja min\u0151s\u00e9g\u00e9be, megb\u00edzhat\u00f3s\u00e1g\u00e1ba \u00e9s jobb energiagazd\u00e1lkod\u00e1s\u00e1ba fektet be.<\/p>\n<p>Friss\u00edtse laptopja t\u00e1pell\u00e1t\u00e1s\u00e1t \u00e9s megb\u00edzhat\u00f3s\u00e1g\u00e1t a Lenovo G50 Series DC30100LG00 DC t\u00e1pcsatlakoz\u00f3 aljzatk\u00e1bel csatlakoz\u00f3portj\u00e1val. \u00c9lvezze a tov\u00e1bbfejlesztett energiaeloszt\u00e1st, a biztons\u00e1gos csatlakoz\u00e1st \u00e9s az \u00e1ltal\u00e1nosan kimagasl\u00f3 sz\u00e1m\u00edt\u00e1stechnikai \u00e9lm\u00e9nyt.<\/p>\n<p>V\u00e1s\u00e1rl\u00e1s el\u0151tt ellen\u0151rizze, hogy kompatibilis-e az adott laptopmodellj\u00e9vel.<\/p>\n","protected":false},"excerpt":{"rendered":"<p>Fejlessze Lenovo G50 sorozat\u00fa laptopj\u00e1t a Lenovo G50 Series DC30100LG00 DC t\u00e1pcsatlakoz\u00f3 aljzat k\u00e1belcsatlakoz\u00f3 portj\u00e1val. B\u0151v\u00edtse a t\u00e1pcsatlakoz\u00e1st a nagyobb megb\u00edzhat\u00f3s\u00e1g \u00e9s teljes\u00edtm\u00e9ny \u00e9rdek\u00e9ben.<\/p>\n","protected":false},"featured_media":1577,"template":"","meta":[],"product_brand":[],"product_cat":[27],"product_tag":[26],"class_list":{"0":"post-1495","1":"product","2":"type-product","3":"status-publish","4":"has-post-thumbnail","6":"product_cat-motherboards-board-parts","7":"product_tag-lenovo","9":"first","10":"instock","11":"taxable","12":"shipping-taxable","13":"purchasable","14":"product-type-simple"},"_links":{"self":[{"href":"https:\/\/boreait.com\/hu\/wp-json\/wp\/v2\/product\/1495","targetHints":{"allow":["GET"]}}],"collection":[{"href":"https:\/\/boreait.com\/hu\/wp-json\/wp\/v2\/product"}],"about":[{"href":"https:\/\/boreait.com\/hu\/wp-json\/wp\/v2\/types\/product"}],"wp:featuredmedia":[{"embeddable":true,"href":"https:\/\/boreait.com\/hu\/wp-json\/wp\/v2\/media\/1577"}],"wp:attachment":[{"href":"https:\/\/boreait.com\/hu\/wp-json\/wp\/v2\/media?parent=1495"}],"wp:term":[{"taxonomy":"product_brand","embeddable":true,"href":"https:\/\/boreait.com\/hu\/wp-json\/wp\/v2\/product_brand?post=1495"},{"taxonomy":"product_cat","embeddable":true,"href":"https:\/\/boreait.com\/hu\/wp-json\/wp\/v2\/product_cat?post=1495"},{"taxonomy":"product_tag","embeddable":true,"href":"https:\/\/boreait.com\/hu\/wp-json\/wp\/v2\/product_tag?post=1495"}],"curies":[{"name":"wp","href":"https:\/\/api.w.org\/{rel}","templated":true}]}}