{"id":1494,"date":"2025-09-17T10:02:54","date_gmt":"2025-09-17T08:02:54","guid":{"rendered":"https:\/\/boreait.com\/hu\/?post_type=product&#038;p=1494"},"modified":"2025-09-17T10:04:42","modified_gmt":"2025-09-17T08:04:42","slug":"lenovo-g50-70-g50-80-g50-75m-c-shell-w-touchpad-fekete-ap0th000400-tipushoz","status":"publish","type":"product","link":"https:\/\/boreait.com\/hu\/termek\/lenovo-g50-70-g50-80-g50-75m-c-shell-w-touchpad-fekete-ap0th000400-tipushoz\/","title":{"rendered":"Lenovo G50-70 G50-80 G50-75M C Shell W\/ Touchpad fekete AP0TH000400 t\u00edpushoz"},"content":{"rendered":"<p>Fokozza Lenovo G50-70, G50-80 vagy G50-75M laptopja vizu\u00e1lis eszt\u00e9tik\u00e1j\u00e1t \u00e9s funkcionalit\u00e1s\u00e1t a For Lenovo G50-70 G50-80 G50-75M C Shell W\/ Touchpad Black AP0TH000400 seg\u00edts\u00e9g\u00e9vel. \u00dagy tervezt\u00e9k, hogy jav\u00edtsa laptopja megjelen\u00e9s\u00e9t, mik\u00f6zben \u00e9rz\u00e9keny \u00e9rint\u0151pad interf\u00e9szt biztos\u00edt, ez a C h\u00e9jh\u00e1z egy csipetnyi kifinomults\u00e1got \u00e9s k\u00e9nyelmet ad a sz\u00e1m\u00edt\u00e1stechnikai \u00e9lm\u00e9nyhez.<\/p>\n<p>A Lenovo G50 sorozat\u00fa laptopokhoz gy\u00e1rtott Lenovo G50-70 G50-80 G50-75M C Shell W\/ Touchpad Black AP0TH000400 apr\u00f3l\u00e9kosan kidolgozott, hogy z\u00f6kken\u0151mentesen illeszkedjen a laptop kialak\u00edt\u00e1s\u00e1ba \u00e9s alkatr\u00e9szeibe. A laptop k\u00fclsej\u00e9nek n\u00e9lk\u00fcl\u00f6zhetetlen r\u00e9szek\u00e9nt ez a C burkolat\u00fa h\u00e1z praktikus el\u0151ny\u00f6ket \u00e9s fokozott vizu\u00e1lis megjelen\u00e9st k\u00edn\u00e1l.<\/p>\n<p>Ak\u00e1r munk\u00e1ra, ak\u00e1r multim\u00e9di\u00e1ra, ak\u00e1r sz\u00f3rakoz\u00e1sra haszn\u00e1lja laptopj\u00e1t, ez a C-h\u00e9jas h\u00e1z eleg\u00e1ns \u00e9s professzion\u00e1lis megjelen\u00e9st biztos\u00edt laptopja \u00e1ltal\u00e1nos megjelen\u00e9s\u00e9hez. Az integr\u00e1lt \u00e9rint\u0151pad \u00e9rz\u00e9keny navig\u00e1ci\u00f3t k\u00edn\u00e1l, \u00edgy a laptoppal val\u00f3 interakci\u00f3 intuit\u00edvabb \u00e9s hat\u00e9konyabb.<\/p>\n<p>A telep\u00edt\u00e9s egyszer\u0171 a laptop eredeti alkatr\u00e9szeihez igazod\u00f3 kialak\u00edt\u00e1snak k\u00f6sz\u00f6nhet\u0151en. Az eredeti Lenovo alkatr\u00e9szek kiv\u00e1laszt\u00e1s\u00e1val a laptop k\u00fclsej\u00e9nek \u00e9s \u00e9rint\u0151padj\u00e1nak min\u0151s\u00e9g\u00e9be, megb\u00edzhat\u00f3s\u00e1g\u00e1ba \u00e9s tov\u00e1bbfejlesztett funkcionalit\u00e1s\u00e1ba fektet be.<\/p>\n<p>Friss\u00edtse laptopja vizu\u00e1lis eszt\u00e9tik\u00e1j\u00e1t \u00e9s \u00e9rint\u0151pad funkci\u00f3it a For Lenovo G50-70 G50-80 G50-75M C Shell W\/ Touchpad Black AP0TH000400 k\u00e9sz\u00fcl\u00e9kkel. \u00c9lvezze az eleg\u00e1ns \u00e9s csiszolt megjelen\u00e9st, a k\u00e9nyelmes \u00e9rint\u0151pados navig\u00e1ci\u00f3t \u00e9s az \u00e1ltal\u00e1nosan kimagasl\u00f3 sz\u00e1m\u00edt\u00e1stechnikai \u00e9lm\u00e9nyt.<\/p>\n<p>V\u00e1s\u00e1rl\u00e1s el\u0151tt ellen\u0151rizze, hogy kompatibilis-e az adott laptopmodellj\u00e9vel.<\/p>\n","protected":false},"excerpt":{"rendered":"<p>Fokozza Lenovo G50-70, G50-80 vagy G50-75M laptopj\u00e1t a For Lenovo G50-70 G50-80 G50-75M C Shell W\/ Touchpad Black AP0TH000400 term\u00e9kkel. Friss\u00edtse az eszt\u00e9tik\u00e1t, \u00e9s \u00e9lvezze az \u00e9rz\u00e9keny \u00e9rint\u0151pados navig\u00e1ci\u00f3t a jobb sz\u00e1m\u00edt\u00e1si \u00e9lm\u00e9ny \u00e9rdek\u00e9ben.<\/p>\n","protected":false},"featured_media":1575,"template":"","meta":[],"product_brand":[],"product_cat":[16],"product_tag":[26],"class_list":{"0":"post-1494","1":"product","2":"type-product","3":"status-publish","4":"has-post-thumbnail","6":"product_cat-laptop-housing","7":"product_tag-lenovo","9":"first","10":"instock","11":"taxable","12":"shipping-taxable","13":"purchasable","14":"product-type-simple"},"_links":{"self":[{"href":"https:\/\/boreait.com\/hu\/wp-json\/wp\/v2\/product\/1494","targetHints":{"allow":["GET"]}}],"collection":[{"href":"https:\/\/boreait.com\/hu\/wp-json\/wp\/v2\/product"}],"about":[{"href":"https:\/\/boreait.com\/hu\/wp-json\/wp\/v2\/types\/product"}],"wp:featuredmedia":[{"embeddable":true,"href":"https:\/\/boreait.com\/hu\/wp-json\/wp\/v2\/media\/1575"}],"wp:attachment":[{"href":"https:\/\/boreait.com\/hu\/wp-json\/wp\/v2\/media?parent=1494"}],"wp:term":[{"taxonomy":"product_brand","embeddable":true,"href":"https:\/\/boreait.com\/hu\/wp-json\/wp\/v2\/product_brand?post=1494"},{"taxonomy":"product_cat","embeddable":true,"href":"https:\/\/boreait.com\/hu\/wp-json\/wp\/v2\/product_cat?post=1494"},{"taxonomy":"product_tag","embeddable":true,"href":"https:\/\/boreait.com\/hu\/wp-json\/wp\/v2\/product_tag?post=1494"}],"curies":[{"name":"wp","href":"https:\/\/api.w.org\/{rel}","templated":true}]}}