{"id":1492,"date":"2025-09-17T10:02:53","date_gmt":"2025-09-17T08:02:53","guid":{"rendered":"https:\/\/boreait.com\/hu\/?post_type=product&#038;p=1492"},"modified":"2026-01-07T09:00:38","modified_gmt":"2026-01-07T08:00:38","slug":"dell-latitude-e7470-webkamera-kameramodul-0j8nnp","status":"publish","type":"product","link":"https:\/\/boreait.com\/hu\/termek\/dell-latitude-e7470-webkamera-kameramodul-0j8nnp\/","title":{"rendered":"Dell Latitude E7470 webkamera kameramodul 0J8NNP"},"content":{"rendered":"<p>B\u0151v\u00edtse Dell Latitude E7470 laptopja multim\u00e9di\u00e1s k\u00e9pess\u00e9geit a Dell Latitude E7470 Webcam Camera Module 0J8NNP webkamera modullal. A z\u00f6kken\u0151mentes videokonferencia- \u00e9s -r\u00f6gz\u00edt\u00e9si \u00e9lm\u00e9ny biztos\u00edt\u00e1s\u00e1ra tervezett webkamera-modul sokoldal\u00fas\u00e1got \u00e9s funkcionalit\u00e1st ad laptopj\u00e1nak, mik\u00f6zben tiszta l\u00e1tv\u00e1nyt \u00e9s optim\u00e1lis teljes\u00edtm\u00e9nyt biztos\u00edt.<\/p>\n<p>A Dell, a sz\u00e1m\u00edt\u00e1stechnika tekint\u00e9lyes vezet\u0151 gy\u00e1rt\u00f3ja \u00e1ltal gy\u00e1rtott Dell Latitude E7470 webkamera 0J8NNP webkamera modult apr\u00f3l\u00e9kosan megtervezt\u00e9k, hogy z\u00f6kken\u0151mentesen illeszkedjen a laptop diz\u00e1jnj\u00e1ba. A kommunik\u00e1ci\u00f3 \u00e9s a multim\u00e9dia alapvet\u0151 elemek\u00e9nt ez a webkamera modul gyakorlati el\u0151ny\u00f6ket \u00e9s fejlett technol\u00f3gi\u00e1t k\u00edn\u00e1l.<\/p>\n<p>Ak\u00e1r virtu\u00e1lis \u00e9rtekezletekhez, videoh\u00edv\u00e1sokhoz vagy tartalom r\u00f6gz\u00edt\u00e9s\u00e9hez haszn\u00e1lja laptopj\u00e1t, ez a webkamera-modul \u00e9les \u00e9s tiszta k\u00e9peket biztos\u00edt, \u00edgy interakci\u00f3it m\u00e9g vonz\u00f3bb\u00e1 \u00e9s hat\u00e9konyabb\u00e1 teszi. Prec\u00edzi\u00f3s tervez\u00e9se megb\u00edzhat\u00f3 teljes\u00edtm\u00e9nyt \u00e9s optim\u00e1lis k\u00e9pmin\u0151s\u00e9get garant\u00e1l, hozz\u00e1j\u00e1rulva a z\u00f6kken\u0151mentes multim\u00e9di\u00e1s \u00e9lm\u00e9nyhez.<\/p>\n<p>A telep\u00edt\u00e9s probl\u00e9mamentes a laptop eredeti alkatr\u00e9szeihez igazod\u00f3 kialak\u00edt\u00e1snak k\u00f6sz\u00f6nhet\u0151en. Az eredeti Dell alkatr\u00e9szek kiv\u00e1laszt\u00e1s\u00e1val laptopja min\u0151s\u00e9g\u00e9be, megb\u00edzhat\u00f3s\u00e1g\u00e1ba \u00e9s tov\u00e1bbfejlesztett multim\u00e9di\u00e1s k\u00e9pess\u00e9geibe fektet be.<\/p>\n<p>Friss\u00edtse laptopja multim\u00e9di\u00e1s k\u00e9pess\u00e9geit a Dell Latitude E7470 webkamera kameramodullal 0J8NNP. \u00c9lvezze az \u00e9lesebb \u00e9s tiszt\u00e1bb videokonferenci\u00e1t, a tov\u00e1bbfejlesztett kommunik\u00e1ci\u00f3t \u00e9s a magasabb szint\u0171 multim\u00e9di\u00e1s \u00e9lm\u00e9nyt.<\/p>\n<p>V\u00e1s\u00e1rl\u00e1s el\u0151tt ellen\u0151rizze, hogy kompatibilis-e az adott laptopmodellj\u00e9vel.<\/p>\n","protected":false},"excerpt":{"rendered":"<p>Fejlessze Dell Latitude E7470 laptopj\u00e1t a Dell Latitude E7470 webkamera 0J8NNP kameramodullal. Friss\u00edtse videokonferencia- \u00e9s multim\u00e9di\u00e1s k\u00e9pess\u00e9geit a vil\u00e1gosabb \u00e9s vonz\u00f3bb interakci\u00f3k \u00e9rdek\u00e9ben.<\/p>\n","protected":false},"featured_media":1571,"template":"","meta":[],"product_brand":[],"product_cat":[23],"product_tag":[17],"class_list":{"0":"post-1492","1":"product","2":"type-product","3":"status-publish","4":"has-post-thumbnail","6":"product_cat-laptop-camera","7":"product_tag-dell","9":"first","10":"instock","11":"taxable","12":"shipping-taxable","13":"purchasable","14":"product-type-simple"},"_links":{"self":[{"href":"https:\/\/boreait.com\/hu\/wp-json\/wp\/v2\/product\/1492","targetHints":{"allow":["GET"]}}],"collection":[{"href":"https:\/\/boreait.com\/hu\/wp-json\/wp\/v2\/product"}],"about":[{"href":"https:\/\/boreait.com\/hu\/wp-json\/wp\/v2\/types\/product"}],"wp:featuredmedia":[{"embeddable":true,"href":"https:\/\/boreait.com\/hu\/wp-json\/wp\/v2\/media\/1571"}],"wp:attachment":[{"href":"https:\/\/boreait.com\/hu\/wp-json\/wp\/v2\/media?parent=1492"}],"wp:term":[{"taxonomy":"product_brand","embeddable":true,"href":"https:\/\/boreait.com\/hu\/wp-json\/wp\/v2\/product_brand?post=1492"},{"taxonomy":"product_cat","embeddable":true,"href":"https:\/\/boreait.com\/hu\/wp-json\/wp\/v2\/product_cat?post=1492"},{"taxonomy":"product_tag","embeddable":true,"href":"https:\/\/boreait.com\/hu\/wp-json\/wp\/v2\/product_tag?post=1492"}],"curies":[{"name":"wp","href":"https:\/\/api.w.org\/{rel}","templated":true}]}}