{"id":1490,"date":"2025-09-17T10:02:53","date_gmt":"2025-09-17T08:02:53","guid":{"rendered":"https:\/\/boreait.com\/hu\/?post_type=product&#038;p=1490"},"modified":"2025-09-17T10:04:25","modified_gmt":"2025-09-17T08:04:25","slug":"lenovo-thinkpad-t450-series-lcd-elolap-sb30h17213","status":"publish","type":"product","link":"https:\/\/boreait.com\/hu\/termek\/lenovo-thinkpad-t450-series-lcd-elolap-sb30h17213\/","title":{"rendered":"Lenovo ThinkPad T450 Series LCD el\u0151lap SB30H17213"},"content":{"rendered":"<p>A Lenovo ThinkPad T450 sorozat\u00fa SB30H17213 LCD el\u00fcls\u0151 el\u0151lap seg\u00edts\u00e9g\u00e9vel fokozza a Lenovo ThinkPad T450 sorozat\u00fa laptopja vizu\u00e1lis vonzerej\u00e9t \u00e9s v\u00e9dje meg a kijelz\u0151t. A laptop eszt\u00e9tik\u00e1j\u00e1t \u00fagy tervezt\u00e9k, hogy k\u00f6zben v\u00e9delmet ny\u00fajtson az \u00e9rt\u00e9kes kijelz\u0151nek, ez az el\u0151lap egy csipetnyi kifinomults\u00e1got ad, mik\u00f6zben z\u00f6kken\u0151mentes sz\u00e1m\u00edt\u00e1stechnikai \u00e9lm\u00e9nyt biztos\u00edt.<\/p>\n<p>A Lenovo, a sz\u00e1m\u00edt\u00e1stechnika egyik vezet\u0151 v\u00e1llalata \u00e1ltal gy\u00e1rtott Lenovo ThinkPad T450 Series LCD el\u0151lap SB30H17213 apr\u00f3l\u00e9kosan megtervezett, hogy z\u00f6kken\u0151mentesen illeszkedjen a laptop diz\u00e1jnj\u00e1hoz \u00e9s kijelz\u0151j\u00e9hez. A laptop k\u00fclsej\u00e9nek elengedhetetlen r\u00e9szek\u00e9nt ez az el\u0151lap praktikus el\u0151ny\u00f6ket \u00e9s fokozott l\u00e1tv\u00e1nyt ny\u00fajt.<\/p>\n<p>Ak\u00e1r munk\u00e1hoz, ak\u00e1r multim\u00e9di\u00e1hoz vagy sz\u00f3rakoz\u00e1shoz haszn\u00e1lja laptopj\u00e1t, ez az el\u0151lap csiszolt \u00e9s professzion\u00e1lis megjelen\u00e9st biztos\u00edt laptopja kijelz\u0151j\u00e9nek. Prec\u00edzi\u00f3s tervez\u00e9se garant\u00e1lja a biztons\u00e1gos illeszked\u00e9st, a hat\u00e9kony kijelz\u0151v\u00e9delmet \u00e9s a megb\u00edzhat\u00f3 teljes\u00edtm\u00e9nyt, hozz\u00e1j\u00e1rulva a laptop k\u00fcls\u0151 megjelen\u00e9s\u00e9nek \u00e1ltal\u00e1nos tart\u00f3ss\u00e1g\u00e1hoz.<\/p>\n<p>A telep\u00edt\u00e9s egyszer\u0171 a laptop eredeti alkatr\u00e9szeihez igazod\u00f3 kialak\u00edt\u00e1snak k\u00f6sz\u00f6nhet\u0151en. Az eredeti Lenovo alkatr\u00e9szek kiv\u00e1laszt\u00e1s\u00e1val a laptop kijelz\u0151j\u00e9nek min\u0151s\u00e9g\u00e9be, megb\u00edzhat\u00f3s\u00e1g\u00e1ba \u00e9s jobb vizu\u00e1lis \u00e9lm\u00e9ny\u00e9be fektet be.<\/p>\n<p>Friss\u00edtse laptopja vizu\u00e1lis eszt\u00e9tik\u00e1j\u00e1t \u00e9s a kijelz\u0151 v\u00e9delm\u00e9t a Lenovo ThinkPad T450 Series LCD el\u0151lappal, SB30H17213. \u00c9lvezze az eleg\u00e1ns \u00e9s csiszolt megjelen\u00e9st, a tov\u00e1bbfejlesztett kijelz\u0151v\u00e9delmet \u00e9s az \u00e1ltal\u00e1nosan kimagasl\u00f3 sz\u00e1m\u00edt\u00e1stechnikai \u00e9lm\u00e9nyt.<\/p>\n<p>V\u00e1s\u00e1rl\u00e1s el\u0151tt ellen\u0151rizze, hogy kompatibilis-e az adott laptopmodellj\u00e9vel.<\/p>\n","protected":false},"excerpt":{"rendered":"<p>Fejtse fel Lenovo ThinkPad T450 sorozat\u00fa laptopj\u00e1t a Lenovo ThinkPad T450 Series LCD el\u0151lappal, SB30H17213. N\u00f6velje laptopja k\u00e9perny\u0151j\u00e9nek eszt\u00e9tik\u00e1j\u00e1t \u00e9s kijelz\u0151v\u00e9delm\u00e9t.<\/p>\n","protected":false},"featured_media":1559,"template":"","meta":[],"product_brand":[],"product_cat":[16],"product_tag":[26],"class_list":{"0":"post-1490","1":"product","2":"type-product","3":"status-publish","4":"has-post-thumbnail","6":"product_cat-laptop-housing","7":"product_tag-lenovo","9":"first","10":"instock","11":"taxable","12":"shipping-taxable","13":"purchasable","14":"product-type-simple"},"_links":{"self":[{"href":"https:\/\/boreait.com\/hu\/wp-json\/wp\/v2\/product\/1490","targetHints":{"allow":["GET"]}}],"collection":[{"href":"https:\/\/boreait.com\/hu\/wp-json\/wp\/v2\/product"}],"about":[{"href":"https:\/\/boreait.com\/hu\/wp-json\/wp\/v2\/types\/product"}],"wp:featuredmedia":[{"embeddable":true,"href":"https:\/\/boreait.com\/hu\/wp-json\/wp\/v2\/media\/1559"}],"wp:attachment":[{"href":"https:\/\/boreait.com\/hu\/wp-json\/wp\/v2\/media?parent=1490"}],"wp:term":[{"taxonomy":"product_brand","embeddable":true,"href":"https:\/\/boreait.com\/hu\/wp-json\/wp\/v2\/product_brand?post=1490"},{"taxonomy":"product_cat","embeddable":true,"href":"https:\/\/boreait.com\/hu\/wp-json\/wp\/v2\/product_cat?post=1490"},{"taxonomy":"product_tag","embeddable":true,"href":"https:\/\/boreait.com\/hu\/wp-json\/wp\/v2\/product_tag?post=1490"}],"curies":[{"name":"wp","href":"https:\/\/api.w.org\/{rel}","templated":true}]}}