{"id":149,"date":"2025-09-17T09:22:20","date_gmt":"2025-09-17T07:22:20","guid":{"rendered":"https:\/\/boreait.com\/hu\/?post_type=product&#038;p=149"},"modified":"2025-09-17T09:22:41","modified_gmt":"2025-09-17T07:22:41","slug":"dell-latitude-e6520-hangkartya-usbx2-vga-pal60-ls-6561p","status":"publish","type":"product","link":"https:\/\/boreait.com\/hu\/termek\/dell-latitude-e6520-hangkartya-usbx2-vga-pal60-ls-6561p\/","title":{"rendered":"Dell Latitude E6520 hangk\u00e1rtya USBx2 VGA PAL60 LS-6561P"},"content":{"rendered":"<p>A Dell Latitude E6420 14&#8243; hangsz\u00f3r\u00f3k L + R 0T3MY1 PK23000E900 az eredeti gy\u00e1rt\u00f3k (OEM) cserehangsz\u00f3r\u00f3i, amelyeket kifejezetten a Dell Latitude E6420 laptophoz terveztek. A hangsz\u00f3r\u00f3k tiszta, kiv\u00e1l\u00f3 min\u0151s\u00e9g\u0171 sztere\u00f3 hangz\u00e1st biztos\u00edtanak, \u00e9s a laptop bal \u00e9s jobb oldal\u00e1n helyezkednek el a laptop audi\u00f3rendszer\u00e9n kereszt\u00fcl. jack.<\/p>\n<p>A Dell Latitude E6420 14&#8243;-es L + R 0T3MY1 PK23000E900 hangsz\u00f3r\u00f3k kiv\u00e1l\u00f3 min\u0151s\u00e9g\u0171 anyagokb\u00f3l k\u00e9sz\u00fcltek, tart\u00f3sak \u00e9s hossz\u00fa \u00e9lettartam\u00faak. Ide\u00e1lisan helyettes\u00edtik a s\u00e9r\u00fclt vagy hib\u00e1s hangsz\u00f3r\u00f3kat, \u00e9s jav\u00edthatj\u00e1k a laptop \u00e1ltal\u00e1nos hangteljes\u00edtm\u00e9ny\u00e9t.<\/p>\n<p>A hangsz\u00f3r\u00f3k n\u00e9vleges teljes\u00edtm\u00e9nye 2 watt, impedanci\u00e1ja pedig 4 ohm, \u00edgy elegend\u0151 hanger\u0151t \u00e9s tisztas\u00e1got biztos\u00edtanak k\u00fcl\u00f6nf\u00e9le hangsz\u00fcks\u00e9gletekhez. A hangsz\u00f3r\u00f3k sz\u00e1mos oper\u00e1ci\u00f3s rendszerrel \u00e9s audioszoftverrel is kompatibilisek, \u00edgy sokoldal\u00fa friss\u00edt\u00e9si lehet\u0151s\u00e9g a Dell Latitude E6420 laptop felhaszn\u00e1l\u00f3i sz\u00e1m\u00e1ra.<\/p>\n<p>\u00d6sszess\u00e9g\u00e9ben a Dell Latitude E6420 14&#8243; hangsz\u00f3r\u00f3k L + R 0T3MY1 PK23000E900 kiv\u00e1l\u00f3 min\u0151s\u00e9g\u0171 \u00e9s megb\u00edzhat\u00f3 helyettes\u00edt\u0151i a Dell Latitude E6420 laptop eredeti hangsz\u00f3r\u00f3inak, tiszta \u00e9s er\u0151teljes hangz\u00e1st biztos\u00edtva a felhaszn\u00e1l\u00f3 hang\u00e9lm\u00e9ny\u00e9nek fokoz\u00e1sa \u00e9rdek\u00e9ben.<\/p>\n","protected":false},"excerpt":{"rendered":"<p>A Dell Latitude E6420 14&#8243; hangsz\u00f3r\u00f3k L + R 0T3MY1 PK23000E900 kiv\u00e1l\u00f3 min\u0151s\u00e9g\u0171 sztere\u00f3 hangsz\u00f3r\u00f3k, amelyeket a Dell Latitude E6420 laptop eredeti berendez\u00e9sgy\u00e1rt\u00f3i (OEM) helyettes\u00edt\u00e9s\u00e9re terveztek. A hangsz\u00f3r\u00f3k tiszta \u00e9s er\u0151teljes hangz\u00e1st biztos\u00edtanak, \u00e9s a laptop bal \u00e9s jobb oldal\u00e1n helyezkednek el, a k\u00f6nnyen telep\u00edthet\u0151 laptop audiorendszer\u00e9n kereszt\u00fcl. 3,5 mm-es audiocsatlakoz\u00f3 A hangsz\u00f3r\u00f3k n\u00e9vleges teljes\u00edtm\u00e9nye 2 watt, impedanci\u00e1ja pedig 4 ohm, \u00edgy kiv\u00e1l\u00f3 min\u0151s\u00e9g\u0171 anyagokb\u00f3l k\u00e9sz\u00fcltek, \u00edgy biztos\u00edtva a tart\u00f3ss\u00e1got \u00e9s a megb\u00edzhat\u00f3s\u00e1got. laptop hangteljes\u00edtm\u00e9nye.<\/p>\n","protected":false},"featured_media":197,"template":"","meta":[],"product_brand":[],"product_cat":[27],"product_tag":[17],"class_list":{"0":"post-149","1":"product","2":"type-product","3":"status-publish","4":"has-post-thumbnail","6":"product_cat-motherboards-board-parts","7":"product_tag-dell","9":"first","10":"instock","11":"taxable","12":"shipping-taxable","13":"purchasable","14":"product-type-simple"},"_links":{"self":[{"href":"https:\/\/boreait.com\/hu\/wp-json\/wp\/v2\/product\/149","targetHints":{"allow":["GET"]}}],"collection":[{"href":"https:\/\/boreait.com\/hu\/wp-json\/wp\/v2\/product"}],"about":[{"href":"https:\/\/boreait.com\/hu\/wp-json\/wp\/v2\/types\/product"}],"wp:featuredmedia":[{"embeddable":true,"href":"https:\/\/boreait.com\/hu\/wp-json\/wp\/v2\/media\/197"}],"wp:attachment":[{"href":"https:\/\/boreait.com\/hu\/wp-json\/wp\/v2\/media?parent=149"}],"wp:term":[{"taxonomy":"product_brand","embeddable":true,"href":"https:\/\/boreait.com\/hu\/wp-json\/wp\/v2\/product_brand?post=149"},{"taxonomy":"product_cat","embeddable":true,"href":"https:\/\/boreait.com\/hu\/wp-json\/wp\/v2\/product_cat?post=149"},{"taxonomy":"product_tag","embeddable":true,"href":"https:\/\/boreait.com\/hu\/wp-json\/wp\/v2\/product_tag?post=149"}],"curies":[{"name":"wp","href":"https:\/\/api.w.org\/{rel}","templated":true}]}}