{"id":1488,"date":"2025-09-17T10:02:53","date_gmt":"2025-09-17T08:02:53","guid":{"rendered":"https:\/\/boreait.com\/hu\/?post_type=product&#038;p=1488"},"modified":"2025-09-17T10:04:20","modified_gmt":"2025-09-17T08:04:20","slug":"lenovo-thinkpad-t440-t450-t460-lcd-zsanerok-bal-es-jobb-tengelytengely-04x5453-04x5454-01aw311","status":"publish","type":"product","link":"https:\/\/boreait.com\/hu\/termek\/lenovo-thinkpad-t440-t450-t460-lcd-zsanerok-bal-es-jobb-tengelytengely-04x5453-04x5454-01aw311\/","title":{"rendered":"Lenovo ThinkPad T440 T450 T460 LCD zsan\u00e9rok bal \u00e9s jobb tengelytengely 04X5453 04X5454 01AW311"},"content":{"rendered":"<p>N\u00f6velje Lenovo ThinkPad T440, T450 \u00e9s T460 laptopja tart\u00f3ss\u00e1g\u00e1t \u00e9s funkcionalit\u00e1s\u00e1t a Lenovo ThinkPad T440 T450 T460 LCD csukl\u00f3p\u00e1ntokkal, bal \u00e9s jobb tengelytengely 04X5453 04X5454 01AW311. A laptop kijelz\u0151j\u00e9nek robusztus megt\u00e1maszt\u00e1s\u00e1ra \u00e9s z\u00f6kken\u0151mentes mozg\u00e1s\u00e1ra kialak\u00edtott eredeti LCD-p\u00e1ntok er\u0151s\u00edtik laptopja szerkezeti integrit\u00e1s\u00e1t, mik\u00f6zben meg\u0151rzik annak eleg\u00e1ns megjelen\u00e9s\u00e9t.<\/p>\n<p>A Lenovo, a sz\u00e1m\u00edt\u00e1stechnika megb\u00edzhat\u00f3 vezet\u0151 gy\u00e1rt\u00f3ja \u00e1ltal gy\u00e1rtott Lenovo ThinkPad T440 T450 T460 LCD csukl\u00f3p\u00e1ntok bal \u00e9s jobb tengelytengely 04X5453 04X5454 01AW311 \u00fagy tervezt\u00e9k, hogy t\u00f6k\u00e9letesen kieg\u00e9sz\u00edtse laptopja kialak\u00edt\u00e1s\u00e1t \u00e9s funkcionalit\u00e1s\u00e1t. A laptop kijelz\u0151rendszer\u00e9nek alapvet\u0151 elemeik\u00e9nt ezek a zsan\u00e9rok praktikus el\u0151ny\u00f6ket \u00e9s jobb haszn\u00e1lhat\u00f3s\u00e1got k\u00edn\u00e1lnak.<\/p>\n<p>Ak\u00e1r munk\u00e1hoz, ak\u00e1r multim\u00e9di\u00e1hoz, ak\u00e1r t\u00f6bbfeladatos munk\u00e1hoz haszn\u00e1lja laptopj\u00e1t, ezek a zsan\u00e9rok biztos\u00edtj\u00e1k a laptop kijelz\u0151j\u00e9nek z\u00f6kken\u0151mentes nyit\u00e1s\u00e1t \u00e9s z\u00e1r\u00e1s\u00e1t. Prec\u00edzi\u00f3s tervez\u00e9s\u00fck garant\u00e1lja a biztons\u00e1gos illeszked\u00e9st, a hat\u00e9kony t\u00e1mogat\u00e1st \u00e9s a megb\u00edzhat\u00f3 mozg\u00e1st, hozz\u00e1j\u00e1rulva a laptop kijelz\u0151rendszer\u00e9nek \u00e1ltal\u00e1nos \u00e9lettartam\u00e1hoz.<\/p>\n<p>A telep\u00edt\u00e9s egyszer\u0171 a laptop eredeti alkatr\u00e9szeihez igazod\u00f3 kialak\u00edt\u00e1snak k\u00f6sz\u00f6nhet\u0151en. Az eredeti Lenovo alkatr\u00e9szek kiv\u00e1laszt\u00e1s\u00e1val laptopja min\u0151s\u00e9g\u00e9be, megb\u00edzhat\u00f3s\u00e1g\u00e1ba \u00e9s tov\u00e1bbfejlesztett funkcionalit\u00e1s\u00e1ba fektet be.<\/p>\n<p>N\u00f6velje laptopja tart\u00f3ss\u00e1g\u00e1t, kijelz\u0151 mozg\u00e1s\u00e1t \u00e9s \u00e1ltal\u00e1nos teljes\u00edtm\u00e9ny\u00e9t a Lenovo ThinkPad T440 T450 T460 LCD csukl\u00f3p\u00e1ntokkal, bal \u00e9s jobb tengelytengely 04X5453 04X5454 01AW311. \u00c9lvezze a kijelz\u0151 sim\u00e1bb mozg\u00e1s\u00e1t, a fokozott szerkezeti integrit\u00e1st \u00e9s a jobb \u00e1ltal\u00e1nos laptop haszn\u00e1lhat\u00f3s\u00e1got.<\/p>\n<p>V\u00e1s\u00e1rl\u00e1s el\u0151tt ellen\u0151rizze, hogy kompatibilis-e az adott laptopmodellj\u00e9vel.<\/p>\n","protected":false},"excerpt":{"rendered":"<p>N\u00f6velje Lenovo ThinkPad T440, T450 \u00e9s T460 laptopjainak tart\u00f3ss\u00e1g\u00e1t \u00e9s mozg\u00e1s\u00e1t a Lenovo ThinkPad T440 T450 T460 LCD csukl\u00f3p\u00e1ntokkal, bal \u00e9s jobb tengelytengely 04X5453 04X5454 01AW311. \u00c9lvezze a kijelz\u0151 sim\u00e1bb mozg\u00e1s\u00e1t \u00e9s a laptop jobb teljes\u00edtm\u00e9ny\u00e9t.<\/p>\n","protected":false},"featured_media":1557,"template":"","meta":[],"product_brand":[],"product_cat":[19],"product_tag":[26],"class_list":{"0":"post-1488","1":"product","2":"type-product","3":"status-publish","4":"has-post-thumbnail","6":"product_cat-screen-hinge","7":"product_tag-lenovo","9":"first","10":"instock","11":"taxable","12":"shipping-taxable","13":"purchasable","14":"product-type-simple"},"_links":{"self":[{"href":"https:\/\/boreait.com\/hu\/wp-json\/wp\/v2\/product\/1488","targetHints":{"allow":["GET"]}}],"collection":[{"href":"https:\/\/boreait.com\/hu\/wp-json\/wp\/v2\/product"}],"about":[{"href":"https:\/\/boreait.com\/hu\/wp-json\/wp\/v2\/types\/product"}],"wp:featuredmedia":[{"embeddable":true,"href":"https:\/\/boreait.com\/hu\/wp-json\/wp\/v2\/media\/1557"}],"wp:attachment":[{"href":"https:\/\/boreait.com\/hu\/wp-json\/wp\/v2\/media?parent=1488"}],"wp:term":[{"taxonomy":"product_brand","embeddable":true,"href":"https:\/\/boreait.com\/hu\/wp-json\/wp\/v2\/product_brand?post=1488"},{"taxonomy":"product_cat","embeddable":true,"href":"https:\/\/boreait.com\/hu\/wp-json\/wp\/v2\/product_cat?post=1488"},{"taxonomy":"product_tag","embeddable":true,"href":"https:\/\/boreait.com\/hu\/wp-json\/wp\/v2\/product_tag?post=1488"}],"curies":[{"name":"wp","href":"https:\/\/api.w.org\/{rel}","templated":true}]}}