{"id":1473,"date":"2025-09-17T10:02:29","date_gmt":"2025-09-17T08:02:29","guid":{"rendered":"https:\/\/boreait.com\/hu\/?post_type=product&#038;p=1473"},"modified":"2026-01-07T14:44:17","modified_gmt":"2026-01-07T13:44:17","slug":"dell-latitude-e5440-oem-laptop-csuklotamasz-a137lb-cn-a137lb-erintopaddal-eredeti","status":"publish","type":"product","link":"https:\/\/boreait.com\/hu\/termek\/dell-latitude-e5440-oem-laptop-csuklotamasz-a137lb-cn-a137lb-erintopaddal-eredeti\/","title":{"rendered":"Dell Latitude E5440 OEM laptop csukl\u00f3t\u00e1masz A137LB CN-A137LB \u00e9rint\u0151paddal \u2013 Eredeti"},"content":{"rendered":"<p>N\u00f6velje Dell Latitude E5440 laptopja eszt\u00e9tik\u00e1j\u00e1t \u00e9s haszn\u00e1lhat\u00f3s\u00e1g\u00e1t az eredeti Dell Latitude E5440 OEM laptop csukl\u00f3t\u00e1masz A137LB CN-A137LB \u00e9rint\u0151paddal. \u00dagy tervezt\u00e9k, hogy kifinomult \u00e9s k\u00e9nyelmes h\u00e1zat biztos\u00edtson laptopja \u00e9rint\u0151padj\u00e1nak \u00e9s csukl\u00f3t\u00e1masz\u00e1nak, ez az eredeti csukl\u00f3t\u00e1masz-szerelv\u00e9ny kifinomults\u00e1got ad, mik\u00f6zben fokozza laptopja funkcionalit\u00e1s\u00e1t.<\/p>\n<p>A Dell, a sz\u00e1m\u00edt\u00e1stechnika megb\u00edzhat\u00f3 vezet\u0151 gy\u00e1rt\u00f3ja \u00e1ltal gy\u00e1rtott eredeti Dell Latitude E5440 OEM laptop csukl\u00f3t\u00e1masz A137LB CN-A137LB \u00e9rint\u0151paddal, hogy t\u00f6k\u00e9letesen kieg\u00e9sz\u00edtse laptopja kialak\u00edt\u00e1s\u00e1t \u00e9s felhaszn\u00e1l\u00f3i \u00e9lm\u00e9ny\u00e9t. A laptop k\u00fclsej\u00e9nek alapvet\u0151 elemek\u00e9nt ez a csukl\u00f3t\u00e1masz-szerelv\u00e9ny praktikus el\u0151ny\u00f6ket \u00e9s fokozott vizu\u00e1lis megjelen\u00e9st k\u00edn\u00e1l.<\/p>\n<p>Ak\u00e1r munk\u00e1hoz, ak\u00e1r multim\u00e9di\u00e1hoz vagy kommunik\u00e1ci\u00f3hoz haszn\u00e1lja laptopj\u00e1t, ez az \u00f6ssze\u00e1ll\u00edt\u00e1s k\u00e9nyelmes \u00e9s felhaszn\u00e1l\u00f3bar\u00e1t \u00e9lm\u00e9nyt biztos\u00edt laptopja sz\u00e1m\u00e1ra. Prec\u00edzi\u00f3s tervez\u00e9se szoros illeszked\u00e9st \u00e9s hat\u00e9kony v\u00e9delmet garant\u00e1l, hozz\u00e1j\u00e1rulva a laptop k\u00fclsej\u00e9nek \u00e1ltal\u00e1nos tart\u00f3ss\u00e1g\u00e1hoz.<\/p>\n<p>A be\u00e9p\u00edtett \u00e9rint\u0151pad k\u00e9nyelm\u00e9t \u00e9s hat\u00e9konys\u00e1g\u00e1t n\u00f6veli laptopja haszn\u00e1lat\u00e1ban, fokozva a termel\u00e9kenys\u00e9get \u00e9s a navig\u00e1ci\u00f3t.<\/p>\n<p>A telep\u00edt\u00e9s egyszer\u0171 a laptop eredeti alkatr\u00e9szeihez igazod\u00f3 kialak\u00edt\u00e1snak k\u00f6sz\u00f6nhet\u0151en. Az eredeti Dell alkatr\u00e9szek kiv\u00e1laszt\u00e1s\u00e1val laptopja felhaszn\u00e1l\u00f3i fel\u00fclet\u00e9nek min\u0151s\u00e9g\u00e9be \u00e9s megb\u00edzhat\u00f3s\u00e1g\u00e1ba fektet be.<\/p>\n<p>Friss\u00edtse laptopja eszt\u00e9tik\u00e1j\u00e1t \u00e9s haszn\u00e1lhat\u00f3s\u00e1g\u00e1t az eredeti Dell Latitude E5440 OEM laptop csukl\u00f3t\u00e1maszral A137LB CN-A137LB \u00e9rint\u0151paddal. \u00c9lvezze a kifinomult \u00e9s pol\u00edrozott megjelen\u00e9st, a jobb felhaszn\u00e1l\u00f3i \u00e9lm\u00e9nyt \u00e9s a laptopok \u00e1ltal\u00e1nos megjelen\u00e9s\u00e9t. N\u00f6velje sz\u00e1m\u00edt\u00e1stechnikai \u00e9lm\u00e9ny\u00e9t ezzel a megb\u00edzhat\u00f3 \u00e9s hat\u00e9kony csukl\u00f3t\u00e1masz-\u00f6ssze\u00e1ll\u00edt\u00e1ssal.<\/p>\n<p>V\u00e1s\u00e1rl\u00e1s el\u0151tt ellen\u0151rizze, hogy kompatibilis-e az adott laptopmodellj\u00e9vel.<\/p>\n","protected":false},"excerpt":{"rendered":"<p>N\u00f6velje Dell Latitude E5440 laptopja eszt\u00e9tik\u00e1j\u00e1t \u00e9s haszn\u00e1lhat\u00f3s\u00e1g\u00e1t az eredeti Dell Latitude E5440 OEM laptop csukl\u00f3t\u00e1masz A137LB CN-A137LB \u00e9rint\u0151paddal. \u00c9lvezze a jobb felhaszn\u00e1l\u00f3i \u00e9lm\u00e9nyt \u00e9s funkcionalit\u00e1st ezzel az \u00f6ssze\u00e1ll\u00edt\u00e1ssal.<\/p>\n","protected":false},"featured_media":1553,"template":"","meta":[],"product_brand":[],"product_cat":[16],"product_tag":[17],"class_list":{"0":"post-1473","1":"product","2":"type-product","3":"status-publish","4":"has-post-thumbnail","6":"product_cat-laptop-housing","7":"product_tag-dell","9":"first","10":"instock","11":"taxable","12":"shipping-taxable","13":"purchasable","14":"product-type-simple"},"_links":{"self":[{"href":"https:\/\/boreait.com\/hu\/wp-json\/wp\/v2\/product\/1473","targetHints":{"allow":["GET"]}}],"collection":[{"href":"https:\/\/boreait.com\/hu\/wp-json\/wp\/v2\/product"}],"about":[{"href":"https:\/\/boreait.com\/hu\/wp-json\/wp\/v2\/types\/product"}],"wp:featuredmedia":[{"embeddable":true,"href":"https:\/\/boreait.com\/hu\/wp-json\/wp\/v2\/media\/1553"}],"wp:attachment":[{"href":"https:\/\/boreait.com\/hu\/wp-json\/wp\/v2\/media?parent=1473"}],"wp:term":[{"taxonomy":"product_brand","embeddable":true,"href":"https:\/\/boreait.com\/hu\/wp-json\/wp\/v2\/product_brand?post=1473"},{"taxonomy":"product_cat","embeddable":true,"href":"https:\/\/boreait.com\/hu\/wp-json\/wp\/v2\/product_cat?post=1473"},{"taxonomy":"product_tag","embeddable":true,"href":"https:\/\/boreait.com\/hu\/wp-json\/wp\/v2\/product_tag?post=1473"}],"curies":[{"name":"wp","href":"https:\/\/api.w.org\/{rel}","templated":true}]}}