{"id":1472,"date":"2025-09-17T10:02:29","date_gmt":"2025-09-17T08:02:29","guid":{"rendered":"https:\/\/boreait.com\/hu\/?post_type=product&#038;p=1472"},"modified":"2026-01-09T13:35:42","modified_gmt":"2026-01-09T12:35:42","slug":"535866-001-eredeti-hp-muanyag-boritokeret-probook-4510s-hez","status":"publish","type":"product","link":"https:\/\/boreait.com\/hu\/termek\/535866-001-eredeti-hp-muanyag-boritokeret-probook-4510s-hez\/","title":{"rendered":"535866-001 EREDETI HP M\u0170ANYAG BOR\u00cdT\u00d3KERET PROBOOK 4510S-hez"},"content":{"rendered":"<p>N\u00f6velje HP ProBook 4510S laptopja szerkezeti integrit\u00e1s\u00e1t \u00e9s tart\u00f3ss\u00e1g\u00e1t az Eredeti HP 535866-001 m\u0171anyag bor\u00edt\u00f3tart\u00f3val. \u00dagy tervezt\u00e9k, hogy robusztus t\u00e1mogat\u00e1st \u00e9s v\u00e9delmet ny\u00fajtson a laptop alkatr\u00e9szeinek, \u00e9s ez az eredeti m\u0171anyag bor\u00edt\u00f3konzol egy kis megb\u00edzhat\u00f3s\u00e1got ad, mik\u00f6zben meg\u0151rzi a laptop bels\u0151 alkatr\u00e9szeinek \u00e9ps\u00e9g\u00e9t.<\/p>\n<p>A HP, a sz\u00e1m\u00edt\u00e1stechnika egyik megb\u00edzhat\u00f3 vezet\u0151 gy\u00e1rt\u00f3ja, az eredeti HP 535866-001 m\u0171anyag bor\u00edt\u00f3tart\u00f3t \u00fagy tervezt\u00e9k, hogy t\u00f6k\u00e9letesen kieg\u00e9sz\u00edtse laptopja kialak\u00edt\u00e1s\u00e1t \u00e9s funkcionalit\u00e1s\u00e1t. A laptop belsej\u00e9nek n\u00e9lk\u00fcl\u00f6zhetetlen elemek\u00e9nt ez a bor\u00edt\u00f3tart\u00f3 praktikus el\u0151ny\u00f6ket \u00e9s a kulcsfontoss\u00e1g\u00fa alkatr\u00e9szek fokozott t\u00e1mogat\u00e1s\u00e1t k\u00edn\u00e1lja.<\/p>\n<p>Ak\u00e1r munk\u00e1hoz, ak\u00e1r multim\u00e9di\u00e1hoz, ak\u00e1r t\u00f6bbfeladatos munkav\u00e9gz\u00e9shez haszn\u00e1lja laptopj\u00e1t, ez a konzol biztons\u00e1gos \u00e9s stabil k\u00f6rnyezetet biztos\u00edt laptopja bels\u0151 r\u00e9szeinek. Prec\u00edzi\u00f3s tervez\u00e9se megfelel\u0151 illeszked\u00e9st \u00e9s hat\u00e9kony v\u00e9delmet garant\u00e1l, hozz\u00e1j\u00e1rulva a laptop belsej\u00e9nek \u00e1ltal\u00e1nos \u00e9lettartam\u00e1hoz.<\/p>\n<p>A telep\u00edt\u00e9s egyszer\u0171 a laptop eredeti alkatr\u00e9szeihez igazod\u00f3 kialak\u00edt\u00e1snak k\u00f6sz\u00f6nhet\u0151en. Az eredeti HP alkatr\u00e9szek kiv\u00e1laszt\u00e1s\u00e1val laptopja bels\u0151 szerkezet\u00e9nek min\u0151s\u00e9g\u00e9be \u00e9s megb\u00edzhat\u00f3s\u00e1g\u00e1ba fektet be.<\/p>\n<p>N\u00f6velje laptopja szerkezeti t\u00e1mogat\u00e1s\u00e1t \u00e9s \u00e9lettartam\u00e1t a ProBook 4510S-hez k\u00e9sz\u00fclt eredeti HP 535866-001 m\u0171anyag bor\u00edt\u00f3tart\u00f3val. \u00c9lvezze a tov\u00e1bbfejlesztett bels\u0151 t\u00e1mogat\u00e1st, a nagyobb tart\u00f3ss\u00e1got \u00e9s a jobb \u00e1ltal\u00e1nos laptopteljes\u00edtm\u00e9nyt. N\u00f6velje sz\u00e1m\u00edt\u00e1stechnikai \u00e9lm\u00e9ny\u00e9t ezzel a megb\u00edzhat\u00f3 \u00e9s hat\u00e9kony fed\u00e9ltart\u00f3val.<\/p>\n<p>V\u00e1s\u00e1rl\u00e1s el\u0151tt ellen\u0151rizze, hogy kompatibilis-e az adott laptopmodellj\u00e9vel.<\/p>\n","protected":false},"excerpt":{"rendered":"<p>Fokozza HP ProBook 4510S laptopja szerkezeti integrit\u00e1s\u00e1t az Eredeti HP 535866-001 m\u0171anyag bor\u00edt\u00f3tart\u00f3val. \u00c9lvezze a tov\u00e1bbfejlesztett bels\u0151 t\u00e1mogat\u00e1st \u00e9s a laptop alkatr\u00e9szeinek tart\u00f3ss\u00e1g\u00e1t.<\/p>\n","protected":false},"featured_media":1552,"template":"","meta":[],"product_brand":[],"product_cat":[16],"product_tag":[25],"class_list":{"0":"post-1472","1":"product","2":"type-product","3":"status-publish","4":"has-post-thumbnail","6":"product_cat-laptop-housing","7":"product_tag-hp","9":"first","10":"instock","11":"taxable","12":"shipping-taxable","13":"purchasable","14":"product-type-simple"},"_links":{"self":[{"href":"https:\/\/boreait.com\/hu\/wp-json\/wp\/v2\/product\/1472","targetHints":{"allow":["GET"]}}],"collection":[{"href":"https:\/\/boreait.com\/hu\/wp-json\/wp\/v2\/product"}],"about":[{"href":"https:\/\/boreait.com\/hu\/wp-json\/wp\/v2\/types\/product"}],"wp:featuredmedia":[{"embeddable":true,"href":"https:\/\/boreait.com\/hu\/wp-json\/wp\/v2\/media\/1552"}],"wp:attachment":[{"href":"https:\/\/boreait.com\/hu\/wp-json\/wp\/v2\/media?parent=1472"}],"wp:term":[{"taxonomy":"product_brand","embeddable":true,"href":"https:\/\/boreait.com\/hu\/wp-json\/wp\/v2\/product_brand?post=1472"},{"taxonomy":"product_cat","embeddable":true,"href":"https:\/\/boreait.com\/hu\/wp-json\/wp\/v2\/product_cat?post=1472"},{"taxonomy":"product_tag","embeddable":true,"href":"https:\/\/boreait.com\/hu\/wp-json\/wp\/v2\/product_tag?post=1472"}],"curies":[{"name":"wp","href":"https:\/\/api.w.org\/{rel}","templated":true}]}}