{"id":147,"date":"2025-09-17T09:22:20","date_gmt":"2025-09-17T07:22:20","guid":{"rendered":"https:\/\/boreait.com\/hu\/?post_type=product&#038;p=147"},"modified":"2025-09-17T09:22:39","modified_gmt":"2025-09-17T07:22:39","slug":"nanya-nt4gc64b8hg0ns-di-4gb-ddr3-laptop-ram-memoria","status":"publish","type":"product","link":"https:\/\/boreait.com\/hu\/termek\/nanya-nt4gc64b8hg0ns-di-4gb-ddr3-laptop-ram-memoria\/","title":{"rendered":"Nanya NT4GC64B8HG0NS-DI 4GB DDR3 laptop RAM mem\u00f3ria"},"content":{"rendered":"<p>A Nanya NT4GC64B8HG0NS-DI egy 4 GB-os DDR3 laptop RAM mem\u00f3riamodul. \u00dagy tervezt\u00e9k, hogy jav\u00edtsa a laptopok \u00e9s notebookok teljes\u00edtm\u00e9ny\u00e9t mem\u00f3riakapacit\u00e1suk n\u00f6vel\u00e9s\u00e9vel. A mem\u00f3riamodult a Nanya, egy vezet\u0151 mem\u00f3riagy\u00e1rt\u00f3 gy\u00e1rtja, amely t\u00f6bb mint 25 \u00e9ve m\u0171k\u00f6dik.<\/p>\n<p>A mem\u00f3riamodul \u00f3rajele 1333 MHz, ami gyors adat\u00e1tvitelt \u00e9s t\u00f6bbfeladatos munkav\u00e9gz\u00e9st tesz lehet\u0151v\u00e9. Alacsony, 1,5 V-os fesz\u00fclts\u00e9gre is tervezt\u00e9k, \u00edgy energiahat\u00e9kony \u00e9s cs\u00f6kkenti a h\u0151termel\u00e9st. A mem\u00f3riamodul a legt\u00f6bb DDR3-as laptoppal \u00e9s notebook-mal is kompatibilis, \u00edgy ide\u00e1lis friss\u00edt\u00e9si lehet\u0151s\u00e9g azoknak a felhaszn\u00e1l\u00f3knak, akik sz\u00e1m\u00edt\u00f3g\u00e9p\u00fck teljes\u00edtm\u00e9ny\u00e9t szeretn\u00e9k jav\u00edtani.<\/p>\n<p>A Nanya NT4GC64B8HG0NS-DI 4 GB DDR3 laptop RAM-mem\u00f3ria szint\u00e9n k\u00f6nnyen telep\u00edthet\u0151, a plug-and-play kialak\u00edt\u00e1snak k\u00f6sz\u00f6nhet\u0151en nincs sz\u00fcks\u00e9g speci\u00e1lis szersz\u00e1mokra vagy szaktud\u00e1sra. A modul kiv\u00e1l\u00f3 min\u0151s\u00e9g\u0171 anyagokb\u00f3l k\u00e9sz\u00fclt, \u00edgy biztos\u00edtva a tart\u00f3ss\u00e1g\u00e1t \u00e9s megb\u00edzhat\u00f3s\u00e1g\u00e1t. Emellett a Nanya korl\u00e1tozott \u00e9lettartam-garancia is t\u00e1mogatja, \u00edgy a felhaszn\u00e1l\u00f3k nyugodtak lehetnek a v\u00e1s\u00e1rl\u00e1s sor\u00e1n.<\/p>\n<p>\u00d6sszess\u00e9g\u00e9ben a Nanya NT4GC64B8HG0NS-DI 4 GB DDR3 laptop RAM mem\u00f3ria megb\u00edzhat\u00f3 \u00e9s nagy teljes\u00edtm\u00e9ny\u0171 mem\u00f3riamodul, amely n\u00f6velheti a laptopok \u00e9s notebookok teljes\u00edtm\u00e9ny\u00e9t.<\/p>\n","protected":false},"excerpt":{"rendered":"<p>A Nanya NT4GC64B8HG0NS-DI egy 4 GB-os DDR3 laptop RAM mem\u00f3riamodul, amelyet a laptopok \u00e9s notebookok mem\u00f3riakapacit\u00e1s\u00e1nak \u00e9s teljes\u00edtm\u00e9ny\u00e9nek n\u00f6vel\u00e9s\u00e9re terveztek. 1333 MHz-es \u00f3rajellel rendelkezik, \u00e9s alacsony, 1,5 V-os fesz\u00fclts\u00e9gen m\u0171k\u00f6dik, \u00edgy energiatakar\u00e9kos \u00e9s gyors. A modul egyszer\u0171en telep\u00edthet\u0151, plug-and-play kialak\u00edt\u00e1s\u00fa, \u00e9s kompatibilis a legt\u00f6bb DDR3-as laptoppal \u00e9s noteszg\u00e9ppel. Kiv\u00e1l\u00f3 min\u0151s\u00e9g\u0171 anyagokb\u00f3l gy\u00e1rtj\u00e1k, \u00e9s korl\u00e1tozott \u00e9lettartamra sz\u00f3l\u00f3 garanci\u00e1val rendelkezik, amely biztos\u00edtja a tart\u00f3ss\u00e1g\u00e1t \u00e9s megb\u00edzhat\u00f3s\u00e1g\u00e1t.<\/p>\n","protected":false},"featured_media":193,"template":"","meta":[],"product_brand":[],"product_cat":[37,36],"product_tag":[],"class_list":{"0":"post-147","1":"product","2":"type-product","3":"status-publish","4":"has-post-thumbnail","6":"product_cat-ddr3-ddr3l","7":"product_cat-ram-memory","9":"first","10":"instock","11":"taxable","12":"shipping-taxable","13":"purchasable","14":"product-type-simple"},"_links":{"self":[{"href":"https:\/\/boreait.com\/hu\/wp-json\/wp\/v2\/product\/147","targetHints":{"allow":["GET"]}}],"collection":[{"href":"https:\/\/boreait.com\/hu\/wp-json\/wp\/v2\/product"}],"about":[{"href":"https:\/\/boreait.com\/hu\/wp-json\/wp\/v2\/types\/product"}],"wp:featuredmedia":[{"embeddable":true,"href":"https:\/\/boreait.com\/hu\/wp-json\/wp\/v2\/media\/193"}],"wp:attachment":[{"href":"https:\/\/boreait.com\/hu\/wp-json\/wp\/v2\/media?parent=147"}],"wp:term":[{"taxonomy":"product_brand","embeddable":true,"href":"https:\/\/boreait.com\/hu\/wp-json\/wp\/v2\/product_brand?post=147"},{"taxonomy":"product_cat","embeddable":true,"href":"https:\/\/boreait.com\/hu\/wp-json\/wp\/v2\/product_cat?post=147"},{"taxonomy":"product_tag","embeddable":true,"href":"https:\/\/boreait.com\/hu\/wp-json\/wp\/v2\/product_tag?post=147"}],"curies":[{"name":"wp","href":"https:\/\/api.w.org\/{rel}","templated":true}]}}