{"id":1468,"date":"2025-09-17T10:02:28","date_gmt":"2025-09-17T08:02:28","guid":{"rendered":"https:\/\/boreait.com\/hu\/?post_type=product&#038;p=1468"},"modified":"2026-01-07T08:59:52","modified_gmt":"2026-01-07T07:59:52","slug":"dell-latitude-e5440-laptop-lcd-elulso-elolap-szerelveny-fekete-gkyw6-2","status":"publish","type":"product","link":"https:\/\/boreait.com\/hu\/termek\/dell-latitude-e5440-laptop-lcd-elulso-elolap-szerelveny-fekete-gkyw6-2\/","title":{"rendered":"Dell Latitude E5440 laptop LCD el\u00fcls\u0151 el\u0151lap szerelv\u00e9ny fekete GKYW6"},"content":{"rendered":"<p>N\u00f6velje Dell Latitude E5440 laptopja vizu\u00e1lis eszt\u00e9tik\u00e1j\u00e1t \u00e9s kijelz\u0151v\u00e9delm\u00e9t a Dell Latitude E5440 laptop LCD el\u0151lapi szerelv\u00e9nnyel, fekete GKYW6. \u00dagy tervezt\u00e9k, hogy z\u00f6kken\u0151mentesen szeg\u00e9lyezze a laptop kijelz\u0151j\u00e9t, ez az eredeti LCD el\u0151lap-szerelv\u00e9ny egy kis eleganci\u00e1t ad, mik\u00f6zben meg\u0151rzi laptopja k\u00e9perny\u0151j\u00e9nek szerkezeti integrit\u00e1s\u00e1t.<\/p>\n<p>A Dell, a sz\u00e1m\u00edt\u00e1stechnika megb\u00edzhat\u00f3 vezet\u0151 gy\u00e1rt\u00f3ja \u00e1ltal gy\u00e1rtott Dell Latitude E5440 laptop LCD el\u00fcls\u0151 el\u0151lap szerelv\u00e9ny, fekete GKYW6 \u00fagy lett kialak\u00edtva, hogy t\u00f6k\u00e9letesen kieg\u00e9sz\u00edtse laptopja kialak\u00edt\u00e1s\u00e1t \u00e9s kijelz\u0151j\u00e9t. A laptop k\u00fclsej\u00e9nek kulcsfontoss\u00e1g\u00fa elemek\u00e9nt ez az el\u0151lap-szerelv\u00e9ny gyakorlati el\u0151ny\u00f6ket \u00e9s fokozott vizu\u00e1lis megjelen\u00e9st k\u00edn\u00e1l.<\/p>\n<p>Ak\u00e1r munk\u00e1hoz, ak\u00e1r multim\u00e9di\u00e1hoz vagy sz\u00f3rakoz\u00e1shoz haszn\u00e1lja laptopj\u00e1t, ez az el\u0151lap-szerelv\u00e9ny eleg\u00e1ns \u00e9s professzion\u00e1lis megjelen\u00e9st biztos\u00edt a kijelz\u0151j\u00e9nek. Prec\u00edzi\u00f3s tervez\u00e9se garant\u00e1lja a biztons\u00e1gos illeszked\u00e9st \u00e9s a hat\u00e9kony kijelz\u0151v\u00e9delmet, hozz\u00e1j\u00e1rulva laptopja k\u00e9perny\u0151j\u00e9nek \u00e1ltal\u00e1nos tart\u00f3ss\u00e1g\u00e1hoz.<\/p>\n<p>A telep\u00edt\u00e9s egyszer\u0171 a laptop eredeti alkatr\u00e9szeihez igazod\u00f3 kialak\u00edt\u00e1snak k\u00f6sz\u00f6nhet\u0151en. Az eredeti Dell alkatr\u00e9szek kiv\u00e1laszt\u00e1s\u00e1val laptopja k\u00fcls\u0151 min\u0151s\u00e9g\u00e9be \u00e9s megb\u00edzhat\u00f3s\u00e1g\u00e1ba fektet be.<\/p>\n<p>Friss\u00edtse laptopja vizu\u00e1lis eszt\u00e9tik\u00e1j\u00e1t \u00e9s a kijelz\u0151 v\u00e9delm\u00e9t a Dell Latitude E5440 laptop LCD el\u0151lapi szerelv\u00e9nnyel, fekete GKYW6. \u00c9lvezze az eleg\u00e1ns \u00e9s pol\u00edrozott megjelen\u00e9st, a fokozott k\u00e9perny\u0151v\u00e9delmet \u00e9s a laptopok \u00e1ltal\u00e1nos megjelen\u00e9s\u00e9t. N\u00f6velje sz\u00e1m\u00edt\u00e1stechnikai \u00e9lm\u00e9ny\u00e9t ezzel a megb\u00edzhat\u00f3 \u00e9s hat\u00e9kony el\u0151lap-\u00f6ssze\u00e1ll\u00edt\u00e1ssal.<\/p>\n<p>V\u00e1s\u00e1rl\u00e1s el\u0151tt ellen\u0151rizze, hogy kompatibilis-e az adott laptopmodellj\u00e9vel.<\/p>\n","protected":false},"excerpt":{"rendered":"<p>Fokozza Dell Latitude E5440 laptopja vizu\u00e1lis eszt\u00e9tik\u00e1j\u00e1t \u00e9s a kijelz\u0151 v\u00e9delm\u00e9t a Dell Latitude E5440 laptop LCD el\u0151lapi szerelv\u00e9nnyel, fekete GKYW6. \u00c9lvezze laptopja kijelz\u0151j\u00e9nek kifinomult \u00e9s professzion\u00e1lis megjelen\u00e9s\u00e9t.<\/p>\n","protected":false},"featured_media":1536,"template":"","meta":[],"product_brand":[],"product_cat":[16],"product_tag":[17],"class_list":{"0":"post-1468","1":"product","2":"type-product","3":"status-publish","4":"has-post-thumbnail","6":"product_cat-laptop-housing","7":"product_tag-dell","9":"first","10":"instock","11":"taxable","12":"shipping-taxable","13":"purchasable","14":"product-type-simple"},"_links":{"self":[{"href":"https:\/\/boreait.com\/hu\/wp-json\/wp\/v2\/product\/1468","targetHints":{"allow":["GET"]}}],"collection":[{"href":"https:\/\/boreait.com\/hu\/wp-json\/wp\/v2\/product"}],"about":[{"href":"https:\/\/boreait.com\/hu\/wp-json\/wp\/v2\/types\/product"}],"wp:featuredmedia":[{"embeddable":true,"href":"https:\/\/boreait.com\/hu\/wp-json\/wp\/v2\/media\/1536"}],"wp:attachment":[{"href":"https:\/\/boreait.com\/hu\/wp-json\/wp\/v2\/media?parent=1468"}],"wp:term":[{"taxonomy":"product_brand","embeddable":true,"href":"https:\/\/boreait.com\/hu\/wp-json\/wp\/v2\/product_brand?post=1468"},{"taxonomy":"product_cat","embeddable":true,"href":"https:\/\/boreait.com\/hu\/wp-json\/wp\/v2\/product_cat?post=1468"},{"taxonomy":"product_tag","embeddable":true,"href":"https:\/\/boreait.com\/hu\/wp-json\/wp\/v2\/product_tag?post=1468"}],"curies":[{"name":"wp","href":"https:\/\/api.w.org\/{rel}","templated":true}]}}