{"id":146,"date":"2025-09-17T09:22:19","date_gmt":"2025-09-17T07:22:19","guid":{"rendered":"https:\/\/boreait.com\/hu\/?post_type=product&#038;p=146"},"modified":"2025-09-17T09:22:38","modified_gmt":"2025-09-17T07:22:38","slug":"dell-latitude-e6520-oem-ventilator-es-hutoborda-0gt9xp","status":"publish","type":"product","link":"https:\/\/boreait.com\/hu\/termek\/dell-latitude-e6520-oem-ventilator-es-hutoborda-0gt9xp\/","title":{"rendered":"Dell Latitude E6520 OEM ventil\u00e1tor \u00e9s h\u0171t\u0151borda 0GT9XP"},"content":{"rendered":"<p>A Dell Latitude E6520 OEM ventil\u00e1tor \u00e9s h\u0171t\u0151borda 0GT9XP a Dell Latitude E6520 laptophoz tervezett h\u0171t\u0151rendszer. Egy ventil\u00e1torb\u00f3l \u00e9s egy h\u0171t\u0151bord\u00e1b\u00f3l \u00e1ll, amelyek egy\u00fctt dolgoznak a laptop CPU-ja \u00e1ltal termelt h\u0151 elvezet\u00e9s\u00e9ben.<\/p>\n<p>A ventil\u00e1tor egy nagy teljes\u00edtm\u00e9ny\u0171, 4 t\u0171s ventil\u00e1tor, amely 4500 RPM sebess\u00e9ggel m\u0171k\u00f6dik. \u00dagy tervezt\u00e9k, hogy hat\u00e9kony h\u0171t\u00e9st biztos\u00edtson a laptop CPU-j\u00e1nak, biztos\u00edtva, hogy optim\u00e1lis h\u0151m\u00e9rs\u00e9kleten m\u0171k\u00f6dj\u00f6n. A ventil\u00e1tor viszonylag csendes, alacsony zajszintet produk\u00e1l m\u00e9g nagy fordulatsz\u00e1mon is.<\/p>\n<p>A h\u0171t\u0151borda kiv\u00e1l\u00f3 min\u0151s\u00e9g\u0171 alum\u00edniumb\u00f3l k\u00e9sz\u00fclt, \u00e9s nagy fel\u00fclettel rendelkezik, hogy maximaliz\u00e1lja a h\u0151elvezet\u00e9st. A h\u0171t\u0151bord\u00e1t \u00fagy tervezt\u00e9k, hogy k\u00f6zvetlen\u00fcl \u00e9rintkezzen a laptop CPU-j\u00e1val, \u00edgy gyorsan elnyeli \u00e9s elvezeti a h\u0151t a CPU-t\u00f3l. A h\u0171t\u0151bord\u00e1t bord\u00e1kkal \u00e9s csatorn\u00e1kkal is tervezt\u00e9k, amelyek n\u00f6velik a l\u00e9g\u00e1raml\u00e1st \u00e9s jav\u00edtj\u00e1k a h\u0171t\u00e9si teljes\u00edtm\u00e9nyt.<\/p>\n<p>\u00d6sszess\u00e9g\u00e9ben a Dell Latitude E6520 OEM ventil\u00e1tor \u00e9s h\u0171t\u0151borda 0GT9XP egy megb\u00edzhat\u00f3 \u00e9s hat\u00e9kony h\u0171t\u0151rendszer, amely seg\u00edt megel\u0151zni a t\u00falmeleged\u00e9st \u00e9s meghosszabb\u00edtja a laptop CPU-j\u00e1nak \u00e9lettartam\u00e1t.<\/p>\n","protected":false},"excerpt":{"rendered":"<p>A Dell Latitude E6520 OEM ventil\u00e1tor \u00e9s h\u0171t\u0151borda 0GT9XP egy ventil\u00e1torb\u00f3l \u00e9s h\u0171t\u0151bord\u00e1b\u00f3l \u00e1ll\u00f3 h\u0171t\u0151rendszer, amelyet a Dell Latitude E6520 laptop CPU-ja \u00e1ltal termelt h\u0151 hat\u00e9kony elvezet\u00e9s\u00e9re terveztek. A ventil\u00e1tor 4500 ford.\/perc fordulatsz\u00e1mmal m\u0171k\u00f6dik, \u00e9s viszonylag csendes, m\u00edg a h\u0171t\u0151borda kiv\u00e1l\u00f3 min\u0151s\u00e9g\u0171 alum\u00edniumb\u00f3l k\u00e9sz\u00fclt, \u00e9s nagy fel\u00fclettel rendelkezik, hogy maximaliz\u00e1lja a h\u0151elvezet\u00e9st. A ventil\u00e1tor \u00e9s a h\u0171t\u0151borda egy\u00fctt seg\u00edt megel\u0151zni a t\u00falmeleged\u00e9st \u00e9s meghosszabb\u00edtja a laptop CPU-j\u00e1nak \u00e9lettartam\u00e1t.<\/p>\n","protected":false},"featured_media":191,"template":"","meta":[],"product_brand":[],"product_cat":[33],"product_tag":[17],"class_list":{"0":"post-146","1":"product","2":"type-product","3":"status-publish","4":"has-post-thumbnail","6":"product_cat-cpu-fans-heatsinks","7":"product_tag-dell","9":"first","10":"instock","11":"taxable","12":"shipping-taxable","13":"purchasable","14":"product-type-simple"},"_links":{"self":[{"href":"https:\/\/boreait.com\/hu\/wp-json\/wp\/v2\/product\/146","targetHints":{"allow":["GET"]}}],"collection":[{"href":"https:\/\/boreait.com\/hu\/wp-json\/wp\/v2\/product"}],"about":[{"href":"https:\/\/boreait.com\/hu\/wp-json\/wp\/v2\/types\/product"}],"wp:featuredmedia":[{"embeddable":true,"href":"https:\/\/boreait.com\/hu\/wp-json\/wp\/v2\/media\/191"}],"wp:attachment":[{"href":"https:\/\/boreait.com\/hu\/wp-json\/wp\/v2\/media?parent=146"}],"wp:term":[{"taxonomy":"product_brand","embeddable":true,"href":"https:\/\/boreait.com\/hu\/wp-json\/wp\/v2\/product_brand?post=146"},{"taxonomy":"product_cat","embeddable":true,"href":"https:\/\/boreait.com\/hu\/wp-json\/wp\/v2\/product_cat?post=146"},{"taxonomy":"product_tag","embeddable":true,"href":"https:\/\/boreait.com\/hu\/wp-json\/wp\/v2\/product_tag?post=146"}],"curies":[{"name":"wp","href":"https:\/\/api.w.org\/{rel}","templated":true}]}}